{"id":464,"date":"2017-10-18T17:22:45","date_gmt":"2017-10-18T15:22:45","guid":{"rendered":"https:\/\/www.hsu-hh.de\/ant\/?page_id=464"},"modified":"2019-10-22T15:19:06","modified_gmt":"2019-10-22T13:19:06","slug":"wah-wah-simulation","status":"publish","type":"page","link":"https:\/\/www.hsu-hh.de\/ant\/mitarbeiter\/martin-holters\/wah-wah-simulation","title":{"rendered":"Wah-Wah-Simulation"},"content":{"rendered":"<div class=\"header_info\">\n<h2>Der Wah-Wah-Effekt<\/h2>\n<p>Der Wah-Wah-Effect ist ein klassischer Gitarreneffekt. Er besteht aus einem Peak-Filter, dessen Mittenfrequenz mit einem Fu\u00dfpedal verschoben werden kann. Durch Vor- und Zur\u00fcckwippen des Pedals entsteht ein Sound \u00e4hnlich der Modulation, die der menschliche Vokaltrakt hervorruft, was dem Effekt seinen Namen gegeben hat.<\/p>\n<h2>Herausforderungen in der Simulation<\/h2>\n<p>Ein wesentlicher Unterschied zwischen dem Wah-Wah und den meisten anderen Effekten ist, dass die kontinuierliche \u00c4nderung des Steuerparameters integraler Bestandteil des Effekts ist. Dies stellt eine besondere Herausforderung f\u00fcr ein physikalisches Modell dar, da es die st\u00e4ndige Neuberechnung der Koeffizienten erforderlich macht. Eine m\u00f6gliche Abhilfe wurde auf der DAFx 2011 pr\u00e4sentiert, bei der ein systematischer Ansatz vorgeschlagen wurde, die notwendigen Neuberechnungen auf ein Minimum zu reduzieren (siehe das Paper).<\/p>\n<h2>Beispiele<\/h2>\n<p>Original:<\/p>\n<audio class=\"wp-audio-shortcode\" id=\"audio-464-1\" preload=\"none\" style=\"width: 100%;\" controls=\"controls\"><source type=\"audio\/wav\" src=\"https:\/\/www.hsu-hh.de\/ant\/wp-content\/uploads\/sites\/699\/2017\/10\/example_in-1.wav?_=1\" \/><a href=\"https:\/\/www.hsu-hh.de\/ant\/wp-content\/uploads\/sites\/699\/2017\/10\/example_in-1.wav\">https:\/\/www.hsu-hh.de\/ant\/wp-content\/uploads\/sites\/699\/2017\/10\/example_in-1.wav<\/a><\/audio>\n<p>Mit Wah-Wah-Simulation bearbeitet:<\/p>\n<audio class=\"wp-audio-shortcode\" id=\"audio-464-2\" preload=\"none\" style=\"width: 100%;\" controls=\"controls\"><source type=\"audio\/wav\" src=\"https:\/\/www.hsu-hh.de\/ant\/wp-content\/uploads\/sites\/699\/2017\/10\/example_out.wav?_=2\" \/><a href=\"https:\/\/www.hsu-hh.de\/ant\/wp-content\/uploads\/sites\/699\/2017\/10\/example_out.wav\">https:\/\/www.hsu-hh.de\/ant\/wp-content\/uploads\/sites\/699\/2017\/10\/example_out.wav<\/a><\/audio>\n<h2>Das Plugin<\/h2>\n<p>Der entwickelte Algorithmus ist als LV2-Plugin implementiert worden, dessen Quelltext als <span lang=\"en\" xml:lang=\"en\">Download<\/span> zur Verf\u00fcgung steht:<\/p>\n<div class=\"col-xs-12 downloads-item\">\n<div class=\"row border-line\">\n<div class=\"thumbnail-area\"><img decoding=\"async\" class=\"download-image\" src=\"\/wp-content\/themes\/hsu\/img\/dummy\/downloads_dummy.png\" alt=\"\" \/><\/div>\n<div class=\"text-area\"><span class=\"download-text\">Quellcode der Wah-Wah-Simulation als LV2-PLugin, Version 1.2<\/span><\/div>\n<div class=\"download-area\"><a class=\"download-link\" href=\"https:\/\/www.hsu-hh.de\/ant\/wp-content\/uploads\/sites\/699\/2017\/10\/crybaby-1.2.zip\"><span class=\"download-name\">zip laden<\/span><span class=\"donwload-icon\"><img decoding=\"async\" class=\"download-icon\" src=\"\/wp-content\/themes\/hsu\/img\/icons\/download_icon.png\" alt=\"download icon\" \/><\/span><span class=\"download-size\">327 KB<\/span><\/a><\/div>\n<\/div>\n<\/div>\n<div class=\"col-xs-12 downloads-item\">\n<div class=\"row border-line\">\n<div class=\"thumbnail-area\"><img decoding=\"async\" class=\"download-image\" src=\"\/wp-content\/themes\/hsu\/img\/dummy\/downloads_dummy.png\" alt=\"\" \/><\/div>\n<div class=\"text-area\"><span class=\"download-text\">Quellcode der Wah-Wah-Simulation als LV2-PLugin, Version 1.1<\/span><\/div>\n<div class=\"download-area\"><a class=\"download-link\" href=\"https:\/\/www.hsu-hh.de\/ant\/wp-content\/uploads\/sites\/699\/2017\/10\/crybaby-1.1.zip\"><span class=\"download-name\">zip laden<\/span><span class=\"donwload-icon\"><img decoding=\"async\" class=\"download-icon\" src=\"\/wp-content\/themes\/hsu\/img\/icons\/download_icon.png\" alt=\"download icon\" \/><\/span><span class=\"download-size\">345 KB<\/span><\/a><\/div>\n<\/div>\n<\/div>\n<div class=\"col-xs-12 downloads-item\">\n<div class=\"row border-line\">\n<div class=\"thumbnail-area\"><img decoding=\"async\" class=\"download-image\" src=\"\/wp-content\/themes\/hsu\/img\/dummy\/downloads_dummy.png\" alt=\"\" \/><\/div>\n<div class=\"text-area\"><span class=\"download-text\">Quellcode der Wah-Wah-Simulation als LV2-PLugin, Version 1.0<\/span><\/div>\n<div class=\"download-area\"><a class=\"download-link\" href=\"https:\/\/www.hsu-hh.de\/ant\/wp-content\/uploads\/sites\/699\/2017\/10\/crybaby-1.0.zip\"><span class=\"download-name\">zip laden<\/span><span class=\"donwload-icon\"><img decoding=\"async\" class=\"download-icon\" src=\"\/wp-content\/themes\/hsu\/img\/icons\/download_icon.png\" alt=\"download icon\" \/><\/span><span class=\"download-size\">345 KB<\/span><\/a><\/div>\n<\/div>\n<\/div>\n<p>&nbsp;<\/p>\n<\/div>\n","protected":false},"excerpt":{"rendered":"<p>Der Wah-Wah-Effekt Der Wah-Wah-Effect ist ein klassischer Gitarreneffekt. Er besteht aus einem Peak-Filter, dessen Mittenfrequenz mit einem Fu\u00dfpedal verschoben werden kann. Durch Vor- und Zur\u00fcckwippen des Pedals entsteht ein Sound [&hellip;]<\/p>\n","protected":false},"author":113,"featured_media":0,"parent":108,"menu_order":0,"comment_status":"closed","ping_status":"closed","template":"","meta":{"footnotes":""},"categories":[4],"tags":[],"class_list":["post-464","page","type-page","status-publish","hentry","category-forschung"],"_links":{"self":[{"href":"https:\/\/www.hsu-hh.de\/ant\/wp-json\/wp\/v2\/pages\/464","targetHints":{"allow":["GET"]}}],"collection":[{"href":"https:\/\/www.hsu-hh.de\/ant\/wp-json\/wp\/v2\/pages"}],"about":[{"href":"https:\/\/www.hsu-hh.de\/ant\/wp-json\/wp\/v2\/types\/page"}],"author":[{"embeddable":true,"href":"https:\/\/www.hsu-hh.de\/ant\/wp-json\/wp\/v2\/users\/113"}],"replies":[{"embeddable":true,"href":"https:\/\/www.hsu-hh.de\/ant\/wp-json\/wp\/v2\/comments?post=464"}],"version-history":[{"count":7,"href":"https:\/\/www.hsu-hh.de\/ant\/wp-json\/wp\/v2\/pages\/464\/revisions"}],"predecessor-version":[{"id":480,"href":"https:\/\/www.hsu-hh.de\/ant\/wp-json\/wp\/v2\/pages\/464\/revisions\/480"}],"up":[{"embeddable":true,"href":"https:\/\/www.hsu-hh.de\/ant\/wp-json\/wp\/v2\/pages\/108"}],"wp:attachment":[{"href":"https:\/\/www.hsu-hh.de\/ant\/wp-json\/wp\/v2\/media?parent=464"}],"wp:term":[{"taxonomy":"category","embeddable":true,"href":"https:\/\/www.hsu-hh.de\/ant\/wp-json\/wp\/v2\/categories?post=464"},{"taxonomy":"post_tag","embeddable":true,"href":"https:\/\/www.hsu-hh.de\/ant\/wp-json\/wp\/v2\/tags?post=464"}],"curies":[{"name":"wp","href":"https:\/\/api.w.org\/{rel}","templated":true}]}}