{"id":325,"date":"2017-10-12T15:32:22","date_gmt":"2017-10-12T13:32:22","guid":{"rendered":"https:\/\/www.hsu-hh.de\/ant\/?page_id=325"},"modified":"2019-10-22T15:16:23","modified_gmt":"2019-10-22T13:16:23","slug":"digitale-audiosignalverarbeitung","status":"publish","type":"page","link":"https:\/\/www.hsu-hh.de\/ant\/publikationen\/digitale-audiosignalverarbeitung","title":{"rendered":"Digitale Audiosignalverarbeitung"},"content":{"rendered":"<h3><img loading=\"lazy\" decoding=\"async\" class=\"alignleft wp-image-293\" src=\"https:\/\/www.hsu-hh.de\/ant\/wp-content\/uploads\/sites\/699\/2017\/10\/DASV_book_cover.jpg\" alt=\"Digitale Audiosignalverarbeitung (Buchdeckel)\" width=\"107\" height=\"150\" \/>Udo Z\u00f6lzer: Digitale Audiosignalverarbeitung<\/h3>\n<p>Neu: 3. vollst. \u00fcberarbeitete Auflage, 2005<br \/>\nXIV, 328 S. Mit 322 Abb. u. 31 Tab., broschiert<br \/>\n<abbr title=\"International Standard Book Number\">ISBN<\/abbr>: 3-519-26180-4<\/p>\n<p>&nbsp;<\/p>\n<h3><\/h3>\n<h3>Inhalt<\/h3>\n<ul>\n<li>Einf\u00fchrung (Studiotechnik, digitale \u00dcbertragungsverfahren, Speichermedien, Audio-Komponenten im Heimbereich)<\/li>\n<li>Quantisierung (Signalquantisierung, Dither-Techniken, Spektralformung von Quantisierungsfehlern, Zahlendarstellung)<\/li>\n<li>AD\/DA-Umsetzung (Grundlagen, Verfahren, AD-Umsetzer, DA-Umsetzer)<\/li>\n<li>Audio-Verarbeitungssysteme (Digitale Signalprozessoren, Ein-\/Mehrprozessorsysteme, digitale Audio-Interfaces)<\/li>\n<li>Klangbewertungsfilter (Rekursive Audio-Filter, Nichtrekursive Audio-Filter, Filterb\u00e4nke)<\/li>\n<li>Raumsimulation (erste Reflexionen, diffuser Nachhall, R\u00fcckkopplungsstrukturen, Approximation von Raumimpulsantworten)<\/li>\n<li>Dynamikbeeinflussung (Grundlagen, statische Kennlinie, dynamische Eigenschaften, Realisierungsaspekte)<\/li>\n<li>Abtastratenumsetzung (Grundlagen, synchrone Umsetzung, asynchrone Umsetzung, Interpolationsverfahren)<\/li>\n<li>Audio-Codierung (Verlustlose\/verlustbehaftete Audio-Codierung, psychoakustische Grundlagen, MPEG-1, MPEG-2, MPEG-4\u00a0Audio-Codierung)<\/li>\n<\/ul>\n<p>&nbsp;<\/p>\n<p>Begleitende \u00dcbungsaufgaben und Matlab-Skripte finden Sie auf der Seite der <a href=\"https:\/\/www.hsu-hh.de\/ant\/en\/digital-audio-signal-processing\/\">englischsprachigen Ausgabe<\/a>.<\/p>\n","protected":false},"excerpt":{"rendered":"<p>Udo Z\u00f6lzer: Digitale Audiosignalverarbeitung Neu: 3. vollst. \u00fcberarbeitete Auflage, 2005 XIV, 328 S. Mit 322 Abb. u. 31 Tab., broschiert ISBN: 3-519-26180-4 &nbsp; Inhalt Einf\u00fchrung (Studiotechnik, digitale \u00dcbertragungsverfahren, Speichermedien, Audio-Komponenten [&hellip;]<\/p>\n","protected":false},"author":114,"featured_media":0,"parent":866,"menu_order":0,"comment_status":"closed","ping_status":"closed","template":"","meta":{"footnotes":""},"categories":[42],"tags":[],"class_list":["post-325","page","type-page","status-publish","hentry","category-publikationen"],"_links":{"self":[{"href":"https:\/\/www.hsu-hh.de\/ant\/wp-json\/wp\/v2\/pages\/325","targetHints":{"allow":["GET"]}}],"collection":[{"href":"https:\/\/www.hsu-hh.de\/ant\/wp-json\/wp\/v2\/pages"}],"about":[{"href":"https:\/\/www.hsu-hh.de\/ant\/wp-json\/wp\/v2\/types\/page"}],"author":[{"embeddable":true,"href":"https:\/\/www.hsu-hh.de\/ant\/wp-json\/wp\/v2\/users\/114"}],"replies":[{"embeddable":true,"href":"https:\/\/www.hsu-hh.de\/ant\/wp-json\/wp\/v2\/comments?post=325"}],"version-history":[{"count":2,"href":"https:\/\/www.hsu-hh.de\/ant\/wp-json\/wp\/v2\/pages\/325\/revisions"}],"predecessor-version":[{"id":853,"href":"https:\/\/www.hsu-hh.de\/ant\/wp-json\/wp\/v2\/pages\/325\/revisions\/853"}],"up":[{"embeddable":true,"href":"https:\/\/www.hsu-hh.de\/ant\/wp-json\/wp\/v2\/pages\/866"}],"wp:attachment":[{"href":"https:\/\/www.hsu-hh.de\/ant\/wp-json\/wp\/v2\/media?parent=325"}],"wp:term":[{"taxonomy":"category","embeddable":true,"href":"https:\/\/www.hsu-hh.de\/ant\/wp-json\/wp\/v2\/categories?post=325"},{"taxonomy":"post_tag","embeddable":true,"href":"https:\/\/www.hsu-hh.de\/ant\/wp-json\/wp\/v2\/tags?post=325"}],"curies":[{"name":"wp","href":"https:\/\/api.w.org\/{rel}","templated":true}]}}