{"id":247,"date":"2017-10-12T14:43:26","date_gmt":"2017-10-12T12:43:26","guid":{"rendered":"https:\/\/www.hsu-hh.de\/ant\/?page_id=247"},"modified":"2021-04-19T10:08:29","modified_gmt":"2021-04-19T08:08:29","slug":"lehre","status":"publish","type":"page","link":"https:\/\/www.hsu-hh.de\/ant\/lehre","title":{"rendered":"Lehre"},"content":{"rendered":"<h2>Vorlesungen und Praktika<\/h2>\n<h3>Digitale Signalverarbeitung<\/h3>\n<p>4 TWS Vorlesung<br \/>\n2 TWS \u00dcbung<br \/>\n3 TWS Praktikum<\/p>\n<h3>Inhalts\u00fcbersicht<\/h3>\n<ul>\n<li>Einf\u00fchrung in Signale und Kommunikationssysteme<\/li>\n<li>Zeitkontinuierliche Signale<\/li>\n<li>Zeitkontinuierliche Systeme<\/li>\n<li>Fourier-Transformation<\/li>\n<li>Beschreibung kontinuierlicher Signale und LTI-Systeme im Frequenzbereich<\/li>\n<li>Laplace-Transformation<\/li>\n<li>Beschreibung kontinuierlicher LTI-Systeme mit der Laplace-Transformation<\/li>\n<li>Signalabtastung und Rekonstruktion<\/li>\n<li>Zeitdiskrete Signale und zeitdiskrete Fourier-Transformation<\/li>\n<li>Z-Transformation<\/li>\n<li>Zeitdiskrete Systeme<\/li>\n<li>Diskrete Fourier-Transformation (DFT)<\/li>\n<\/ul>\n<p><a href=\"https:\/\/ilias.hsu-hh.de\/goto.php?target=crs_164660&amp;client_id=unibw\" rel='nofollow'>Unterlagen in ILIAS<\/a><\/p>\n<h3>Kommunikationssysteme<\/h3>\n<p>4 TWS Vorlesung<br \/>\n2 TWS \u00dcbung<br \/>\n3 TWS Praktikum<\/p>\n<h3>Inhalts\u00fcbersicht<\/h3>\n<ul>\n<li>Stochastische\u00a0Prozesse<\/li>\n<li>Bandpass-Signale\u00a0und\u00a0Bandpass-Systeme<\/li>\n<li>\u00dcbertragungskan\u00e4le<\/li>\n<li>Analoge\u00a0Bandpass-\u00dcbertragung\u00a0(AM)<\/li>\n<li>Analoge\u00a0Bandpass-\u00dcbertragung\u00a0(FM)<\/li>\n<li>Digitalisierung\u00a0analoger\u00a0Signale<\/li>\n<li>Digitale\u00a0Basisband-\u00dcbertragung\u00a0I<\/li>\n<li>Digitale\u00a0Basisband-\u00dcbertragung\u00a0II<\/li>\n<li>Digitale\u00a0Bandpass-\u00dcbertragung\u00a0I<\/li>\n<li>Digitale\u00a0Bandpass-\u00dcbertragung\u00a0II<\/li>\n<li>Digitale\u00a0Multitr\u00e4ger-\u00dcbertragung<\/li>\n<li>Digitale\u00a0Bandspreiz-\u00dcbertragung<\/li>\n<\/ul>\n<p><a href=\"https:\/\/ilias.hsu-hh.de\/goto.php?target=crs_176922&amp;client_id=unibw\" rel='nofollow'>Unterlagen in ILIAS<\/a><\/p>\n<h3>Digital Communication Systems<\/h3>\n<p>2 TWS Vorlesung<br \/>\n1 TWS \u00dcbung<\/p>\n<h3>Inhalts\u00fcbersicht<\/h3>\n<ul>\n<li>Introduction to Digital Communication Systems<\/li>\n<li>Physical Layer<\/li>\n<li>Data Link Layer<\/li>\n<li>Network Layer<\/li>\n<li>Transport Layer<\/li>\n<li>Multimedia Communication<\/li>\n<li>Secure Communication<\/li>\n<li>Satellite Communication<\/li>\n<li>Mobile Communication<\/li>\n<li>Military Communication<\/li>\n<\/ul>\n<p><a href=\"https:\/\/ilias.hsu-hh.de\/goto.php?target=crs_164852&amp;client_id=unibw\" rel='nofollow'>Unterlagen in ILIAS<\/a><\/p>\n<h3>Digitale Filter<\/h3>\n<p>2 TWS Vorlesung<br \/>\n2 TWS \u00dcbung<\/p>\n<h3>Inhalts\u00fcbersicht<\/h3>\n<ul>\n<li>Einf\u00fchrung<\/li>\n<li>FIR-Filterstrukturen<\/li>\n<li>FIR-Filterentwurf<\/li>\n<li>IIR-Filterstrukturen<\/li>\n<li>IIR-Filterentwurf<\/li>\n<li>Adaptive Filter<\/li>\n<li>Multiraten-Signalverarbeitung<\/li>\n<\/ul>\n<p><a href=\"https:\/\/ilias.hsu-hh.de\/goto.php?target=crs_164561&amp;client_id=unibw\" rel='nofollow'>Unterlagen in Ilias<\/a><\/p>\n<h3>Multimedia-Signalverarbeitung<\/h3>\n<p>2 TWS Vorlesung<br \/>\n2 TWS \u00dcbung<\/p>\n<h3>Inhalts\u00fcbersicht<\/h3>\n<ul>\n<li>Grundlagen der Audio-Signalverarbeitung<\/li>\n<li>Audio-Algorithmen<\/li>\n<li>Audio-Codierung<\/li>\n<li>Grundlagen der Video-Signalverarbeitung<\/li>\n<li>Video-Algorithmen<\/li>\n<li>Video-Codierung<\/li>\n<\/ul>\n<p><a href=\"https:\/\/ilias.hsu-hh.de\/goto.php?target=crs_164744&amp;client_id=unibw\" rel='nofollow'>Unterlagen in ILIAS<\/a><\/p>\n<h3>Informations- und Codierungstheorie<\/h3>\n<p>2 TWS Vorlesung<\/p>\n<h3>Inhalts\u00fcbersicht<\/h3>\n<ul>\n<li>Einf\u00fchrung<\/li>\n<li>Entropie von einfachen Quellen und Verbundquellen<\/li>\n<li>Grundlagen der Quellcodierung, erstes Shannonsches Codierungstheorem<\/li>\n<li>Huffmann-Codierung als Beispiel eines optimalen Codes<\/li>\n<li>Transinformation und Kanalkapazit\u00e4t, zweites Shannonsches Codierungstheorem<\/li>\n<li>lineare Block-Codes: Hamming-Codes, LDPC-Codes<\/li>\n<li>zyklische Codes: BCH-Codes<\/li>\n<li>Faltungs-Codes<\/li>\n<li>Turbo-Codes<\/li>\n<\/ul>\n<p><a href=\"https:\/\/ilias.hsu-hh.de\/goto.php?target=crs_207263&amp;client_id=unibw\" rel='nofollow'>Unterlagen in Ilias<\/a><\/p>\n<h3>Kryptologie<\/h3>\n<p>2 TWS Vorlesung<br \/>\n2 TWS \u00dcbung<\/p>\n<h3>Inhalts\u00fcbersicht<\/h3>\n<ul>\n<li>Einf\u00fchrung, Begriffe, Prinzipien<\/li>\n<li>Klassische Substitutions- und Transpositions-Verfahren<\/li>\n<li>Angriffsm\u00f6glichkeiten, Kryptanalyse<\/li>\n<li>ENIGMA: Funktionsweise und Schwachstellen<\/li>\n<li>Public-Key-Kryptographie<\/li>\n<li>Aktuelle Verschl\u00fcsselungsverfahren (\u00dcbersicht)<\/li>\n<\/ul>\n<p><a href=\"https:\/\/ilias.hsu-hh.de\/goto.php?target=crs_164565&amp;client_id=unibw\" rel='nofollow'>Unterlagen in Ilias<\/a><\/p>\n<h3>Digital Audio Signal Processing (DASP)<\/h3>\n<p>2 SWS Vorlesung<br \/>\n1 SWS \u00dcbung<br \/>\n1 SWS Matlab Praktikum<\/p>\n<h3>Inhalts\u00fcbersicht<\/h3>\n<ul>\n<li>Quantization, Dither and Noise Shaping<\/li>\n<li>AD\/DA Conversion<\/li>\n<li>Audio Filters and Fast Convolution<\/li>\n<li>Room Simulation<\/li>\n<li>Dynamic Range Control<\/li>\n<li>Sampling Rate Conversion<\/li>\n<li>Audio Coding<\/li>\n<\/ul>\n<h3>Informationstechnisches Projekt<\/h3>\n<p>1 TWS Vorlesung<br \/>\n3 TWS Praktikum<\/p>\n<h3>Inhalts\u00fcbersicht<\/h3>\n<p>In diesem Modul wird die praxisbezogene Anwendung verschiedener Entwicklungs-Soft- und Hardwaretools der Informationstechnik in fachspezifischen Projekten ge\u00fcbt. Hierzu werden in den Bereichen der Informationstechnik:<\/p>\n<ul>\n<li>Signalgewinnung<\/li>\n<li>Signal\u00fcbertragung<\/li>\n<li>Digitale Signalverarbeitung<\/li>\n<li>Signalauswertung<\/li>\n<\/ul>\n<p>die Vorgehensweisen vom Entwurf bis zur Realisierung einens Systems in der Praxis vermittelt und insbesondere praktisch vertieft. Hierbei werden auch die Vorgehensweisen in verschiedenen Fertigungstechniken mit unterschiedlichen Integrationsgraden ber\u00fccksichtigt.<\/p>\n<h2>Weiterf\u00fchrende Materialien<\/h2>\n<p><a href=\"https:\/\/hsu-ant.github.io\/jsdafx\/\" rel='nofollow'>Digitale Audio-Effekte in JavaScript<\/a><\/p>\n<h2>Bachelor-, Studien- und Masterarbeiten<\/h2>\n<p>Die Arbeiten orientieren sich an den aktuellen Projekten. Bitte wenden Sie sich bei Interesse direkt an die entsprechenden Mitarbeiter welche in der <a href=\"https:\/\/www.hsu-hh.de\/ant\/forschung\/\">\u00dcbersicht der Forschungsprojekte<\/a> aufgef\u00fchrt sind.<\/p>\n","protected":false},"excerpt":{"rendered":"<p>Vorlesungen und Praktika Digitale Signalverarbeitung 4 TWS Vorlesung 2 TWS \u00dcbung 3 TWS Praktikum Inhalts\u00fcbersicht Einf\u00fchrung in Signale und Kommunikationssysteme Zeitkontinuierliche Signale Zeitkontinuierliche Systeme Fourier-Transformation Beschreibung kontinuierlicher Signale und LTI-Systeme [&hellip;]<\/p>\n","protected":false},"author":114,"featured_media":0,"parent":0,"menu_order":0,"comment_status":"closed","ping_status":"closed","template":"","meta":{"footnotes":""},"categories":[6],"tags":[],"class_list":["post-247","page","type-page","status-publish","hentry","category-lehre"],"_links":{"self":[{"href":"https:\/\/www.hsu-hh.de\/ant\/wp-json\/wp\/v2\/pages\/247","targetHints":{"allow":["GET"]}}],"collection":[{"href":"https:\/\/www.hsu-hh.de\/ant\/wp-json\/wp\/v2\/pages"}],"about":[{"href":"https:\/\/www.hsu-hh.de\/ant\/wp-json\/wp\/v2\/types\/page"}],"author":[{"embeddable":true,"href":"https:\/\/www.hsu-hh.de\/ant\/wp-json\/wp\/v2\/users\/114"}],"replies":[{"embeddable":true,"href":"https:\/\/www.hsu-hh.de\/ant\/wp-json\/wp\/v2\/comments?post=247"}],"version-history":[{"count":29,"href":"https:\/\/www.hsu-hh.de\/ant\/wp-json\/wp\/v2\/pages\/247\/revisions"}],"predecessor-version":[{"id":2032,"href":"https:\/\/www.hsu-hh.de\/ant\/wp-json\/wp\/v2\/pages\/247\/revisions\/2032"}],"wp:attachment":[{"href":"https:\/\/www.hsu-hh.de\/ant\/wp-json\/wp\/v2\/media?parent=247"}],"wp:term":[{"taxonomy":"category","embeddable":true,"href":"https:\/\/www.hsu-hh.de\/ant\/wp-json\/wp\/v2\/categories?post=247"},{"taxonomy":"post_tag","embeddable":true,"href":"https:\/\/www.hsu-hh.de\/ant\/wp-json\/wp\/v2\/tags?post=247"}],"curies":[{"name":"wp","href":"https:\/\/api.w.org\/{rel}","templated":true}]}}