{"id":232,"date":"2017-10-12T15:24:43","date_gmt":"2017-10-12T13:24:43","guid":{"rendered":"https:\/\/www.hsu-hh.de\/ant\/?page_id=232"},"modified":"2024-01-11T17:16:46","modified_gmt":"2024-01-11T16:16:46","slug":"etienne-gerat","status":"publish","type":"page","link":"https:\/\/www.hsu-hh.de\/ant\/mitarbeiter\/etienne-gerat","title":{"rendered":"M.Sc. Etienne Gerat"},"content":{"rendered":"<div class=\"ansprechparter-container\">\n<div class=\"row ansprechpartner-item ansprechparter-header\">\n<div class=\"col-md-4 col-lg-3 col-xs-4 ansprechpartner-item floatright img-circle center-block\" style=\"margin-bottom: 30px\">\u00a0<img loading=\"lazy\" decoding=\"async\" class=\"alignnone wp-image-2429\" src=\"https:\/\/www.hsu-hh.de\/ant\/wp-content\/uploads\/sites\/699\/2024\/01\/me_pro-265x300.jpg\" alt=\"\" width=\"233\" height=\"264\" srcset=\"https:\/\/www.hsu-hh.de\/ant\/wp-content\/uploads\/sites\/699\/2024\/01\/me_pro-265x300.jpg 265w, https:\/\/www.hsu-hh.de\/ant\/wp-content\/uploads\/sites\/699\/2024\/01\/me_pro-903x1024.jpg 903w, https:\/\/www.hsu-hh.de\/ant\/wp-content\/uploads\/sites\/699\/2024\/01\/me_pro-768x871.jpg 768w, https:\/\/www.hsu-hh.de\/ant\/wp-content\/uploads\/sites\/699\/2024\/01\/me_pro-1355x1536.jpg 1355w, https:\/\/www.hsu-hh.de\/ant\/wp-content\/uploads\/sites\/699\/2024\/01\/me_pro-1806x2048.jpg 1806w, https:\/\/www.hsu-hh.de\/ant\/wp-content\/uploads\/sites\/699\/2024\/01\/me_pro-1100x1247.jpg 1100w, https:\/\/www.hsu-hh.de\/ant\/wp-content\/uploads\/sites\/699\/2024\/01\/me_pro.jpg 1859w\" sizes=\"auto, (max-width: 233px) 100vw, 233px\" \/><\/div>\n<div class=\"col-md-12 col-lg-3 col-xs-12 ansprechpartner-item kontakt floatright\" style=\"margin-bottom: 30px\">\n<div class=\"row\">\n<div class=\"col-xs-12 col-sm-6 col-lg-12\">\n<div class=\"row\">\n<div class=\"col-xs-12 col-lg-4 row-text bold\">Raum:<\/div>\n<div class=\"col-xs-12 col-lg-8 row-text\">H1 &#8211; 2417<\/div>\n<\/div>\n<\/div>\n<div class=\"col-xs-12 col-sm-6 col-lg-12\">\n<div class=\"row\">\n<div class=\"col-xs-12 col-lg-4 row-text bold\">Telefon:<\/div>\n<div class=\"col-xs-12 col-lg-8 row-text\">+49-40-6541-2659<\/div>\n<\/div>\n<\/div>\n<div class=\"col-xs-12 col-sm-6 col-lg-12\">\n<div class=\"row\">\n<div class=\"col-xs-12 col-md-12 row-text bold\">Email:<\/div>\n<div class=\"col-xs-12 col-md-12 row-text\"><a href=\"e.gerat@hsu-hh.de\" rel='nofollow'>e.gerat@hsu-hh.de<\/a><\/div>\n<\/div>\n<\/div>\n<\/div>\n<\/div>\n<div class=\"col-md-6 col-lg-3 col-xs-12 ansprechpartner-item anschrift floatright\">\n<div class=\"row-headline\">Besucheranschrift<\/div>\n<div class=\"row-text\">Helmut-Schmidt-Universit\u00e4t<\/div>\n<div class=\"row-text\">Geb\u00e4ude H1<\/div>\n<div class=\"row-text\">Holstenhofweg 85<\/div>\n<div class=\"row-text\">22043 Hamburg<\/div>\n<\/div>\n<div class=\"col-md-6 col-lg-3 col-xs-12 ansprechpartner-item anschrift floatright\">\n<div class=\"row-headline\">Postanschrift<\/div>\n<div class=\"row-text\">Helmut-Schmidt-Universit\u00e4t<\/div>\n<div class=\"row-text\">Fakult\u00e4t f\u00fcr Elektrotechnik<\/div>\n<div class=\"row-text\">Allgemeine Nachrichtentechnik<\/div>\n<div class=\"row-text\">Postfach 70 08 22<\/div>\n<div class=\"row-text\">22008 Hamburg<\/div>\n<\/div>\n<\/div>\n<\/div>\n<div class=\"clearfix\"><\/div>\n<div class=\"clearfix\">\n<h3>Forschung<\/h3>\n<ul>\n<li>Vermessung &amp; Modellierung von analogen Audioger\u00e4ten durch digitale Signalverarbeitung<\/li>\n<\/ul>\n<p><img loading=\"lazy\" decoding=\"async\" class=\"aligncenter wp-image-234\" src=\"https:\/\/www.hsu-hh.de\/ant\/wp-content\/uploads\/sites\/699\/2017\/10\/Gray-Box-Modeling-1024x524.png\" alt=\"Gray Box Modeling\" width=\"800\" height=\"409\" srcset=\"https:\/\/www.hsu-hh.de\/ant\/wp-content\/uploads\/sites\/699\/2017\/10\/Gray-Box-Modeling-1024x524.png 1024w, https:\/\/www.hsu-hh.de\/ant\/wp-content\/uploads\/sites\/699\/2017\/10\/Gray-Box-Modeling-300x154.png 300w, https:\/\/www.hsu-hh.de\/ant\/wp-content\/uploads\/sites\/699\/2017\/10\/Gray-Box-Modeling-768x393.png 768w, https:\/\/www.hsu-hh.de\/ant\/wp-content\/uploads\/sites\/699\/2017\/10\/Gray-Box-Modeling.png 1364w\" sizes=\"auto, (max-width: 800px) 100vw, 800px\" \/><\/p>\n<ul>\n<li>Digitale Klangsynthese \/ Tone Matching<\/li>\n<li>Aktive Rauschunterdr\u00fcckung in Kopfh\u00f6rern<\/li>\n<\/ul>\n<h3>Lehre<\/h3>\n<ul>\n<li>Digitale Audiosignalverarbeitung (DASP) &#8211; \u00dcbung, Laborpraktikum<\/li>\n<li>Multimedia Signal Verarbeitung (MSV) &#8211; \u00dcbung, Laborpraktikum<\/li>\n<\/ul>\n<h3>Publikationen<\/h3>\n<ul>\n<li>E. Gerat, P. Bhattacharya, U. Z\u00f6lzer: A Differentiable Digital Moog Filter for Machine Learning Applications, in 26th International Conference on Digital Audio Effects (DAFx23), Kopenhagen, D\u00e4nemark, 4-7 September, 2023<\/li>\n<li>P. Nowak, E. Gerat, U. Z\u00f6lzer: Externalization of Static Virtual Sound Sources using HRTFs Approximated by Parametric IIR Filters and Room Simulation, in Fortschritte der Akustik: DAGA 2023, Hamburg, Deutschland, 6-9 M\u00e4rz, 2023.<\/li>\n<li>Alexander Klemd, Patrick Nowak, Piero Rivera Benois, Etienne Gerat, Bernd Klauer, Udo Z\u00f6lzer: Exponential Sine Sweep Measurement Implementation Targeting FPGA Platforms, Proceedings of the The International Conference on Field-Programmable Technology, FPT 2021, Auckland, New Zealand, 6-10 December, 2021.<\/li>\n<li>P. Rivera Benois, P. Nowak, E. Gerat, M. Salman, U. Z\u00f6lzer: Improving the Performance of an Active Noise Cancelling Headphones Prototype, Proceedings of the 48th International Congress and Exposition on Noise Control Engineering, INTER-NOISE, Madrid, Spain, 16-19 June, 2019.<\/li>\n<li>E. Gerat, F. Eichas, U. Z\u00f6lzer: &#8222;Virtual Analog Modeling of a UREI 1176LN Dynamic Range Control System &#8220; In Audio Engineering Society Convention 143 (AES 143), New York, USA, October 18-21, 2017<\/li>\n<li>F. Eichas, E. Gerat, U. Z\u00f6lzer: &#8222;Virtual Analog Modeling of Dynamic Range Compression Systems &#8220; In Audio Engineering Society Convention 142 (AES 142), Berlin, Germany, May 20-23, 2017<\/li>\n<\/ul>\n<h3>Betreute studentische Arbeiten<\/h3>\n<ul>\n<li>Alex Lecomte &#8211; &#8222;Realization and Tuning of a Tone Matching Algorithm for Substractive Monophonic Synthesizers&#8220;, Masterarbeit, 3. Dezember, 2021.<\/li>\n<li>Kylian Pangaud &#8211; &#8222;Tone Matching of a Frequency Modulation Synthesizer using the Genetic Algorithm&#8220;, Masterarbeit, 17. Februar, 2021.<\/li>\n<li>Jan-Joshua Schmitt &#8211; &#8222;Extracting a Centre Channel from Stereo Signals&#8220;, Projektarbeit, 19. Oktober, 2020.<\/li>\n<li>M. Pastor Alemany &#8211; &#8222;Tone Matching of a Monophonic Frequency Modulation Synthesizer using the Genetic Algorithm&#8220;, Bachelorarbeit, 20. August, 2020.<\/li>\n<li>L. Bessot &#8211; &#8222;Implementation and Evaluation of Audio Descriptors for Re-synthesis Algorithms&#8220;, Masterarbeit, 6. Dezember, 2019.<\/li>\n<li>Y. Zhu &#8211; &#8222;Implementation and Optimization of a Speech De-noising Algorithm with Real-Time Capabilities&#8220;, Masterarbeit, Dezember 2019.<\/li>\n<li>A. Galan Garcia &#8211; &#8222;Design and Implementation of a Speech De-noising Algorithm with Real-Time Capabilities&#8220;, Bachelorarbeit, 18. August, 2019.<\/li>\n<li>P. Mellenet &#8211; &#8222;Evaluation of Objective Metrics for Psychoacoustic Discrimination of Original and Altered Sounds&#8220;, Masterarbeit, 7. Dezember, 2018.<\/li>\n<li>A. Mazumdar &#8211; &#8222;Web implementation of the Dynamic Range Control Java Applet&#8220;, Projektarbeit, 31. Oktober, 2018.<\/li>\n<\/ul>\n<\/div>\n","protected":false},"excerpt":{"rendered":"<p>\u00a0 Raum: H1 &#8211; 2417 Telefon: +49-40-6541-2659 Email: e.gerat@hsu-hh.de Besucheranschrift Helmut-Schmidt-Universit\u00e4t Geb\u00e4ude H1 Holstenhofweg 85 22043 Hamburg Postanschrift Helmut-Schmidt-Universit\u00e4t Fakult\u00e4t f\u00fcr Elektrotechnik Allgemeine Nachrichtentechnik Postfach 70 08 22 22008 Hamburg [&hellip;]<\/p>\n","protected":false},"author":119,"featured_media":0,"parent":120,"menu_order":0,"comment_status":"closed","ping_status":"closed","template":"","meta":{"footnotes":""},"categories":[4],"tags":[],"class_list":["post-232","page","type-page","status-publish","hentry","category-forschung"],"_links":{"self":[{"href":"https:\/\/www.hsu-hh.de\/ant\/wp-json\/wp\/v2\/pages\/232","targetHints":{"allow":["GET"]}}],"collection":[{"href":"https:\/\/www.hsu-hh.de\/ant\/wp-json\/wp\/v2\/pages"}],"about":[{"href":"https:\/\/www.hsu-hh.de\/ant\/wp-json\/wp\/v2\/types\/page"}],"author":[{"embeddable":true,"href":"https:\/\/www.hsu-hh.de\/ant\/wp-json\/wp\/v2\/users\/119"}],"replies":[{"embeddable":true,"href":"https:\/\/www.hsu-hh.de\/ant\/wp-json\/wp\/v2\/comments?post=232"}],"version-history":[{"count":21,"href":"https:\/\/www.hsu-hh.de\/ant\/wp-json\/wp\/v2\/pages\/232\/revisions"}],"predecessor-version":[{"id":2430,"href":"https:\/\/www.hsu-hh.de\/ant\/wp-json\/wp\/v2\/pages\/232\/revisions\/2430"}],"up":[{"embeddable":true,"href":"https:\/\/www.hsu-hh.de\/ant\/wp-json\/wp\/v2\/pages\/120"}],"wp:attachment":[{"href":"https:\/\/www.hsu-hh.de\/ant\/wp-json\/wp\/v2\/media?parent=232"}],"wp:term":[{"taxonomy":"category","embeddable":true,"href":"https:\/\/www.hsu-hh.de\/ant\/wp-json\/wp\/v2\/categories?post=232"},{"taxonomy":"post_tag","embeddable":true,"href":"https:\/\/www.hsu-hh.de\/ant\/wp-json\/wp\/v2\/tags?post=232"}],"curies":[{"name":"wp","href":"https:\/\/api.w.org\/{rel}","templated":true}]}}