{"id":1771,"date":"2020-02-05T12:59:19","date_gmt":"2020-02-05T11:59:19","guid":{"rendered":"https:\/\/www.hsu-hh.de\/ant\/?page_id=1771"},"modified":"2021-12-15T12:24:33","modified_gmt":"2021-12-15T11:24:33","slug":"m-sc-guillaume-larnaudie-de-ferrand","status":"publish","type":"page","link":"https:\/\/www.hsu-hh.de\/ant\/mitarbeiter\/m-sc-guillaume-larnaudie-de-ferrand","title":{"rendered":"M. Sc. Guillaume Larnaudie de Ferrand"},"content":{"rendered":"<div class=\"clearfix\"><\/div>\n<div class=\"ansprechparter-container\">\n<div class=\"row ansprechpartner-item ansprechparter-header\">\n<div class=\"col-md-4 col-lg-3 col-xs-4 ansprechpartner-item floatright img-circle center-block\" style=\"margin-bottom: 30px\">\n<div><\/div>\n<div class=\"img-responsive-wrapper\"><img loading=\"lazy\" decoding=\"async\" class=\"img-circle img-responsive center-block\" src=\"\/wp-content\/themes\/hsu\/img\/dummy\/dummy_ansprechpartner.png\" alt=\"\" width=\"140\" height=\"140\" \/><\/div>\n<\/div>\n<div class=\"col-md-12 col-lg-3 col-xs-12 ansprechpartner-item kontakt floatright\" style=\"margin-bottom: 30px\">\n<div class=\"row\">\n<div class=\"col-xs-12 col-sm-6 col-lg-12\">\n<div class=\"row\">\n<div><\/div>\n<div class=\"col-xs-12 col-lg-4 row-text bold\">Raum:<\/div>\n<div class=\"col-xs-12 col-lg-8 row-text\">2417<\/div>\n<\/div>\n<\/div>\n<div class=\"col-xs-12 col-sm-6 col-lg-12\">\n<div class=\"row\">\n<div class=\"col-xs-12 col-lg-4 row-text bold\">Telefon:<\/div>\n<div class=\"col-xs-12 col-lg-8 row-text\">(040) 6541-2743<\/div>\n<\/div>\n<\/div>\n<div class=\"col-xs-12 col-sm-6 col-lg-12\">\n<div class=\"row\">\n<div class=\"col-xs-12 col-md-12 row-text bold\">E-Mail:<\/div>\n<div class=\"col-xs-12 col-md-12 row-text\"><a href=\"guillaume.larnaudie@hsu-hh.de\" rel='nofollow'>guillaume.larnaudie@hsu-hh.de<\/a><\/div>\n<\/div>\n<\/div>\n<\/div>\n<\/div>\n<div class=\"col-md-6 col-lg-3 col-xs-12 ansprechpartner-item anschrift floatright\">\n<div><\/div>\n<div class=\"row-headline\">Besucheranschrift<\/div>\n<div class=\"row-text\">Helmut-Schmidt-Universit\u00e4t<\/div>\n<div class=\"row-text\">Geb\u00e4ude H1<\/div>\n<div class=\"row-text\">Holstenhofweg 85<\/div>\n<div class=\"row-text\">22043 Hamburg<\/div>\n<\/div>\n<div class=\"col-md-6 col-lg-3 col-xs-12 ansprechpartner-item anschrift floatright\">\n<div><\/div>\n<div class=\"row-headline\">Postanschrift<\/div>\n<div class=\"row-text\">Helmut-Schmidt-Universit\u00e4t<\/div>\n<div class=\"row-text\">Fakult\u00e4t f\u00fcr Elektrotechnik<\/div>\n<div class=\"row-text\">Allgemeine Nachrichtentechnik<\/div>\n<div class=\"row-text\">Postfach 70 08 22<\/div>\n<div class=\"row-text\">22008 Hamburg<\/div>\n<\/div>\n<\/div>\n<\/div>\n<div class=\"clearfix\"><\/div>\n<h3>Forschung<\/h3>\n<ul>\n<li>Klassifizierung des Internet-Traffic<\/li>\n<li>Machine Learning<\/li>\n<\/ul>\n<h3>Lehre<\/h3>\n<ul>\n<li>Digitale Kommunikationssysteme (DCS) &#8211; \u00dcbung<\/li>\n<\/ul>\n<h3>Betreute Studentische Arbeiten<\/h3>\n<ul>\n<li>M. Larregle: &#8222;Optimization of an Artificial Neural Network for Encrypted Internet Traffic Classification&#8220;, Masterarbeit, 2021.<\/li>\n<li>G. Guruvayoorappan: &#8222;Binary Classification of Internet Traffic with Convolution Neural Network&#8220;, Projektarbeit, 2021.<\/li>\n<li>H. Sundaramoorthy: &#8222;Classification of Internet Traffic Encrypted via TLS1.3 using Deep Learning&#8220;, Masterarbeit, 2021.<\/li>\n<li>J. Bicheu: &#8222;Extraction of Flow-based Features for the classification of the Internet Traffic over UDP&#8220;, Masterarbeit, 2021.<\/li>\n<li>T. Tabacariu: &#8222;Investigation on Application Layer Discriminators for Encrypted Internet Traffic&#8220;, Bachelorarbeit, 2020.<\/li>\n<li>H. Sundaramoorthy: &#8222;Network Traffic Classification with Machine Learning&#8220;, Projektarbeit, 2020.<\/li>\n<\/ul>\n","protected":false},"excerpt":{"rendered":"<p>Raum: 2417 Telefon: (040) 6541-2743 E-Mail: guillaume.larnaudie@hsu-hh.de Besucheranschrift Helmut-Schmidt-Universit\u00e4t Geb\u00e4ude H1 Holstenhofweg 85 22043 Hamburg Postanschrift Helmut-Schmidt-Universit\u00e4t Fakult\u00e4t f\u00fcr Elektrotechnik Allgemeine Nachrichtentechnik Postfach 70 08 22 22008 Hamburg Forschung Klassifizierung [&hellip;]<\/p>\n","protected":false},"author":2215,"featured_media":0,"parent":120,"menu_order":0,"comment_status":"closed","ping_status":"closed","template":"","meta":{"footnotes":""},"categories":[4],"tags":[],"class_list":["post-1771","page","type-page","status-publish","hentry","category-forschung"],"_links":{"self":[{"href":"https:\/\/www.hsu-hh.de\/ant\/wp-json\/wp\/v2\/pages\/1771","targetHints":{"allow":["GET"]}}],"collection":[{"href":"https:\/\/www.hsu-hh.de\/ant\/wp-json\/wp\/v2\/pages"}],"about":[{"href":"https:\/\/www.hsu-hh.de\/ant\/wp-json\/wp\/v2\/types\/page"}],"author":[{"embeddable":true,"href":"https:\/\/www.hsu-hh.de\/ant\/wp-json\/wp\/v2\/users\/2215"}],"replies":[{"embeddable":true,"href":"https:\/\/www.hsu-hh.de\/ant\/wp-json\/wp\/v2\/comments?post=1771"}],"version-history":[{"count":10,"href":"https:\/\/www.hsu-hh.de\/ant\/wp-json\/wp\/v2\/pages\/1771\/revisions"}],"predecessor-version":[{"id":2069,"href":"https:\/\/www.hsu-hh.de\/ant\/wp-json\/wp\/v2\/pages\/1771\/revisions\/2069"}],"up":[{"embeddable":true,"href":"https:\/\/www.hsu-hh.de\/ant\/wp-json\/wp\/v2\/pages\/120"}],"wp:attachment":[{"href":"https:\/\/www.hsu-hh.de\/ant\/wp-json\/wp\/v2\/media?parent=1771"}],"wp:term":[{"taxonomy":"category","embeddable":true,"href":"https:\/\/www.hsu-hh.de\/ant\/wp-json\/wp\/v2\/categories?post=1771"},{"taxonomy":"post_tag","embeddable":true,"href":"https:\/\/www.hsu-hh.de\/ant\/wp-json\/wp\/v2\/tags?post=1771"}],"curies":[{"name":"wp","href":"https:\/\/api.w.org\/{rel}","templated":true}]}}