{"id":1745,"date":"2019-10-28T17:02:19","date_gmt":"2019-10-28T16:02:19","guid":{"rendered":"https:\/\/www.hsu-hh.de\/ant\/?page_id=1745"},"modified":"2024-01-11T17:20:07","modified_gmt":"2024-01-11T16:20:07","slug":"etienne-gerat","status":"publish","type":"page","link":"https:\/\/www.hsu-hh.de\/ant\/en\/team\/etienne-gerat","title":{"rendered":"M.Sc. Etienne Gerat"},"content":{"rendered":"<div class=\"ansprechparter-container\">\n<div class=\"row ansprechpartner-item ansprechparter-header\">\n<div class=\"col-md-4 col-lg-3 col-xs-4 ansprechpartner-item floatright img-circle center-block\" style=\"margin-bottom: 30px\">\n<div class=\"img-responsive-wrapper\"><img loading=\"lazy\" decoding=\"async\" class=\"alignnone wp-image-2431 \" src=\"https:\/\/www.hsu-hh.de\/ant\/wp-content\/uploads\/sites\/699\/2024\/01\/me_pro-1-265x300.jpg\" alt=\"\" width=\"183\" height=\"207\" data-credit=\"Etienne Gerat\" srcset=\"https:\/\/www.hsu-hh.de\/ant\/wp-content\/uploads\/sites\/699\/2024\/01\/me_pro-1-265x300.jpg 265w, https:\/\/www.hsu-hh.de\/ant\/wp-content\/uploads\/sites\/699\/2024\/01\/me_pro-1-903x1024.jpg 903w, https:\/\/www.hsu-hh.de\/ant\/wp-content\/uploads\/sites\/699\/2024\/01\/me_pro-1-768x871.jpg 768w, https:\/\/www.hsu-hh.de\/ant\/wp-content\/uploads\/sites\/699\/2024\/01\/me_pro-1-1355x1536.jpg 1355w, https:\/\/www.hsu-hh.de\/ant\/wp-content\/uploads\/sites\/699\/2024\/01\/me_pro-1-1806x2048.jpg 1806w, https:\/\/www.hsu-hh.de\/ant\/wp-content\/uploads\/sites\/699\/2024\/01\/me_pro-1-1100x1247.jpg 1100w, https:\/\/www.hsu-hh.de\/ant\/wp-content\/uploads\/sites\/699\/2024\/01\/me_pro-1.jpg 1859w\" sizes=\"auto, (max-width: 183px) 100vw, 183px\" \/><\/div>\n<\/div>\n<div class=\"col-md-12 col-lg-3 col-xs-12 ansprechpartner-item kontakt floatright\" style=\"margin-bottom: 30px\">\n<div class=\"row\">\n<div class=\"col-xs-12 col-sm-6 col-lg-12\">\n<div class=\"row\">\n<div><\/div>\n<div class=\"col-xs-12 col-lg-4 row-text bold\">Office:<\/div>\n<div class=\"col-xs-12 col-lg-8 row-text\">H1 &#8211; 2417<\/div>\n<\/div>\n<\/div>\n<div class=\"col-xs-12 col-sm-6 col-lg-12\">\n<div class=\"row\">\n<div class=\"col-xs-12 col-lg-4 row-text bold\">Telefon:<\/div>\n<div class=\"col-xs-12 col-lg-8 row-text\">+49-40-6541-2659<\/div>\n<\/div>\n<\/div>\n<\/div>\n<div class=\"row\">\n<div class=\"col-xs-12 col-sm-6 col-lg-12\">\n<div class=\"row\">\n<div class=\"col-xs-12 col-md-12 row-text bold\">E-Mail:<\/div>\n<div class=\"col-xs-12 col-md-12 row-text\"><a href=\"mailto:muster@hsu-hh.de\" rel='nofollow'>e.gerat@hsu-hh.de<\/a><\/div>\n<\/div>\n<\/div>\n<\/div>\n<\/div>\n<div class=\"col-md-6 col-lg-3 col-xs-12 ansprechpartner-item anschrift floatright\">\n<div><\/div>\n<div class=\"row-headline\">Visitor Address<\/div>\n<div class=\"row-text\">Helmut-Schmidt-University<\/div>\n<div class=\"row-text\">Building H1<\/div>\n<div class=\"row-text\">Holstenhofweg 85<\/div>\n<div class=\"row-text\">22043 Hamburg<\/div>\n<\/div>\n<div class=\"col-md-6 col-lg-3 col-xs-12 ansprechpartner-item anschrift floatright\">\n<div><\/div>\n<div class=\"row-headline\">Postal Address<\/div>\n<\/div>\n<div><\/div>\n<div class=\"col-md-6 col-lg-3 col-xs-12 ansprechpartner-item anschrift floatright\">\n<div class=\"row-text\">Helmut-Schmidt-Universit\u00e4t<br \/>\nFakult\u00e4t f\u00fcr Elektrotechnik<br \/>\nAllgemeine Nachrichtentechnik<br \/>\nPostfach 70 08 22<br \/>\n22008 Hamburg<\/div>\n<\/div>\n<\/div>\n<\/div>\n<div class=\"clearfix\"><\/div>\n<h3>Research<\/h3>\n<ul>\n<li>Measurements &amp; Modelling of Analog Audio Devices with Gray-box Modelling<br \/>\n<img loading=\"lazy\" decoding=\"async\" class=\"alignnone size-full wp-image-1749\" src=\"https:\/\/www.hsu-hh.de\/ant\/wp-content\/uploads\/sites\/699\/2019\/10\/Gray-Box-Modeling-1024x524.png\" alt=\"Gray Box Modeling\" width=\"1024\" height=\"524\" data-credit=\"Etienne Gerat\" srcset=\"https:\/\/www.hsu-hh.de\/ant\/wp-content\/uploads\/sites\/699\/2019\/10\/Gray-Box-Modeling-1024x524.png 1024w, https:\/\/www.hsu-hh.de\/ant\/wp-content\/uploads\/sites\/699\/2019\/10\/Gray-Box-Modeling-1024x524-300x154.png 300w, https:\/\/www.hsu-hh.de\/ant\/wp-content\/uploads\/sites\/699\/2019\/10\/Gray-Box-Modeling-1024x524-768x393.png 768w\" sizes=\"auto, (max-width: 1024px) 100vw, 1024px\" \/><\/li>\n<li>Digital Sound Synthesis<\/li>\n<li>Source Filter Based Voice Synthesis<\/li>\n<li>Active Noise Control in Headphones<\/li>\n<\/ul>\n<h3>Teaching<\/h3>\n<ul>\n<li>Digital Audio Signal Processing (DASP) &#8211; Exercise, Lab Exercise<\/li>\n<\/ul>\n<h3>Publications<\/h3>\n<ul>\n<li>E. Gerat, P. Bhattacharya, U. Z\u00f6lzer: A Differentiable Digital Moog Filter for Machine Learning Applications, in 26th International Conference on Digital Audio Effects (DAFx23), Copenhagen, Denmark, 4-7 September, 2023<\/li>\n<li>P. Nowak, E. Gerat, U. Z\u00f6lzer: Externalization of Static Virtual Sound Sources using HRTFs Approximated by Parametric IIR Filters and Room Simulation, in Fortschritte der Akustik: DAGA 2023, Hamburg, Germany, 6-9 March, 2023.<\/li>\n<li>Alexander Klemd, Patrick Nowak, Piero Rivera Benois, Etienne Gerat, Bernd Klauer, Udo Z\u00f6lzer: Exponential Sine Sweep Measurement Implementation Targeting FPGA Platforms, Proceedings of the The International Conference on Field-Programmable Technology, FPT 2021, Auckland, New Zealand, 6-10 December, 2021.<\/li>\n<li>P. Rivera Benois, P. Nowak, E. Gerat, M. Salman, U. Z\u00f6lzer: Improving the Performance of an Active Noise Cancelling Headphones Prototype, Proceedings of the 48th International Congress and Exposition on Noise Control Engineering, INTER-NOISE, Madrid, Spain, 16-19 June, 2019.<\/li>\n<li>E. Gerat, F. Eichas, U. Z\u00f6lzer: &#8222;Virtual Analog Modeling of a UREI 1176LN Dynamic Range Control System &#8220; In Audio Engineering Society Convention 143 (AES 143), New York, USA, October 18-21, 2017<\/li>\n<li>F. Eichas, E. Gerat, U. Z\u00f6lzer: &#8222;Virtual Analog Modeling of Dynamic Range Compression Systems &#8220; In Audio Engineering Society Convention 142 (AES 142), Berlin, Germany, May 20-23, 2017\n<\/li>\n<\/ul>\n<h3>Supervised Student Work<\/h3>\n<ul>\n<li>Alex Lecomte &#8211; &#8222;Realization and Tuning of a Tone Matching Algorithm for Substractive Monophonic Synthesizers&#8220;, Masterarbeit, 3. Dezember, 2021.<\/li>\n<li>Kylian Pangaud &#8211; &#8222;Tone Matching of a Frequency Modulation Synthesizer using the Genetic Algorithm&#8220;, Masterarbeit, 17. Februar, 2021.<\/li>\n<li>Jan-Joshua Schmitt &#8211; &#8222;Extracting a Centre Channel from Stereo Signals&#8220;, Projektarbeit, 19. Oktober, 2020.<\/li>\n<li>M. Pastor Alemany &#8211; &#8222;Tone Matching of a Monophonic Frequency Modulation Synthesizer using the Genetic Algorithm&#8220;, Bachelorarbeit, 20 August, 2020.<\/li>\n<li>L. Bessot &#8211; &#8222;Implementation and Evaluation of Audio Descriptors for Re-synthesis Algorithms&#8220;, Masterarbeit, 6 Dezember, 2019.<\/li>\n<li>Y. Zhu &#8211; &#8222;Implementation and Optimization of a Speech De-noising Algorithm with Real-Time Capabilities&#8220;, Masterarbeit, Dezember 2019.<\/li>\n<li>A. Galan Garcia &#8211; &#8222;Design and Implementation of a Speech De-noising Algorithm with Real-Time Capabilities&#8220;, Bachelorarbeit, 18. August, 2019.<\/li>\n<li>P. Mellenet &#8211; &#8222;Evaluation of Objective Metrics for Psychoacoustic Discrimination of Original and Altered Sounds&#8220;, Masterarbeit, 7 Dezember, 2018.<\/li>\n<li>A. Mazumdar &#8211; &#8222;Web implementation of the Dynamic Range Control Java Applet&#8220;, Projektarbeit, 31. Oktober, 2018.<\/li>\n<\/ul>\n","protected":false},"excerpt":{"rendered":"<p>Office: H1 &#8211; 2417 Telefon: +49-40-6541-2659 E-Mail: e.gerat@hsu-hh.de Visitor Address Helmut-Schmidt-University Building H1 Holstenhofweg 85 22043 Hamburg Postal Address Helmut-Schmidt-Universit\u00e4t Fakult\u00e4t f\u00fcr Elektrotechnik Allgemeine Nachrichtentechnik Postfach 70 08 22 22008 [&hellip;]<\/p>\n","protected":false},"author":119,"featured_media":0,"parent":550,"menu_order":0,"comment_status":"closed","ping_status":"closed","template":"","meta":{"footnotes":""},"categories":[7],"tags":[],"class_list":["post-1745","page","type-page","status-publish","hentry","category-research"],"_links":{"self":[{"href":"https:\/\/www.hsu-hh.de\/ant\/wp-json\/wp\/v2\/pages\/1745","targetHints":{"allow":["GET"]}}],"collection":[{"href":"https:\/\/www.hsu-hh.de\/ant\/wp-json\/wp\/v2\/pages"}],"about":[{"href":"https:\/\/www.hsu-hh.de\/ant\/wp-json\/wp\/v2\/types\/page"}],"author":[{"embeddable":true,"href":"https:\/\/www.hsu-hh.de\/ant\/wp-json\/wp\/v2\/users\/119"}],"replies":[{"embeddable":true,"href":"https:\/\/www.hsu-hh.de\/ant\/wp-json\/wp\/v2\/comments?post=1745"}],"version-history":[{"count":10,"href":"https:\/\/www.hsu-hh.de\/ant\/wp-json\/wp\/v2\/pages\/1745\/revisions"}],"predecessor-version":[{"id":2433,"href":"https:\/\/www.hsu-hh.de\/ant\/wp-json\/wp\/v2\/pages\/1745\/revisions\/2433"}],"up":[{"embeddable":true,"href":"https:\/\/www.hsu-hh.de\/ant\/wp-json\/wp\/v2\/pages\/550"}],"wp:attachment":[{"href":"https:\/\/www.hsu-hh.de\/ant\/wp-json\/wp\/v2\/media?parent=1745"}],"wp:term":[{"taxonomy":"category","embeddable":true,"href":"https:\/\/www.hsu-hh.de\/ant\/wp-json\/wp\/v2\/categories?post=1745"},{"taxonomy":"post_tag","embeddable":true,"href":"https:\/\/www.hsu-hh.de\/ant\/wp-json\/wp\/v2\/tags?post=1745"}],"curies":[{"name":"wp","href":"https:\/\/api.w.org\/{rel}","templated":true}]}}