{"id":173,"date":"2017-10-12T15:22:55","date_gmt":"2017-10-12T13:22:55","guid":{"rendered":"https:\/\/www.hsu-hh.de\/ant\/?page_id=173"},"modified":"2025-01-04T11:23:05","modified_gmt":"2025-01-04T10:23:05","slug":"m-sc-patrick-nowak","status":"publish","type":"page","link":"https:\/\/www.hsu-hh.de\/ant\/mitarbeiter\/m-sc-patrick-nowak","title":{"rendered":"Dr.-Ing.\u00a0Patrick\u00a0Nowak"},"content":{"rendered":"<div class=\"ansprechparter-container\">\n<div class=\"row ansprechpartner-item ansprechparter-header\">\n<div class=\"col-xs-8 col-lg-12\" style=\"margin-bottom: 30px\"><\/div>\n<div class=\"col-md-4 col-lg-3 col-xs-4 ansprechpartner-item floatright img-circle center-block\" style=\"margin-bottom: 30px\"><img loading=\"lazy\" decoding=\"async\" class=\"wp-image-176 size-medium alignnone\" src=\"https:\/\/www.hsu-hh.de\/ant\/wp-content\/uploads\/sites\/699\/2017\/10\/Nowak_3x4-225x300.jpg\" alt=\"Profilbild\" width=\"225\" height=\"300\" srcset=\"https:\/\/www.hsu-hh.de\/ant\/wp-content\/uploads\/sites\/699\/2017\/10\/Nowak_3x4-225x300.jpg 225w, https:\/\/www.hsu-hh.de\/ant\/wp-content\/uploads\/sites\/699\/2017\/10\/Nowak_3x4-768x1024.jpg 768w, https:\/\/www.hsu-hh.de\/ant\/wp-content\/uploads\/sites\/699\/2017\/10\/Nowak_3x4.jpg 1995w\" sizes=\"auto, (max-width: 225px) 100vw, 225px\" \/><\/div>\n<div class=\"col-md-12 col-lg-3 col-xs-12 ansprechpartner-item kontakt floatright\" style=\"margin-bottom: 30px\">\n<div class=\"row\">\n<div class=\"col-xs-12 col-sm-6 col-lg-12\">\n<div class=\"row\">\n<div class=\"col-xs-12 col-lg-4 row-text bold\">B\u00fcro:<\/div>\n<div class=\"col-xs-12 col-lg-8 row-text\">H3 &#8211; 116<\/div>\n<div class=\"col-xs-12 col-lg-8 row-text\">+49-40-6541-3650<\/div>\n<\/div>\n<\/div>\n<div class=\"col-xs-12 col-sm-6 col-lg-12\">\n<div class=\"row\">\n<div class=\"col-xs-12 col-lg-4 row-text bold\">Labor:<\/div>\n<div class=\"col-xs-12 col-lg-8 row-text clearfix\">H1 &#8211; 2416<\/div>\n<div class=\"col-xs-12 col-lg-8 row-text clearfix\">+49-40-6541-2657<\/div>\n<\/div>\n<\/div>\n<div class=\"col-xs-12 col-sm-6 col-lg-12\">\n<div class=\"row\">\n<div class=\"col-xs-12 col-md-12 row-text bold\">Email:<\/div>\n<div class=\"col-xs-12 col-md-12 row-text\"><a href=\"patrick.nowak@hsu-hh.de\" rel='nofollow'>patrick.nowak@hsu-hh.de<\/a><\/div>\n<\/div>\n<\/div>\n<\/div>\n<\/div>\n<div class=\"col-md-6 col-lg-3 col-xs-12 ansprechpartner-item anschrift floatright\">\n<div class=\"row-headline\">Besucheranschrift<\/div>\n<div class=\"row-text\">Helmut-Schmidt-Universit\u00e4t<\/div>\n<div class=\"row-text\">Geb\u00e4ude H3\/H1<\/div>\n<div class=\"row-text\">Holstenhofweg 85<\/div>\n<div class=\"row-text\">22043 Hamburg<\/div>\n<\/div>\n<div class=\"col-md-6 col-lg-3 col-xs-12 ansprechpartner-item anschrift floatright\">\n<div class=\"row-headline\">Postanschrift<\/div>\n<div class=\"row-text\">Helmut-Schmidt-Universit\u00e4t<\/div>\n<div class=\"row-text\">Fakult\u00e4t f\u00fcr Elektrotechnik<\/div>\n<div class=\"row-text\">Allgemeine Nachrichtentechnik<\/div>\n<div class=\"row-text\">Postfach 70 08 22<\/div>\n<div class=\"row-text\">22008 Hamburg<\/div>\n<\/div>\n<\/div>\n<\/div>\n<div class=\"clearfix\"><\/div>\n<div class=\"clearfix\">\n<h3>Forschung<\/h3>\n<\/div>\n<h3>\u00a0 \u00a0Drohnendetektion mit Infrarotkameras im 5G-Netz<\/h3>\n<ul>\n<li style=\"list-style-type: none\">\n<ul>\n<li style=\"list-style-type: none\">\n<ul>\n<li>Drohnendetektion im sichtbaren Bereich und mit Infrarotkameras<\/li>\n<li>\u00dcbertragung der Bilddaten und Kamerasteuerung via 5G-Campusnetz<\/li>\n<\/ul>\n<\/li>\n<\/ul>\n<\/li>\n<\/ul>\n<p><img loading=\"lazy\" decoding=\"async\" class=\"aligncenter wp-image-2089\" src=\"https:\/\/www.hsu-hh.de\/ant\/wp-content\/uploads\/sites\/699\/2022\/02\/Drohnen-Detektion-ueber-5G-Version-2-1024x579.png\" alt=\"Visualisierung des Projektes\" width=\"610\" height=\"345\" data-credit=\" \" \/><\/p>\n<ul>\n<li style=\"list-style-type: none\">\n<ul>\n<li style=\"list-style-type: none\">\n<ul>\n<li>Teilprojekt innerhalb des dtec.bw-Projektes <a href=\"https:\/\/dtecbw.de\/home\/forschung\/hsu\/projekt-ds2ccp\/projekt-ds2ccp\" rel='nofollow'>Digitale Sensor-2-Cloud Campus-Plattform<\/a><\/li>\n<\/ul>\n<\/li>\n<\/ul>\n<\/li>\n<\/ul>\n<h3>\u00a0 \u00a0Vorherige Forschung: 3D-Audiorekonstruktion mit Kopfh\u00f6rern<\/h3>\n<ul>\n<li style=\"list-style-type: none\">\n<ul>\n<li style=\"list-style-type: none\">\n<ul>\n<li>3D-Audiorekonstruktion mit Kopfh\u00f6rern basierend auf der Verwendung von HRTFs (kopfbezogene Au\u00dfenohr\u00fcbertragungsfunktionen, engl. Head Related Transfer Functions), die durch Kaskaden parametrischer IIR-Filter approximiert wurden<\/li>\n<li>Das Gesamtsystem besteht aus der Binauralsynthese, Raumsimulation und Kopfh\u00f6rerentzerrung<\/li>\n<\/ul>\n<\/li>\n<\/ul>\n<\/li>\n<\/ul>\n<p><img loading=\"lazy\" decoding=\"async\" class=\"aligncenter wp-image-2091 size-full\" src=\"https:\/\/www.hsu-hh.de\/ant\/wp-content\/uploads\/sites\/699\/2022\/02\/Binaural_Synthesis_vDiss-e1645173830302.png\" alt=\"Visualisierung des Projektes\" width=\"782\" height=\"345\" data-credit=\" \" \/><\/p>\n<ul>\n<li style=\"list-style-type: none\">\n<ul>\n<li style=\"list-style-type: none\">\n<ul>\n<li>Kooperationsprojekt mit dem\u00a0<a href=\"http:\/\/www.isl.eu\/de\/\" rel='nofollow'>Deutsch-Franz\u00f6sischem Forschungsinstitut Saint-Louis<\/a><\/li>\n<\/ul>\n<\/li>\n<\/ul>\n<\/li>\n<\/ul>\n<h3>\u00a0 \u00a0Vorherige Forschung: Aktive Rauschunterdr\u00fcckung in Kopfh\u00f6rern<\/h3>\n<ul>\n<li style=\"list-style-type: none\">\n<ul>\n<li style=\"list-style-type: none\">\n<ul>\n<li>Implementierung und Evaluierung von Kontrollstrukturen f\u00fcr die aktive Rauschunterdr\u00fcckung in Kopfh\u00f6rern<\/li>\n<\/ul>\n<\/li>\n<\/ul>\n<\/li>\n<\/ul>\n<p style=\"padding-left: 30px\"><img loading=\"lazy\" decoding=\"async\" class=\"aligncenter wp-image-297 size-full\" src=\"https:\/\/www.hsu-hh.de\/ant\/wp-content\/uploads\/sites\/699\/2017\/10\/ANC_Comparison-e1645174399560.png\" alt=\"ANC Comparison\" width=\"755\" height=\"210\" \/><\/p>\n<div class=\"clearfix\">\n<h3>Lehre<\/h3>\n<ul>\n<li>Digitale Audiosignalverarbeitung (DASP) &#8211; \u00dcbung, Laborpraktikum<\/li>\n<li>Kryptologie &#8211; \u00dcbung, Laborpraktikum<\/li>\n<li>Digitale Filter &#8211; \u00dcbung<\/li>\n<\/ul>\n<h3>Publikationen<\/h3>\n<ul>\n<li>P. Bhattacharya, P. Nowak, D. Ahlers, U. Z\u00f6lzer: <a href=\"https:\/\/www.hsu-hh.de\/ant\/wp-content\/uploads\/sites\/699\/2025\/01\/SITIS2023_paper_63.pdf\">&#8222;A Dataset of Infrared Images for Deep Learning based Drone Detection&#8220;<\/a>, in 17th International Conference on Signal-Image Technology &amp; Internet-Based Systems (SITIS), Bangkok, Thailand, 8.-10. November, 2023.<\/li>\n<li>D. Ahlers, P. Bhattacharya, P. Nowak, U. Z\u00f6lzer: <a href=\"https:\/\/www.hsu-hh.de\/ant\/wp-content\/uploads\/sites\/699\/2025\/01\/SITIS2023_paper_66.pdf\">&#8222;Shore Livecams: A Maritime Dataset for Deep Learning based Object Detection&#8220;<\/a>, in 17th International Conference on Signal-Image Technology &amp; Internet-Based Systems (SITIS), Bangkok, Thailand, 8.-10. November, 2023.<\/li>\n<li>P. Nowak, E. Gerat, U. Z\u00f6lzer: <a href=\"https:\/\/www.hsu-hh.de\/ant\/wp-content\/uploads\/sites\/699\/2025\/01\/daga_2023_paper.pdf\">&#8222;Externalization of Static Virtual Sound Sources using HRTFs Approximated by Parametric IIR Filters and Room Simulation&#8220;<\/a>, in Fortschritte der Akustik: DAGA 2023, Hamburg, Deutschland, 6.-9. M\u00e4rz, 2023.<\/li>\n<li>P. Bhattacharya, P. Nowak, D. Ahlers, M. Holters, U. Z\u00f6lzer: <a href=\"https:\/\/openhsu.ub.hsu-hh.de\/handle\/10.24405\/14543\" rel='nofollow'>&#8222;CNN based Drone Detection in Infrared Images&#8220;<\/a>, in dtec.bw-Beitr\u00e4ge der Helmut-Schmidt-Universit\u00e4t \/ Universit\u00e4t der Bundeswehr Hamburg: Forschungsaktivit\u00e4ten im Zentrum f\u00fcr Digitalisierungs- und Technologieforschung der Bundeswehr dtec.bw &#8211; Band 1, 2022.<\/li>\n<li>P. Bhattacharya, P. Nowak, U. Z\u00f6lzer, <em>Machine Learning for Audio<\/em>, <a href=\"https:\/\/www.wiley.com\/en-us\/Digital+Audio+Signal+Processing%2C+3rd+Edition-p-9781119832690\" rel='nofollow'>Digital Audio Signal Processing<\/a>, 3rd Edition, Kapitel 11, J. Wiley &amp; Sons, 2022.<\/li>\n<li>U. Z\u00f6lzer, P. Nowak, P. Bhattacharya, <em style=\"color: initial\">Room Simulation<\/em><span style=\"color: initial\">, <a href=\"https:\/\/www.wiley.com\/en-us\/Digital+Audio+Signal+Processing%2C+3rd+Edition-p-9781119832690\" rel='nofollow'>Digital Audio Signal Processing<\/a>, 3rd Edition, Kapitel 7, J. Wiley &amp; Sons, 2022.<\/span><\/li>\n<li>P. Nowak, <a href=\"https:\/\/openhsu.ub.hsu-hh.de\/handle\/10.24405\/14326\" rel='nofollow'>&#8222;Spatial Audio Through Headphones Based on HRTFs Approximated by Parametric IIR Filters&#8220;<\/a>, Dissertation, Helmut-Schmidt-Universit\u00e4t \/ Universit\u00e4t der Bundeswehr Hamburg, Hamburg, Deutschland, Mai, 2022.<\/li>\n<li>P. Nowak, U. Z\u00f6lzer: <a href=\"https:\/\/www.hsu-hh.de\/ant\/wp-content\/uploads\/sites\/699\/2022\/10\/Spatial-Interpolation-of-HRTFs-Approximated-by-Parametric-IIR-Filters-NowakZoelzer.pdf\">&#8222;Spatial Interpolation of HRTFs Approximated by Parametric IIR Filters&#8220;<\/a>, in Fortschritte der Akustik: DAGA 2022, Stuttgart, Deutschland, 21.-24. M\u00e4rz, 2022.<\/li>\n<li>A. Klemd, P. Nowak, P. Rivera Benois, E. Gerat, U. Z\u00f6lzer, B. Klauer: <a href=\"https:\/\/www.hsu-hh.de\/ant\/wp-content\/uploads\/sites\/699\/2022\/02\/Exponential-Sine-Sweep-Measurement-Implementation-Targeting-FPGA-Platforms-KLEMDNOWAKRIVERAGERATZOeLZERKLAUER.pdf\">&#8222;Exponential Sine Sweep Measurement Implementation Targeting FPGA Platforms&#8220;<\/a>, in International Conference on Field-Programmable Technology (FPT), Auckland, Neuseeland, 6.-10. Dezember, 2021.<\/li>\n<li>P. Bhattacharya, P. Nowak, U. Z\u00f6lzer: <a href=\"https:\/\/www.hsu-hh.de\/ant\/wp-content\/uploads\/sites\/699\/2020\/09\/DAFx2020_paper_318.pdf\">&#8222;Optimization of Cascaded Parametric Peak and Shelving Filters with Backpropagation Algorithm&#8220;<\/a>, in 23rd International Conference on Digital Audio Effects (DAFx), Wien, \u00d6sterreich, 9.-11. September, 2020.<\/li>\n<li>P. Nowak, V. Zimpfer, U. Z\u00f6lzer: <a href=\"https:\/\/www.hsu-hh.de\/ant\/wp-content\/uploads\/sites\/699\/2020\/11\/P_Nowak_et_al_-_Approximation_of_HRTFs_using_IIR_filters.pdf\">&#8222;Automatic Approximation of Head-Related Transfer Functions Using Parametric IIR Filters&#8220;<\/a>, in Fortschritte der Akustik: DAGA 2020, Hannover, Deutschland, 16.-19. M\u00e4rz, 2020.<\/li>\n<li>P. Rivera Benois, P. Nowak, U. Z\u00f6lzer: <a href=\"https:\/\/www.hsu-hh.de\/ant\/wp-content\/uploads\/sites\/699\/2019\/01\/Hybrid-Active-Noise-Control-Structures_-A-Short-Overview-Rivera-Nowak-Zoelzer.pdf\">&#8222;Hybrid Active Noise Control Structures: A Short Overview&#8220;<\/a>, in Proceedings of the 13th ITG Conference on Speech Communication, Oldenburg, Deutschland,\u00a0 10.-12. Oktober, 2018.<\/li>\n<li>M. Eckert, P. Rivera Benois, P. Nowak, B. Klauer, U.Z\u00f6lzer: <a href=\"https:\/\/www.hsu-hh.de\/ant\/wp-content\/uploads\/sites\/699\/2019\/01\/HEART_2018_paper_13.pdf\">&#8222;Low-Latency FIR Filter Structures Targeting FPGA Platforms&#8220;<\/a>, in Proceedings of the 7th International Symposium on Highly-Efficient Accelerators and Reconfigurable Technologies (HEART), Toronto, Kanada, 20.-22. Juni, 2018.<\/li>\n<li>P. Nowak, V. Zimpfer, U. Z\u00f6lzer:\u00a0<a href=\"https:\/\/www.hsu-hh.de\/ant\/wp-content\/uploads\/sites\/699\/2018\/10\/Nowak-3D-Virtual-Audio-with-Headphones-A-Literature-Review-of-the-Last-Ten-Years.pdf\">&#8222;3D Virtual Audio with Headphones: A Literature Review of the Last Ten Years&#8220;<\/a>, in Fortschritte der Akustik: DAGA 2018, M\u00fcnchen, Deutschland, 19.-22. M\u00e4rz, 2018.<\/li>\n<li>P. Rivera Benois, P. Nowak, U. Z\u00f6lzer:\u00a0<a href=\"https:\/\/www.hsu-hh.de\/ant\/wp-content\/uploads\/sites\/699\/2018\/03\/Rivera_Nowak_Zoelzer_2018_-_Real-time_FPGA-based_Platform.pdf\">&#8222;Real-time FPGA-based Platform for Psychoacoustic Evaluation of ANC Headphones Control Algorithms and their Parameters&#8220;<\/a>, Poster pr\u00e4sentiert in 44.Jahrestagung f\u00fcr Akustik (DAGA), M\u00fcnchen, Deutschland, 19.-22. M\u00e4rz, 2018.<\/li>\n<li>P. Rivera Benois, P. Nowak, U. Z\u00f6lzer: <a href=\"https:\/\/www.hsu-hh.de\/ant\/wp-content\/uploads\/sites\/699\/2017\/11\/Rivera-Nowak-Z\u00f6lzer-2017-Evaluation-of-a-Decoupled-Feedforward-Feedback-Hybrid-Structure-for-Active-Noise-Control-in-a-Multi-Source-Environment.pdf\">&#8222;Evaluation of a Decoupled Feedforward-Feedback Hybrid Structure for Active Noise Control Headphones in a Multi-Source Environment&#8220;<\/a>, in Proceedings of the 46th International Congress and Exposition on Noise Control Engineering (INTER-NOISE), Hong Kong, 27.-30. August, 2017.<\/li>\n<li>P. Rivera Benois, P. Nowak, U. Z\u00f6lzer: <a href=\"https:\/\/www.hsu-hh.de\/ant\/wp-content\/uploads\/sites\/699\/2017\/11\/Rivera-Nowak-Z\u00f6lzer-2017-Fully-Digital-Implementation-of-a-Hybrid-Feedback-Structure-for-Broadband-Active-Noise-Control-in-Headphones.pdf\">&#8222;Fully Digital Implementation of a Hybrid Feedback Structure for Broadband Active Noise Control in Headphones&#8220;<\/a>, in Proceedings of the 24th International Congress on Sound and Vibration (ICSV), London, England, 23.-27. Juli, 2017.<\/li>\n<li>P.Nowak: &#8222;Implementierung und Evaluierung von Kontrollstrukturen f\u00fcr die aktive Rauschunterdr\u00fcckung in Kopfh\u00f6rern&#8220;,\u00a0Masterarbeit, Helmut-Schmidt-Universit\u00e4t, 20. Oktober, 2016.<\/li>\n<\/ul>\n<h3>Betreute Studentische Arbeiten<\/h3>\n<ul>\n<li>F. de Kerimel de Keverno: &#8222;Development of a Demonstrator for Convolutional Neural Network Based Drone Detection&#8220;, Masterarbeit, 2023.<\/li>\n<li>E. Sim\u00e9au: &#8222;Drone Detection in Infrared Images with a Convolutional Neural Network&#8220;, Masterarbeit, 2022.<\/li>\n<li>F. Ciroku: &#8222;HRIRs with Digitally Enhanced Room Effects for Spatial Audio Through Headphones&#8220;, Masterarbeit, 2020.<\/li>\n<li>F. Ciroku: &#8222;Perception of Distance in Spatial Audio Through Headphones&#8220;, Projektarbeit, 2020.<\/li>\n<li>E. G\u00f6ks\u00fcg\u00fcr: &#8222;Individualization of HRTFs with CNNs Based on Anthropometric Features&#8220;, Masterarbeit, 2019.<\/li>\n<li>F. Ciroku: &#8222;Evaluation of Methods for Improving the Externalization in Spatial Audio Through Headphones&#8220;, Bachelorarbeit, 2018.<\/li>\n<li>P.-L. Suptil: &#8222;Evaluation of Individualized Binaural Recordings for 3D Spatial Audio in Headphones&#8220;, Masterarbeit, 2018.<\/li>\n<li>T. Banerjee: &#8222;Simultaneous Transfer Function Measurement of a Multiple Input Multiple Output System&#8220;, Projektarbeit, 2018.<\/li>\n<li>J. Bellot des Minieres: &#8222;Evaluation of Recording and Playback Methods for 3D Spatial Audio&#8220;, Masterarbeit, 2017.<\/li>\n<li>G. Larnaudie de Ferrand Puginier: &#8222;Individual Headphone Equalization via Personal Equal Loudness Measurements for 3D Audio Reconstruction&#8220;, Masterarbeit, 2017.<\/li>\n<li>L. Hannink: &#8222;Generation of Individual HRTFs Based on Anthropometric Measurements and the CIPIC Database&#8220;, Projektarbeit, 2017.<\/li>\n<\/ul>\n<\/div>\n","protected":false},"excerpt":{"rendered":"<p>B\u00fcro: H3 &#8211; 116 +49-40-6541-3650 Labor: H1 &#8211; 2416 +49-40-6541-2657 Email: patrick.nowak@hsu-hh.de Besucheranschrift Helmut-Schmidt-Universit\u00e4t Geb\u00e4ude H3\/H1 Holstenhofweg 85 22043 Hamburg Postanschrift Helmut-Schmidt-Universit\u00e4t Fakult\u00e4t f\u00fcr Elektrotechnik Allgemeine Nachrichtentechnik Postfach 70 08 [&hellip;]<\/p>\n","protected":false},"author":118,"featured_media":0,"parent":120,"menu_order":0,"comment_status":"closed","ping_status":"closed","template":"","meta":{"footnotes":""},"categories":[4],"tags":[],"class_list":["post-173","page","type-page","status-publish","hentry","category-forschung"],"_links":{"self":[{"href":"https:\/\/www.hsu-hh.de\/ant\/wp-json\/wp\/v2\/pages\/173","targetHints":{"allow":["GET"]}}],"collection":[{"href":"https:\/\/www.hsu-hh.de\/ant\/wp-json\/wp\/v2\/pages"}],"about":[{"href":"https:\/\/www.hsu-hh.de\/ant\/wp-json\/wp\/v2\/types\/page"}],"author":[{"embeddable":true,"href":"https:\/\/www.hsu-hh.de\/ant\/wp-json\/wp\/v2\/users\/118"}],"replies":[{"embeddable":true,"href":"https:\/\/www.hsu-hh.de\/ant\/wp-json\/wp\/v2\/comments?post=173"}],"version-history":[{"count":85,"href":"https:\/\/www.hsu-hh.de\/ant\/wp-json\/wp\/v2\/pages\/173\/revisions"}],"predecessor-version":[{"id":2468,"href":"https:\/\/www.hsu-hh.de\/ant\/wp-json\/wp\/v2\/pages\/173\/revisions\/2468"}],"up":[{"embeddable":true,"href":"https:\/\/www.hsu-hh.de\/ant\/wp-json\/wp\/v2\/pages\/120"}],"wp:attachment":[{"href":"https:\/\/www.hsu-hh.de\/ant\/wp-json\/wp\/v2\/media?parent=173"}],"wp:term":[{"taxonomy":"category","embeddable":true,"href":"https:\/\/www.hsu-hh.de\/ant\/wp-json\/wp\/v2\/categories?post=173"},{"taxonomy":"post_tag","embeddable":true,"href":"https:\/\/www.hsu-hh.de\/ant\/wp-json\/wp\/v2\/tags?post=173"}],"curies":[{"name":"wp","href":"https:\/\/api.w.org\/{rel}","templated":true}]}}