{"id":1650,"date":"2019-10-22T14:03:12","date_gmt":"2019-10-22T12:03:12","guid":{"rendered":"https:\/\/www.hsu-hh.de\/ant\/?page_id=1650"},"modified":"2023-11-13T21:13:50","modified_gmt":"2023-11-13T20:13:50","slug":"daniel-ahlers","status":"publish","type":"page","link":"https:\/\/www.hsu-hh.de\/ant\/mitarbeiter\/daniel-ahlers","title":{"rendered":"M.Sc. Daniel Ahlers"},"content":{"rendered":"<div class=\"ansprechparter-container\">\n<div class=\"row ansprechpartner-item ansprechparter-header\">\n<div class=\"col-md-4 col-lg-3 col-xs-4 ansprechpartner-item floatright img-circle center-block\" style=\"margin-bottom: 30px\">\n<div class=\"img-responsive-wrapper\">\n<p><img loading=\"lazy\" decoding=\"async\" class=\"img-circle img-responsive center-block alignnone wp-image-1660 \" src=\"https:\/\/www.hsu-hh.de\/ant\/wp-content\/uploads\/sites\/699\/2019\/10\/Daniel-150x150.jpg\" alt=\"Portr\u00e4t\" data-credit=\"Daniel Ahlers\" width=\"170\" height=\"170\" srcset=\"https:\/\/www.hsu-hh.de\/ant\/wp-content\/uploads\/sites\/699\/2019\/10\/Daniel-150x150.jpg 150w, https:\/\/www.hsu-hh.de\/ant\/wp-content\/uploads\/sites\/699\/2019\/10\/Daniel-300x300.jpg 300w, https:\/\/www.hsu-hh.de\/ant\/wp-content\/uploads\/sites\/699\/2019\/10\/Daniel-100x100.jpg 100w, https:\/\/www.hsu-hh.de\/ant\/wp-content\/uploads\/sites\/699\/2019\/10\/Daniel.jpg 644w\" sizes=\"auto, (max-width: 170px) 100vw, 170px\" \/><\/p>\n<\/div>\n<\/div>\n<div class=\"col-md-12 col-lg-3 col-xs-12 ansprechpartner-item kontakt floatright\" style=\"margin-bottom: 30px\">\n<div class=\"row\">\n<div class=\"col-xs-12 col-sm-6 col-lg-12\">\n<div class=\"row\">\n<div class=\"col-xs-12 col-lg-4 row-text bold\">Raum:<\/div>\n<div class=\"col-xs-12 col-lg-8 row-text\">H3\/117<\/div>\n<\/div>\n<\/div>\n<div class=\"col-xs-12 col-sm-6 col-lg-12\">\n<div class=\"row\">\n<div class=\"col-xs-12 col-lg-4 row-text bold\">Telefon:<\/div>\n<div class=\"col-xs-12 col-lg-8 row-text\">+49-40-6541-2614<\/div>\n<\/div>\n<\/div>\n<div class=\"col-xs-12 col-sm-6 col-lg-12\">\n<div class=\"row\">\n<div class=\"col-xs-12 col-md-12 row-text bold\">E-Mail:<\/div>\n<div class=\"col-xs-12 col-md-12 row-text\"><a href=\"mailto:daniel.ahlers@hsu-hh.de\" rel='nofollow'>daniel.ahlers@hsu-hh.de<\/a><\/div>\n<\/div>\n<\/div>\n<\/div>\n<\/div>\n<div class=\"col-md-6 col-lg-3 col-xs-12 ansprechpartner-item anschrift floatright\">\n<div class=\"row-headline\">Besucheranschrift<\/div>\n<div class=\"row-text\">Helmut-Schmidt-Universit\u00e4t<\/div>\n<div class=\"row-text\">Geb\u00e4ude H3<\/div>\n<div class=\"row-text\">Holstenhofweg 85<\/div>\n<div class=\"row-text\">22043 Hamburg<\/div>\n<\/div>\n<div class=\"col-md-6 col-lg-3 col-xs-12 ansprechpartner-item anschrift floatright\">\n<div class=\"row-headline\">Postanschrift<\/div>\n<div class=\"row-text\">Helmut-Schmidt-Universit\u00e4t<\/div>\n<div class=\"row-text\">Fakult\u00e4t f\u00fcr Elektrotechnik<\/div>\n<div class=\"row-text\">Allgemeine Nachrichtentechnik<\/div>\n<div class=\"row-text\">Postfach 70 08 22<\/div>\n<div class=\"row-text\">22008 Hamburg<\/div>\n<\/div>\n<\/div>\n<\/div>\n\n\n<div style=\"height:20px\" aria-hidden=\"true\" class=\"wp-block-spacer\"><\/div>\n\n\n\n<p>Daniel Ahlers studierte Elektrotechnik an der Technischen Universit\u00e4t Hamburg in Verbindung mit einem Dualen Studium. In seiner Fachrichtung Nachrichtentechnik hat er sich auf Audio- und Video-\u00dcbertragung sowie Multimedia-Signalverarbeitung spezialisiert.<br>Seit 2019 ist er wissenschaftlicher Mitarbeiter an der Professur f\u00fcr Allgemeine Nachrichtentechnik an der Helmut-Schmidt-Universit\u00e4t und besch\u00e4ftigt sich mit Mehrobjekterkennung auf Videostreams mithilfe von Machine Learning.<\/p>\n\n\n\n<hr class=\"wp-block-separator has-css-opacity\" \/>\n\n\n\n<h2 class=\"wp-block-heading\">Forschungsthemen<\/h2>\n\n\n\n<ul class=\"wp-block-list\">\n<li>Objekterkennung<\/li>\n\n\n\n<li>Datensatzerzeugung und -analyse<\/li>\n\n\n\n<li>Machine Learning<\/li>\n<\/ul>\n\n\n\n<hr class=\"wp-block-separator has-css-opacity\" \/>\n\n\n\n<h2 class=\"wp-block-heading\">Lehre<\/h2>\n\n\n\n<ul class=\"wp-block-list\">\n<li>Multimedia-Signalverarbeitung (\u00dcbung)<\/li>\n<\/ul>\n\n\n\n<hr class=\"wp-block-separator has-css-opacity\" \/>\n\n\n\n<h2 class=\"wp-block-heading\">Betreute Abschlussarbeiten<\/h2>\n\n\n\n<p>Roman Carillo &#8211; &#8222;Optimization of a convolutional neural network for multi-object detection&#8220;, Masterarbeit<\/p>\n\n\n\n<p>Michael M\u00f6tje &#8211; &#8222;Implementierung eines Low-Latency Videocodecs zur Echtzeit\u00fcbertragung&#8220;, Masterarbeit<\/p>\n\n\n\n<p>Paul Knauth &#8211; &#8222;Creating a dataset with public camera streams for multi object detection in maritime environments&#8220;, Bachelorarbeit<\/p>\n\n\n\n<p>Michael M\u00f6tje &#8211; &#8222;Simulation und Analyse von Bildkompression auf Basis des JPEG-Standards&#8220;, Studienarbeit<\/p>\n\n\n\n<p>Prathima Krishna Subramanian &#8211; &#8222;Analysis to accelerate image labeling using CNN based object detectors&#8220;, Masterarbeit<\/p>\n\n\n\n<p>Song Son Ha &#8211; &#8222;Study on real-time multi-object tracking on maritime video sequences&#8220;, Masterarbeit<\/p>\n\n\n\n<p>Song Son Ha &#8211; &#8222;Entwicklung und Analyse eines Faltungsnetzes zur Klassifizierung von 2D ShapeNet Bildern&#8220;, Studienarbeit<\/p>\n\n\n\n<hr class=\"wp-block-separator has-alpha-channel-opacity\" \/>\n\n\n\n<h2 class=\"wp-block-heading\">Publikationen<\/h2>\n\n\n\n<p>P. Bhattacharya, P. Nowak, D. Ahlers, U. Z\u00f6lzer: \u201cA Dataset of Infrared Images for Deep Learning based Drone Detection\u201d, in 17th International Conference on Signal-Image Technology &amp; Internet-Based Systems (SITIS), Bangkok, Thailand, 8-10 November, 2023<\/p>\n\n\n\n<p>D. Ahlers, P. Bhattacharya, P. Nowak, U. Z\u00f6lzer: \u201cShore Livecams: A Maritime Dataset for Deep Learning based Object Detection\u201d, in 17th International Conference on Signal-Image Technology &amp; Internet-Based Systems (SITIS), Bangkok, Thailand, 8-10 November, 2023<\/p>\n\n\n\n<p>P. Bhattacharya, P. Nowak, D. Ahlers, M. Holters, U. Z\u00f6lzer: <a href=\"https:\/\/doi.org\/10.24405\/14522\" data-type=\"URL\" data-id=\"https:\/\/doi.org\/10.24405\/14522\" rel='nofollow'>&#8222;CNN based Drone Detection in Infrared Images&#8220;<\/a>, in dtec. bw &#8211; Band 1, Hamburg, Deutschland, 2022<\/p>\n\n\n\n<p><a href=\"https:\/\/www.hsu-hh.de\/ant\/digital-audio-signal-processing\/\">Digital Audio Signal Processing<\/a>, 3rd Edition, Ch. 5, J. Wiley &amp; Sons, 2022<\/p>\n","protected":false},"excerpt":{"rendered":"<p>Raum: H3\/117 Telefon: +49-40-6541-2614 E-Mail: daniel.ahlers@hsu-hh.de Besucheranschrift Helmut-Schmidt-Universit\u00e4t Geb\u00e4ude H3 Holstenhofweg 85 22043 Hamburg Postanschrift Helmut-Schmidt-Universit\u00e4t Fakult\u00e4t f\u00fcr Elektrotechnik Allgemeine Nachrichtentechnik Postfach 70 08 22 22008 Hamburg Daniel Ahlers studierte [&hellip;]<\/p>\n","protected":false},"author":2357,"featured_media":0,"parent":120,"menu_order":0,"comment_status":"closed","ping_status":"closed","template":"","meta":{"footnotes":""},"categories":[4],"tags":[],"class_list":["post-1650","page","type-page","status-publish","hentry","category-forschung"],"_links":{"self":[{"href":"https:\/\/www.hsu-hh.de\/ant\/wp-json\/wp\/v2\/pages\/1650","targetHints":{"allow":["GET"]}}],"collection":[{"href":"https:\/\/www.hsu-hh.de\/ant\/wp-json\/wp\/v2\/pages"}],"about":[{"href":"https:\/\/www.hsu-hh.de\/ant\/wp-json\/wp\/v2\/types\/page"}],"author":[{"embeddable":true,"href":"https:\/\/www.hsu-hh.de\/ant\/wp-json\/wp\/v2\/users\/2357"}],"replies":[{"embeddable":true,"href":"https:\/\/www.hsu-hh.de\/ant\/wp-json\/wp\/v2\/comments?post=1650"}],"version-history":[{"count":37,"href":"https:\/\/www.hsu-hh.de\/ant\/wp-json\/wp\/v2\/pages\/1650\/revisions"}],"predecessor-version":[{"id":2394,"href":"https:\/\/www.hsu-hh.de\/ant\/wp-json\/wp\/v2\/pages\/1650\/revisions\/2394"}],"up":[{"embeddable":true,"href":"https:\/\/www.hsu-hh.de\/ant\/wp-json\/wp\/v2\/pages\/120"}],"wp:attachment":[{"href":"https:\/\/www.hsu-hh.de\/ant\/wp-json\/wp\/v2\/media?parent=1650"}],"wp:term":[{"taxonomy":"category","embeddable":true,"href":"https:\/\/www.hsu-hh.de\/ant\/wp-json\/wp\/v2\/categories?post=1650"},{"taxonomy":"post_tag","embeddable":true,"href":"https:\/\/www.hsu-hh.de\/ant\/wp-json\/wp\/v2\/tags?post=1650"}],"curies":[{"name":"wp","href":"https:\/\/api.w.org\/{rel}","templated":true}]}}