{"id":165,"date":"2017-10-12T13:10:39","date_gmt":"2017-10-12T11:10:39","guid":{"rendered":"https:\/\/www.hsu-hh.de\/ant\/?page_id=165"},"modified":"2020-09-10T10:02:04","modified_gmt":"2020-09-10T08:02:04","slug":"m-sc-lars-urbansky","status":"publish","type":"page","link":"https:\/\/www.hsu-hh.de\/ant\/mitarbeiter\/m-sc-lars-urbansky","title":{"rendered":"Dr.-Ing.\u00a0Lars Urbansky"},"content":{"rendered":"<div class=\"ansprechparter-container\">\n<div class=\"row ansprechpartner-item ansprechparter-header\">\n<div class=\"col-xs-8 col-lg-12\" style=\"margin-bottom: 30px\"><\/div>\n<div class=\"col-md-4 col-lg-3 col-xs-4 ansprechpartner-item floatright img-circle center-block\" style=\"margin-bottom: 30px\">\n<div class=\"img-responsive-wrapper\"><img loading=\"lazy\" decoding=\"async\" class=\"alignnone wp-image-1553 size-medium\" src=\"https:\/\/www.hsu-hh.de\/ant\/wp-content\/uploads\/sites\/699\/2019\/03\/Lars_Urbansky-251x300.jpg\" alt=\"Portr\u00e4t\" width=\"251\" height=\"300\" data-credit=\"Lars Urbansky\" \/><\/div>\n<\/div>\n<div class=\"col-md-12 col-lg-3 col-xs-12 ansprechpartner-item kontakt floatright\" style=\"margin-bottom: 30px\">\n<div class=\"row\">\n<div class=\"col-xs-12 col-sm-6 col-lg-12\">\n<div class=\"row\">\n<div class=\"col-xs-12 col-lg-4 row-text bold\">Raum:<\/div>\n<div class=\"col-xs-12 col-lg-8 row-text\">2416<\/div>\n<\/div>\n<\/div>\n<div class=\"col-xs-12 col-sm-6 col-lg-12\">\n<div class=\"row\">\n<div class=\"col-xs-12 col-lg-4 row-text bold\">Telefon:<\/div>\n<div class=\"col-xs-12 col-lg-8 row-text\">+49-40-6541-2658<\/div>\n<\/div>\n<\/div>\n<div class=\"col-xs-12 col-sm-6 col-lg-12\"><\/div>\n<div class=\"col-xs-12 col-sm-6 col-lg-12\">\n<div class=\"row\">\n<div class=\"col-xs-12 col-md-12 row-text bold\">Email:<\/div>\n<div class=\"col-xs-12 col-md-12 row-text\"><a href=\"lars.urbansky@hsu-hh.de\" rel='nofollow'>lars.urbansky@hsu-hh.de<\/a><\/div>\n<\/div>\n<\/div>\n<\/div>\n<\/div>\n<div class=\"col-md-6 col-lg-3 col-xs-12 ansprechpartner-item anschrift floatright\">\n<div class=\"row-headline\">Besucheranschrift<\/div>\n<div class=\"row-text\">Helmut-Schmidt-Universit\u00e4t<\/div>\n<div class=\"row-text\">Geb\u00e4ude H1<\/div>\n<div class=\"row-text\">Holstenhofweg 85<\/div>\n<div class=\"row-text\">22043 Hamburg<\/div>\n<\/div>\n<div class=\"col-md-6 col-lg-3 col-xs-12 ansprechpartner-item anschrift floatright\">\n<div class=\"row-headline\">Postanschrift<\/div>\n<div class=\"row-text\">Helmut-Schmidt-Universit\u00e4t<\/div>\n<div class=\"row-text\">Fakult\u00e4t f\u00fcr Elektrotechnik<\/div>\n<div class=\"row-text\">Allgemeine Nachrichtentechnik<\/div>\n<div class=\"row-text\">Postfach 70 08 22<\/div>\n<div class=\"row-text\">22008 Hamburg<\/div>\n<\/div>\n<\/div>\n<\/div>\n<div class=\"clearfix\">\u00a0<\/div>\n<h3>Forschung<\/h3>\n<p>Digitale Signalverarbeitung in Mikrofonen<\/p>\n<h3>Lehre<\/h3>\n<ul>\n<li>Kommunikationssysteme &#8211; \u00dcbung, Labor\u00fcbung<\/li>\n<li>Kryptologie &#8211; \u00dcbung<\/li>\n<li>Digital Communication Systems &#8211; \u00dcbung<\/li>\n<\/ul>\n<h3>Betreute studentische Arbeiten<\/h3>\n<ul>\n<li>F. Poppinga &#8211; &#8222;Implementation and Evaluation of Audio Based Methods for Robust Inter-Robot Communication&#8220;<\/li>\n<li>P. Nowak &#8211; &#8222;Implementierung und Evaluierung von Kontrollstrukturen f\u00fcr die aktive Rauschunterdr\u00fcckung in Kopfh\u00f6rern&#8220;<\/li>\n<li>M. Toumazet &#8211; &#8222;Simulation of a multiple-carrier Amplitude Modulation\/Demodulation system&#8220;<\/li>\n<li>A. Habib &#8211; &#8222;Development and Implementation of an extensible FPGA-based I2S-Interface&#8220;<\/li>\n<li>A. Lenka &#8211; &#8222;Investigation of Modern Digital Modulation Methods in Acoustic Communication Systems&#8220;<\/li>\n<li>A. Habib &#8211; &#8222;Active Noise Control Headphones Prototype based on an FPGA Platform&#8220;<\/li>\n<li>Y. Zhu &#8211; &#8222;Sampling Clock Offset Estimation and Correction in an OFDM-based Acoustic Communication System&#8220;<\/li>\n<li>J. Carstens &#8211; &#8222;Analog Circuit Design Analysis and Improvement for a Digital Microphone with Amplitude Modulation&#8220;<\/li>\n<li>J. Carstens &#8211; &#8222;Analog and Mixed-Signal Circuit Design, Implementation and Verification for a Digital Radio-Frequency Microphone&#8220;<\/li>\n<\/ul>\n<h2>Publikationen<\/h2>\n<p style=\"padding-left: 40px\">L. Urbansky, U. Z\u00f6lzer: &#8222;A High-Quality Digital Radio-Frequency Capacitor Microphone with Improved Dynamic Range&#8220;, The Journal of the Acoustical Society of America, vol. 147, no. 3, pp. 1953\u20131965, 2020. [Online]. Available: \u00a0<a href=\"https:\/\/doi.org\/10.1121\/10.0000946\" rel='nofollow'>https:\/\/doi.org\/10.1121\/10.0000946<\/a><\/p>\n<p style=\"padding-left: 40px\">L. Urbansky, U. Z\u00f6lzer: &#8222;A Novel Digital Radio-Frequency Capacitor Microphone with Gain Ranging&#8220;, 146th AES Convention, 2019, Dublin, Ireland.<\/p>\n<p style=\"padding-left: 40px\">L. Urbansky, U. Z\u00f6lzer: &#8222;A Digital Radio-Frequency Condenser Microphone With Amplitude Modulation&#8220;, IEEE International Symposium on Circuits and Systems (ISCAS), 2019, Sapporo, Japan.<\/p>\n","protected":false},"excerpt":{"rendered":"<p>Raum: 2416 Telefon: +49-40-6541-2658 Email: lars.urbansky@hsu-hh.de Besucheranschrift Helmut-Schmidt-Universit\u00e4t Geb\u00e4ude H1 Holstenhofweg 85 22043 Hamburg Postanschrift Helmut-Schmidt-Universit\u00e4t Fakult\u00e4t f\u00fcr Elektrotechnik Allgemeine Nachrichtentechnik Postfach 70 08 22 22008 Hamburg \u00a0 Forschung Digitale [&hellip;]<\/p>\n","protected":false},"author":113,"featured_media":0,"parent":120,"menu_order":0,"comment_status":"closed","ping_status":"closed","template":"","meta":{"footnotes":""},"categories":[4],"tags":[],"class_list":["post-165","page","type-page","status-publish","hentry","category-forschung"],"_links":{"self":[{"href":"https:\/\/www.hsu-hh.de\/ant\/wp-json\/wp\/v2\/pages\/165","targetHints":{"allow":["GET"]}}],"collection":[{"href":"https:\/\/www.hsu-hh.de\/ant\/wp-json\/wp\/v2\/pages"}],"about":[{"href":"https:\/\/www.hsu-hh.de\/ant\/wp-json\/wp\/v2\/types\/page"}],"author":[{"embeddable":true,"href":"https:\/\/www.hsu-hh.de\/ant\/wp-json\/wp\/v2\/users\/113"}],"replies":[{"embeddable":true,"href":"https:\/\/www.hsu-hh.de\/ant\/wp-json\/wp\/v2\/comments?post=165"}],"version-history":[{"count":23,"href":"https:\/\/www.hsu-hh.de\/ant\/wp-json\/wp\/v2\/pages\/165\/revisions"}],"predecessor-version":[{"id":1860,"href":"https:\/\/www.hsu-hh.de\/ant\/wp-json\/wp\/v2\/pages\/165\/revisions\/1860"}],"up":[{"embeddable":true,"href":"https:\/\/www.hsu-hh.de\/ant\/wp-json\/wp\/v2\/pages\/120"}],"wp:attachment":[{"href":"https:\/\/www.hsu-hh.de\/ant\/wp-json\/wp\/v2\/media?parent=165"}],"wp:term":[{"taxonomy":"category","embeddable":true,"href":"https:\/\/www.hsu-hh.de\/ant\/wp-json\/wp\/v2\/categories?post=165"},{"taxonomy":"post_tag","embeddable":true,"href":"https:\/\/www.hsu-hh.de\/ant\/wp-json\/wp\/v2\/tags?post=165"}],"curies":[{"name":"wp","href":"https:\/\/api.w.org\/{rel}","templated":true}]}}