{"id":1414,"date":"2018-08-15T13:05:00","date_gmt":"2018-08-15T11:05:00","guid":{"rendered":"https:\/\/www.hsu-hh.de\/ant\/?page_id=1414"},"modified":"2022-03-17T09:35:24","modified_gmt":"2022-03-17T08:35:24","slug":"m-sc-piero-rivera-benois-3","status":"publish","type":"page","link":"https:\/\/www.hsu-hh.de\/ant\/en\/team\/m-sc-piero-rivera-benois-3","title":{"rendered":"Dr.-Ing. Piero Rivera Benois"},"content":{"rendered":"<div class=\"ansprechparter-container\">\n<div class=\"row ansprechpartner-item ansprechparter-header\">\n<div class=\"col-xs-8 col-lg-12\">\n<div class=\"mobile-small\"><\/div>\n<\/div>\n<div class=\"col-md-4 col-lg-3 col-xs-4 ansprechpartner-item floatright img-circle center-block\">\n<div class=\"img-responsive-wrapper\"><img decoding=\"async\" src=\"https:\/\/www.hsu-hh.de\/ant\/wp-content\/uploads\/sites\/699\/2017\/10\/profile_180x240.png\"><\/div>\n<\/div>\n<div class=\"col-md-12 col-lg-3 col-xs-12 ansprechpartner-item kontakt floatright\">\n<div class=\"row\">\n<div class=\"col-xs-12 col-sm-6 col-lg-12\">\n<div class=\"row\">\n<div class=\"col-xs-12 col-lg-4 row-text bold\">Office:<\/div>\n<div class=\"col-xs-12 col-lg-8 row-text\">H3 &#8211; 116<\/div>\n<div class=\"col-xs-12 col-lg-8 row-text\">+49-40-6541-2899<\/div>\n<\/div>\n<\/div>\n<div class=\"col-xs-12 col-sm-6 col-lg-12\">\n<div class=\"row\">\n<div class=\"col-xs-12 col-lg-4 row-text bold\">Lab:<\/div>\n<div class=\"col-xs-12 col-lg-8 row-text\">H1 &#8211; 2416<br \/>\n+49-40-6541-2660<\/div>\n<\/div>\n<\/div>\n<div class=\"col-xs-12 col-sm-6 col-lg-12\">\n<div class=\"row\">\n<div class=\"col-xs-12 col-lg-8 row-text\"><\/div>\n<\/div>\n<\/div>\n<div class=\"col-xs-12 col-sm-6 col-lg-12\">\n<div class=\"row\">\n<div class=\"col-xs-12 col-md-12 row-text bold\">Email:<\/div>\n<div class=\"col-xs-12 col-md-12 row-text\"><a href=\"piero.rivera.benois@hsu-hh.de\" rel='nofollow'>piero.rivera.benois@hsu-hh.de<\/a><\/div>\n<\/div>\n<\/div>\n<\/div>\n<\/div>\n<div class=\"col-md-6 col-lg-3 col-xs-12 ansprechpartner-item anschrift floatright\">\n<div class=\"row-headline\">Besucheranschrift<\/div>\n<div class=\"row-text\">Helmut-Schmidt-Universit\u00e4t<\/div>\n<div class=\"row-text\">Geb\u00e4ude H1\/H3<\/div>\n<div class=\"row-text\">Holstenhofweg 85<\/div>\n<div class=\"row-text\">22043 Hamburg<\/div>\n<\/div>\n<div class=\"col-md-6 col-lg-3 col-xs-12 ansprechpartner-item anschrift floatright\">\n<div class=\"row-headline\">Postanschrift<\/div>\n<div class=\"row-text\">Helmut-Schmidt-Universit\u00e4t<\/div>\n<div class=\"row-text\">Fakult\u00e4t f\u00fcr Elektrotechnik<\/div>\n<div class=\"row-text\">Allgemeine Nachrichtentechnik<\/div>\n<div class=\"row-text\">Postfach 70 08 22<\/div>\n<div class=\"row-text\">22008 Hamburg<\/div>\n<\/div>\n<\/div>\n<\/div>\n<div class=\"clearfix\"><\/div>\n<h2>Research<\/h2>\n<h3>Active Noise Control Headphones<\/h3>\n<h3>Headphones Prototyping<\/h3>\n<p><img loading=\"lazy\" decoding=\"async\" class=\"size-full aligncenter\" src=\"https:\/\/www.hsu-hh.de\/ant\/wp-content\/uploads\/sites\/699\/2017\/10\/anathomy_of_the_ANC_headphone_and_prototype.png\" alt=\"anathomy_of_the_ANC_headphone_and_prototype\" width=\"625\" height=\"350\"><\/p>\n<h3>FPGA Implementation of Control Algorithms<\/h3>\n<p><img decoding=\"async\" class=\"aligncenter\" src=\"https:\/\/www.hsu-hh.de\/ant\/wp-content\/uploads\/sites\/699\/2017\/10\/block_diagram_and_sys_gen.png\">&nbsp;<\/p>\n<h3>Real-Time Evaluation of Control Parameters<\/h3>\n<p><img loading=\"lazy\" decoding=\"async\" class=\"aligncenter wp-image-1690 size-large\" src=\"https:\/\/www.hsu-hh.de\/ant\/wp-content\/uploads\/sites\/699\/2019\/10\/rivera_-_evaluation_setup-1024x576.png\" alt=\"Evaluation setup\" data-credit=\"PRB\" width=\"1024\" height=\"576\" srcset=\"https:\/\/www.hsu-hh.de\/ant\/wp-content\/uploads\/sites\/699\/2019\/10\/rivera_-_evaluation_setup-1024x576.png 1024w, https:\/\/www.hsu-hh.de\/ant\/wp-content\/uploads\/sites\/699\/2019\/10\/rivera_-_evaluation_setup-300x169.png 300w, https:\/\/www.hsu-hh.de\/ant\/wp-content\/uploads\/sites\/699\/2019\/10\/rivera_-_evaluation_setup-768x432.png 768w, https:\/\/www.hsu-hh.de\/ant\/wp-content\/uploads\/sites\/699\/2019\/10\/rivera_-_evaluation_setup.png 1033w\" sizes=\"auto, (max-width: 1024px) 100vw, 1024px\" \/><\/p>\n<h2>Supervised Student Work<\/h2>\n<ul>\n<li>J. Opaluwa \u2013 \u201eRobust Stable Adaptive Feedback Controller for Active Noise Cancelling Headphones\u201c, Master Thesis, 1. Mai, 2019.<\/li>\n<li>M. Salman \u2013 \u201eImproved Adaptation Algorithms for Hybrid Active Noise Control in Headphones\u201c, Master Thesis, 01. April, 2019.<\/li>\n<li>J. Opaluwa &#8211; &#8222;Feedback Controller Design Tool for Active Noise Control&#8220;, Research Project, 18th October, 2018.<\/li>\n<li>M. Salman &#8211; &#8222;Adaptation Algorithms for Impulsive Noise&#8220;, Research Project, 28th September, 2018.<\/li>\n<li>A. Sampath Kumar &#8211; &#8222;Neural Network Architectures for the Calculation of Psychoacoustic Metrics&#8220;, Master Thesis, 30th August, 2018.<\/li>\n<li>A. Habib &#8211; &#8222;Active Noise Control Headphones Prototype based on an FPGA Platform&#8220;, Master Thesis, 30th July, 2018.<\/li>\n<li>P. Nowak &#8211; &#8222;Implementierung und Evaluierung von Kontrollstrukturen f\u00fcr die aktive Rauschunterdr\u00fcckung in Kopfh\u00f6rern&#8220;, Master Thesis, 20th October, 2016.<\/li>\n<li>G. Foch &#8211; &#8222;Evaluation of Optimum Controller Derivation for a Feedforward Active Noise Control Scheme&#8220;, Master Thesis, 26th November, 2015.<\/li>\n<li>C. Vega Alonso &#8211; &#8222;Active Noise Control Feedback Scheme Applied to Commercial Headphones&#8220;, Master Thesis, 27th August, 2015.<\/li>\n<li>C. Cybik &#8211; &#8222;Analysis and Verification of New ANC-Algorithms&#8220;, Master Thesis, 31st May, 2015.<\/li>\n<\/ul>\n<h2>Publications<\/h2>\n<ul>\n<li>P. Rivera Benois, P. Nowak, E. Gerat, M. Salman, U. Z\u00f6lzer: <a href=\"https:\/\/www.hsu-hh.de\/ant\/wp-content\/uploads\/sites\/699\/2019\/04\/INNO19_Rivera_et_al_v1.pdf\">Improving the Performance of an Active Noise Cancelling Headphones Prototype<\/a>, Proceedings of the 48th International Congress and Exposition on Noise Control Engineering, INTER-NOISE, Madrid, Spain, 16-19 June, 2019.<\/li>\n<li>P. Rivera Benois, U. Z\u00f6lzer: <a href=\"https:\/\/www.hsu-hh.de\/ant\/wp-content\/uploads\/sites\/699\/2019\/04\/ICSV26_Rivera_Zoelzer_v3.pdf\">Psychoacoustic Optimization of a Feedback Controller for Active Noise Cancelling Headphones<\/a>, Proceedings of the 26th International Congress on Sound and Vibration, Montreal, Canada, 7-11 July, 2019.<\/li>\n<li>P. Rivera Benois, P. Nowak, U. Z\u00f6lzer: <a href=\"https:\/\/www.hsu-hh.de\/ant\/wp-content\/uploads\/sites\/699\/2019\/01\/Hybrid-Active-Noise-Control-Structures_-A-Short-Overview-Rivera-Nowak-Zoelzer.pdf\">Hybrid Active Noise Control Structures: A Short Overview<\/a>, Proceedings of the 13th ITG Conference on Speech Communication, Oldenburg, Germany,&nbsp; 10-12 October, 2018.<\/li>\n<li>P. Rivera Benois, V. Papantoni, U. Z\u00f6lzer: <a href=\"https:\/\/www.hsu-hh.de\/ant\/wp-content\/uploads\/sites\/699\/2018\/08\/ICSV25_full_paper_Rivera_Papantoni_Zoelzer.pdf\">Psychoacoustic Hybrid Active Noise Control Structure for Application in&nbsp;Headphones<\/a>, Proceedings of the 25th International Congress on Sound and Vibration, Hiroshima, Japan, 8-12 July, 2018.<\/li>\n<li>P. Rivera Benois, M. Eckert, P. Nowak, B. Klauer, U.Z\u00f6lzer: <a href=\"https:\/\/www.hsu-hh.de\/ant\/wp-content\/uploads\/sites\/699\/2019\/01\/HEART_2018_paper_13.pdf\">Low-Latency FIR Filter Structures Targeting FPGA Platforms<\/a>, Proceedings of the 7th International Symposium on Highly-Efficient Accelerators and Reconfigurable Technologies (HEART), Toronto, Canada, 20-22 June, 2018.<\/li>\n<li>P. Rivera Benois, P. Nowak, U. Z\u00f6lzer:&nbsp;<a href=\"https:\/\/www.hsu-hh.de\/ant\/wp-content\/uploads\/sites\/699\/2018\/03\/Rivera_Nowak_Zoelzer_2018_-_Real-time_FPGA-based_Platform.pdf\">Real-time FPGA-based Platform for Psychoacoustic Evaluation of ANC Headphones Control Algorithms and their Parameters<\/a>, Poster presented at the German Annual Conference on Acoustics (DAGA), M\u00fcnchen, Germany,&nbsp;19-22 March, 2018.<\/li>\n<li>P. Rivera Benois, P. Nowak, U. Z\u00f6lzer: <a href=\"https:\/\/www.hsu-hh.de\/ant\/wp-content\/uploads\/sites\/699\/2017\/11\/Rivera-Nowak-Z\u00f6lzer-2017-Evaluation-of-a-Decoupled-Feedforward-Feedback-Hybrid-Structure-for-Active-Noise-Control-in-a-Multi-Source-Environment.pdf\">Evaluation of a Decoupled Feedforward-Feedback Hybrid Structure for Active Noise Control Headphones in a Multi-Source Environment<\/a>,&nbsp;Proceedings&nbsp;of the 46th International Congress and Exposition on Noise Control Engineering, Hong Kong, China, 27-30 August, 2017.<\/li>\n<li>P. Rivera Benois, P. Nowak, U. Z\u00f6lzer: <a href=\"https:\/\/www.hsu-hh.de\/ant\/wp-content\/uploads\/sites\/699\/2017\/11\/Rivera-Nowak-Z\u00f6lzer-2017-Fully-Digital-Implementation-of-a-Hybrid-Feedback-Structure-for-Broadband-Active-Noise-Control-in-Headphones.pdf\">Fully Digital Implementation of a Hybrid Feedback Structure for Broadband Active Noise Control in Headphones<\/a>,&nbsp;Proceedings of the 24th International Congress on Sound and Vibration,&nbsp;London, England, 23-27 July, 2017.<\/li>\n<li>P. Rivera Benois, P. Bhattacharya, U. Z\u00f6lzer: <a href=\"https:\/\/www.hsu-hh.de\/ant\/wp-content\/uploads\/sites\/699\/2017\/11\/Rivera_Bhattacharya_Zoelzer_2016_-_Derivation_Technique_for_Headphone_Transfer_Functions_Based_on_Sine_Sweeps_and_Least_Squares_Minimization.pdf\">Derivation Technique for Headphone Transfer Functions Based on Sine Sweeps and Least Squares Minimization<\/a>,&nbsp;Proceedings of the 45th International Congress and Exposition on Noise Control Engineering,&nbsp;INTER-NOISE, Hamburg, Germany, 21-24 August, 2016.<\/li>\n<li>P. Rivera Benois: Simulation Framework for Analog Audio Circuits Based on Nodal DK Method, Master Thesis, Helmut-Schmidt-University, Hamburg, 5 December, 2013.<\/li>\n<\/ul>\n","protected":false},"excerpt":{"rendered":"<p>Office: H3 &#8211; 116 +49-40-6541-2899 Lab: H1 &#8211; 2416 +49-40-6541-2660 Email: piero.rivera.benois@hsu-hh.de Besucheranschrift Helmut-Schmidt-Universit\u00e4t Geb\u00e4ude H1\/H3 Holstenhofweg 85 22043 Hamburg Postanschrift Helmut-Schmidt-Universit\u00e4t Fakult\u00e4t f\u00fcr Elektrotechnik Allgemeine Nachrichtentechnik Postfach 70 08 [&hellip;]<\/p>\n","protected":false},"author":120,"featured_media":0,"parent":550,"menu_order":0,"comment_status":"closed","ping_status":"closed","template":"","meta":{"footnotes":""},"categories":[7],"tags":[],"class_list":["post-1414","page","type-page","status-publish","hentry","category-research"],"_links":{"self":[{"href":"https:\/\/www.hsu-hh.de\/ant\/wp-json\/wp\/v2\/pages\/1414","targetHints":{"allow":["GET"]}}],"collection":[{"href":"https:\/\/www.hsu-hh.de\/ant\/wp-json\/wp\/v2\/pages"}],"about":[{"href":"https:\/\/www.hsu-hh.de\/ant\/wp-json\/wp\/v2\/types\/page"}],"author":[{"embeddable":true,"href":"https:\/\/www.hsu-hh.de\/ant\/wp-json\/wp\/v2\/users\/120"}],"replies":[{"embeddable":true,"href":"https:\/\/www.hsu-hh.de\/ant\/wp-json\/wp\/v2\/comments?post=1414"}],"version-history":[{"count":19,"href":"https:\/\/www.hsu-hh.de\/ant\/wp-json\/wp\/v2\/pages\/1414\/revisions"}],"predecessor-version":[{"id":2126,"href":"https:\/\/www.hsu-hh.de\/ant\/wp-json\/wp\/v2\/pages\/1414\/revisions\/2126"}],"up":[{"embeddable":true,"href":"https:\/\/www.hsu-hh.de\/ant\/wp-json\/wp\/v2\/pages\/550"}],"wp:attachment":[{"href":"https:\/\/www.hsu-hh.de\/ant\/wp-json\/wp\/v2\/media?parent=1414"}],"wp:term":[{"taxonomy":"category","embeddable":true,"href":"https:\/\/www.hsu-hh.de\/ant\/wp-json\/wp\/v2\/categories?post=1414"},{"taxonomy":"post_tag","embeddable":true,"href":"https:\/\/www.hsu-hh.de\/ant\/wp-json\/wp\/v2\/tags?post=1414"}],"curies":[{"name":"wp","href":"https:\/\/api.w.org\/{rel}","templated":true}]}}