{"id":138,"date":"2017-10-12T10:11:30","date_gmt":"2017-10-12T08:11:30","guid":{"rendered":"https:\/\/www.hsu-hh.de\/ant\/?page_id=138"},"modified":"2023-02-07T09:46:14","modified_gmt":"2023-02-07T08:46:14","slug":"forschung","status":"publish","type":"page","link":"https:\/\/www.hsu-hh.de\/ant\/forschung","title":{"rendered":"Forschung"},"content":{"rendered":"<p>Das Forschungsgebiet erstreckt sich von der Digitalisierung von Audio- und Videosignalen \u00fcber die Verfahren der Signalverarbeitung und der \u00dcbertragungstechnik bis hin zur Reproduktion mit Hilfe von audiovisuellen Endger\u00e4ten. Hierbei steht die Systeml\u00f6sung im Vordergrund, so dass die Einzelaspekte der Quellencodierung, der angepassten Kanalcodierung und der mobilen \u00dcbertragungsverfahren aufeinander abgestimmt werden. Im Bereich der \u00dcbertragungsverfahren stehen neben den standardisierten Verfahren neue breitbandige mobile Funksysteme und Audio\/Video over IP im Mittelpunkt.<\/p>\n<h3>Kommunikation<\/h3>\n<h3>MIMO<\/h3>\n<ul>\n<li>Drahtloses MIMO \u00dcbertragungssystem (Multiple-Input Multiple-Output) mit 4 Sende- und 4 Empfangsantennen im 2.4 GHz ISM-Band<\/li>\n<li>Untersuchungen zur Kanalsch\u00e4tzung und Entzerrung frequenzselektiver MIMO Kan\u00e4le<\/li>\n<li>MIMO-Radar und Algorithmen<\/li>\n<li>Akustische Kommunikation<\/li>\n<\/ul>\n<p><a href=\"https:\/\/www.hsu-hh.de\/ant\/martin-holters\/\"><abbr title=\"Doktor\">Dr.<\/abbr>&#8211;<abbr title=\"Ingenieur\">Ing.<\/abbr> Martin Holters<\/a><\/p>\n<h3>Netzwerkkommunikation<\/h3>\n<ul>\n<li>Audio over IP<\/li>\n<li>Traffic-Analyse mit Machine Learning<\/li>\n<\/ul>\n<p><a href=\"https:\/\/www.hsu-hh.de\/ant\/mitarbeiter\/m-sc-guillaume-larnaudie-de-ferrand\"><abbr title=\"Master of Science\">M.Sc.<\/abbr> Guillaume Larnaudie de Ferrand<\/a><\/p>\n<hr \/>\n<p>Abgeschlossene Promotionen:<br \/>\nWeikert, Lieberei, Beinschob, Hageb\u00f6lling, M\u00fcller, Hinz, Fink<\/p>\n<h3>Audio<\/h3>\n<h3>Low-Delay Audiocodierung<\/h3>\n<ul>\n<li>Verz\u00f6gerungsfreie Audiocodierung mit niedriger Bitrate<\/li>\n<li>Fehlerrobuste Verfahren<\/li>\n<li>Audio over IP<\/li>\n<li>Neuartige digitale Mikrofone<\/li>\n<\/ul>\n<p><a href=\"https:\/\/www.hsu-hh.de\/ant\/dipl-ing-gediminas-simkus\/\"><abbr title=\"Diplom\">Dipl.<\/abbr>&#8211;<abbr title=\"Ingenieur\">Ing.<\/abbr> Gediminas Simkus<\/a><br \/>\n<a href=\"https:\/\/www.hsu-hh.de\/ant\/martin-holters\/\"><abbr title=\"Doktor\">Dr.<\/abbr>&#8211;<abbr title=\"Ingenieur\">Ing.<\/abbr> Martin Holters<\/a><br \/>\n<a href=\"https:\/\/www.hsu-hh.de\/ant\/mitarbeiter\/jannis-carstens\"><abbr title=\"Master of Science\">M.Sc.<\/abbr> Jannis Carstens<\/a><\/p>\n<h3>Quellenseparation<\/h3>\n<ul>\n<li>Quellenseparation und Analyse<\/li>\n<li>Upmix-Verfahren f\u00fcr Stereosignale<\/li>\n<\/ul>\n<h3>Active Noise Control<\/h3>\n<p><a href=\"https:\/\/www.hsu-hh.de\/ant\/mitarbeiter\/etienne-gerat\"><abbr title=\"Master of Science\">M.Sc.<\/abbr> Etienne Gerat<\/a><\/p>\n<h3>Nichtlineare Signalverarbeitung<\/h3>\n<ul>\n<li>Surroundsound f\u00fcr Kopfh\u00f6rer<\/li>\n<li>Psychoakustische Equalizer<\/li>\n<li>Emulation analoger Schaltungen<\/li>\n<\/ul>\n<p><a href=\"https:\/\/www.hsu-hh.de\/ant\/martin-holters\/\"><abbr title=\"Doktor\">Dr.<\/abbr>&#8211;<abbr title=\"Ingenieur\">Ing.<\/abbr> Martin Holters<\/a><br \/>\n<a href=\"https:\/\/www.hsu-hh.de\/ant\/team-2\/m-sc-patrick-nowak\/\"><abbr title=\"Doktor\">Dr.<\/abbr>&#8211;<abbr title=\"Ingenieur\">Ing.<\/abbr>\u00a0Patrick\u00a0Nowak<\/a><br \/>\n<a href=\"https:\/\/www.hsu-hh.de\/ant\/mitarbeiter\/lasse-koeper\"><abbr title=\"Master of Science\">M.Sc.<\/abbr> Lasse K\u00f6per<\/a><\/p>\n<hr \/>\n<p>Abgeschlossene Promotionen:<br \/>\nKeiler, Holters, Nsabimana, Langen, Corbach, Dempwolf, T\u00fcrckheim, Smit, von dem Knesebeck, Mieth, Fink, <a href=\"https:\/\/www.hsu-hh.de\/ant\/mitarbeiter\/eichas\">Eichas<\/a>, <a href=\"https:\/\/www.hsu-hh.de\/ant\/mitarbeiter\/m-sc-lars-urbansky\">Urbansky<\/a>, <a href=\"https:\/\/www.hsu-hh.de\/ant\/mitarbeiter\/m-sc-piero-rivera-benois\">Rivera Benois<\/a>, <a href=\"https:\/\/www.hsu-hh.de\/ant\/mitarbeiter\/sebastian-kraft\">Kraft<\/a>, <a href=\"https:\/\/www.hsu-hh.de\/ant\/mitarbeiter\/m-sc-patrick-nowak\">Nowak<\/a><\/p>\n<h3>Video<\/h3>\n<h3>Videocodierung<\/h3>\n<ul>\n<li>Video over IP<\/li>\n<li>High Efficiency Video Coding<\/li>\n<li>Objektive Qualit\u00e4tsbewertung<\/li>\n<\/ul>\n<h3>Schiffserkennung<\/h3>\n<ul>\n<li>Lokalisierung und Segmentierung von Schiffen<\/li>\n<li>Merkmals- und konturbasierte Algorithmen<\/li>\n<li>Klassifikationssystem f\u00fcr Schiffe<\/li>\n<\/ul>\n<p><a href=\"https:\/\/www.hsu-hh.de\/ant\/mitarbeiter\/daniel-ahlers\"><abbr title=\"Master of Science\">M.Sc.<\/abbr> Daniel Ahlers<\/a><\/p>\n<h3><strong>Segmentierung<\/strong> und Klassifikation von Bildern<br \/>\nim maritimen Umfeld<\/h3>\n<ul>\n<li>Segmentierung von Objekten und Hintergrund<\/li>\n<li>Klassifikation der Objekte<\/li>\n<li>Kontur-Extraktion der Objekte<\/li>\n<\/ul>\n<p><abbr><a href=\"https:\/\/www.hsu-hh.de\/ant\/team-2\/bhattacharya\/\"><abbr title=\"Doktor\">Dr.<\/abbr>&#8211;<abbr title=\"Ingenieur\">Ing.<\/abbr> Purbaditya Bhattacharya<\/a><br \/>\n<a href=\"https:\/\/www.hsu-hh.de\/ant\/mitarbeiter\/m-sc-patrick-nowak\"><abbr title=\"Doktor\">Dr.<\/abbr>&#8211;<abbr title=\"Ingenieur\">Ing.<\/abbr> Patrick Nowak<\/a><\/p>\n<h3>3D-Modellierung<\/h3>\n<ul>\n<li>Automatische Konturlinien<\/li>\n<li>Merkmalsextraktion und -registration<\/li>\n<li>Volumetrische Modelle aus Bilddaten<\/li>\n<\/ul>\n<hr \/>\n<p>Abgeschlossene Promotionen:<br \/>\nRuwwe, Keck, Rusch, Holm, Camino, Wulf, <a href=\"https:\/\/www.hsu-hh.de\/ant\/mitarbeiter\/bhattacharya\">Bhattacharya<\/a><\/p>\n<p><a href=\"https:\/\/www.hsu-hh.de\/ant\/publikationen\/\">Publikationen<\/a><\/p>\n","protected":false},"excerpt":{"rendered":"<p>Das Forschungsgebiet erstreckt sich von der Digitalisierung von Audio- und Videosignalen \u00fcber die Verfahren der Signalverarbeitung und der \u00dcbertragungstechnik bis hin zur Reproduktion mit Hilfe von audiovisuellen Endger\u00e4ten. Hierbei steht [&hellip;]<\/p>\n","protected":false},"author":113,"featured_media":0,"parent":0,"menu_order":0,"comment_status":"closed","ping_status":"closed","template":"","meta":{"footnotes":""},"categories":[4],"tags":[],"class_list":["post-138","page","type-page","status-publish","hentry","category-forschung"],"_links":{"self":[{"href":"https:\/\/www.hsu-hh.de\/ant\/wp-json\/wp\/v2\/pages\/138","targetHints":{"allow":["GET"]}}],"collection":[{"href":"https:\/\/www.hsu-hh.de\/ant\/wp-json\/wp\/v2\/pages"}],"about":[{"href":"https:\/\/www.hsu-hh.de\/ant\/wp-json\/wp\/v2\/types\/page"}],"author":[{"embeddable":true,"href":"https:\/\/www.hsu-hh.de\/ant\/wp-json\/wp\/v2\/users\/113"}],"replies":[{"embeddable":true,"href":"https:\/\/www.hsu-hh.de\/ant\/wp-json\/wp\/v2\/comments?post=138"}],"version-history":[{"count":57,"href":"https:\/\/www.hsu-hh.de\/ant\/wp-json\/wp\/v2\/pages\/138\/revisions"}],"predecessor-version":[{"id":2356,"href":"https:\/\/www.hsu-hh.de\/ant\/wp-json\/wp\/v2\/pages\/138\/revisions\/2356"}],"wp:attachment":[{"href":"https:\/\/www.hsu-hh.de\/ant\/wp-json\/wp\/v2\/media?parent=138"}],"wp:term":[{"taxonomy":"category","embeddable":true,"href":"https:\/\/www.hsu-hh.de\/ant\/wp-json\/wp\/v2\/categories?post=138"},{"taxonomy":"post_tag","embeddable":true,"href":"https:\/\/www.hsu-hh.de\/ant\/wp-json\/wp\/v2\/tags?post=138"}],"curies":[{"name":"wp","href":"https:\/\/api.w.org\/{rel}","templated":true}]}}