{"id":1298,"date":"2018-06-05T11:39:50","date_gmt":"2018-06-05T09:39:50","guid":{"rendered":"https:\/\/www.hsu-hh.de\/ant\/?page_id=1298"},"modified":"2020-03-30T10:59:32","modified_gmt":"2020-03-30T08:59:32","slug":"dipl-ing-andre-kelm","status":"publish","type":"page","link":"https:\/\/www.hsu-hh.de\/ant\/en\/team\/dipl-ing-andre-kelm","title":{"rendered":"Dipl.-Ing. Andr\u00e9 Kelm"},"content":{"rendered":"<p>&nbsp;<\/p>\n<div class=\"clearfix\"><\/div>\n<div class=\"ansprechparter-container\">\n<div class=\"row ansprechpartner-item ansprechparter-header\">\n<div class=\"col-xs-8 col-lg-12\" style=\"margin-bottom: 30px\">\n<div class=\"mobile-small\"><\/div>\n<\/div>\n<div class=\"col-md-4 col-lg-3 col-xs-4 ansprechpartner-item floatright img-circle center-block\" style=\"margin-bottom: 30px\">\n<div class=\"img-responsive-wrapper\"><img loading=\"lazy\" decoding=\"async\" class=\" wp-image-1806\" src=\"https:\/\/www.hsu-hh.de\/ant\/wp-content\/uploads\/sites\/699\/2020\/03\/b456d037-daa4-47ae-bca2-3439d69003d7-1-225x300.jpg\" alt=\"APK\" width=\"167\" height=\"217\" data-credit=\"APK\" \/><\/div>\n<\/div>\n<div class=\"col-md-12 col-lg-3 col-xs-12 ansprechpartner-item kontakt floatright\" style=\"margin-bottom: 30px\">\n<div class=\"row\">\n<div class=\"col-xs-12 col-sm-6 col-lg-12\">\n<div class=\"row\">\n<div class=\"col-xs-12 col-lg-4 row-text bold\">Room:<\/div>\n<div class=\"col-xs-12 col-lg-8 row-text\">117<\/div>\n<\/div>\n<\/div>\n<div class=\"col-xs-12 col-sm-6 col-lg-12\">\n<div class=\"row\">\n<div class=\"col-xs-12 col-lg-4 row-text bold\">Phone:<\/div>\n<div class=\"col-xs-12 col-lg-8 row-text\">(040) 6541-3738<\/div>\n<\/div>\n<\/div>\n<div class=\"col-xs-12 col-sm-6 col-lg-12\">\n<div class=\"row\">\n<div class=\"col-xs-12 col-lg-4 row-text bold\">Fax:<\/div>\n<div class=\"col-xs-12 col-lg-8 row-text\">(040) 6541-2834<\/div>\n<\/div>\n<\/div>\n<div class=\"col-xs-12 col-sm-6 col-lg-12\">\n<div class=\"row\">\n<div class=\"col-xs-12 col-md-12 row-text bold\">E-Mail:<\/div>\n<div class=\"col-xs-12 col-md-12 row-text\"><a href=\"muster@hsu-hh.de\" rel='nofollow'>Andre.Kelm@hsu-hh.de<\/a><\/div>\n<\/div>\n<\/div>\n<\/div>\n<\/div>\n<div class=\"col-md-6 col-lg-3 col-xs-12 ansprechpartner-item anschrift floatright\">\n<div class=\"row-headline\">Visitor Address<\/div>\n<div class=\"row-text\">Helmut-Schmidt-University<\/div>\n<div class=\"row-text\">Building H3<\/div>\n<div class=\"row-text\">Holstenhofweg 85<\/div>\n<div class=\"row-text\">22043 Hamburg<\/div>\n<\/div>\n<div class=\"col-md-6 col-lg-3 col-xs-12 ansprechpartner-item anschrift floatright\">\n<div class=\"row-headline\">Postal Address<\/div>\n<div class=\"row-text\">Helmut-Schmidt-University<\/div>\n<div class=\"row-text\">Faculty of Electrical Engineering<br \/>\nSignal Processing and Communications<br \/>\nP.O. Box 70 08 22<br \/>\n22008 Hamburg<\/div>\n<\/div>\n<\/div>\n<\/div>\n<div class=\"clearfix\"><\/div>\n<p>&nbsp;<\/p>\n<p>&nbsp;<\/p>\n<h3>Research<\/h3>\n<h3>Image processing with Deep Learning<\/h3>\n<p>Aim is the segmentation and classification of images in the maritime environment. For this purpose, mainly convolutional neural nets are used. Novel methods are investigated and, if necessary, adapted or developed. Classical image processing algorithms are used to support segmentation.<\/p>\n<p>&nbsp;<\/p>\n<figure id=\"attachment_1053\" aria-describedby=\"caption-attachment-1053\" style=\"width: 300px\" class=\"wp-caption alignnone\"><img loading=\"lazy\" decoding=\"async\" class=\"size-medium wp-image-1053\" src=\"https:\/\/www.hsu-hh.de\/ant\/wp-content\/uploads\/sites\/699\/2017\/11\/011_pred_merge-1-300x225.png\" alt=\"FTengl\" width=\"300\" height=\"225\" srcset=\"https:\/\/www.hsu-hh.de\/ant\/wp-content\/uploads\/sites\/699\/2017\/11\/011_pred_merge-1-300x225.png 300w, https:\/\/www.hsu-hh.de\/ant\/wp-content\/uploads\/sites\/699\/2017\/11\/011_pred_merge-1.png 768w\" sizes=\"auto, (max-width: 300px) 100vw, 300px\" \/><figcaption id=\"caption-attachment-1053\" class=\"wp-caption-text\">Segmentation CNN<\/figcaption><\/figure>\n<p>&nbsp;<\/p>\n<p>To understand the scene of the image, new interesting classes like water, sky, &#8230; and many more are learned.<\/p>\n<figure id=\"attachment_1611\" aria-describedby=\"caption-attachment-1611\" style=\"width: 300px\" class=\"wp-caption alignnone\"><img loading=\"lazy\" decoding=\"async\" class=\"size-medium wp-image-1611\" src=\"https:\/\/www.hsu-hh.de\/ant\/wp-content\/uploads\/sites\/699\/2019\/05\/Testbild_05-3-300x225.jpg\" alt=\"Ftraeg\" width=\"300\" height=\"225\" data-credit=\" US Navy Photo\" srcset=\"https:\/\/www.hsu-hh.de\/ant\/wp-content\/uploads\/sites\/699\/2019\/05\/Testbild_05-3-300x225.jpg 300w, https:\/\/www.hsu-hh.de\/ant\/wp-content\/uploads\/sites\/699\/2019\/05\/Testbild_05-3.jpg 768w\" sizes=\"auto, (max-width: 300px) 100vw, 300px\" \/><figcaption id=\"caption-attachment-1611\" class=\"wp-caption-text\">Ship-Scene-Segmentation CNN<\/figcaption><\/figure>\n<p>To support the classification task, a contour extraction method with deep learning was implemented.<\/p>\n<figure id=\"attachment_1266\" aria-describedby=\"caption-attachment-1266\" style=\"width: 300px\" class=\"wp-caption alignnone\"><img loading=\"lazy\" decoding=\"async\" class=\"size-medium wp-image-1266\" src=\"https:\/\/www.hsu-hh.de\/ant\/wp-content\/uploads\/sites\/699\/2017\/11\/Testbild_05_pred_merge-300x225.png\" alt=\"Tr\u00e4ger_Kontur\" width=\"300\" height=\"225\" srcset=\"https:\/\/www.hsu-hh.de\/ant\/wp-content\/uploads\/sites\/699\/2017\/11\/Testbild_05_pred_merge-300x225.png 300w, https:\/\/www.hsu-hh.de\/ant\/wp-content\/uploads\/sites\/699\/2017\/11\/Testbild_05_pred_merge.png 768w\" sizes=\"auto, (max-width: 300px) 100vw, 300px\" \/><figcaption id=\"caption-attachment-1266\" class=\"wp-caption-text\">Contour Extraction CNN<\/figcaption><\/figure>\n<p>The RefineContourNet uses an established segmentation network and reaches State-of-the-Art in edge-detection on the BSDS500 Benchmark: <a href=\"https:\/\/www.hsu-hh.de\/ant\/wp-content\/uploads\/sites\/699\/2019\/05\/BSDS500-SoA.pdf\">BSDS500 SoA<\/a><\/p>\n<p>Test-Code on\u00a0 <a href=\"https:\/\/github.com\/AndreKelm\/RefineContourNet\" rel='nofollow'>https:\/\/github.com\/AndreKelm\/RefineContourNet<\/a><\/p>\n<p>&nbsp;<\/p>\n<p>Supervised project work<\/p>\n<p>Vijesh Sao Rao \u2013 Training State-of-the-Art CNNs for Segmentation and Contour Detection on Ship Images, Student Project<\/p>\n<p>Christina Sander \u2013 SSD Analysis and Development of Adaption Proposal for a CNN Ship Detector, Student Project<\/p>\n<p>Supradeep Chikaballapur Manjunath &#8211; Contour Detection using SRCNN,\u00a0 Student Project<\/p>\n<p>Karthik Kadur Manjunath &#8211; Analysing Hypercolumn Features for Object Contour detection and Semantic Segmentation,\u00a0 Student Project<\/p>\n<p>Supervised Master Theses<\/p>\n<p>Vijesh Sao Rao \u2013 Generating synthetic NIR images from RGB images using GANs, Master Thesis<\/p>\n<p>Roc\u00edo Aldana Figueroa \u2013 CNN for Detailed Ship Image Segmentation using Contour and Segmentation Feature Maps, Master Thesis<\/p>\n<p>Sous-Lieutenant Jean Fissot \u2013 Using Phase-Stretch-Transform Algorithm as an Image-Feature-Extractor, Master Thesis<\/p>\n<p>Publications<\/p>\n<p>A. Kelm, V. Rao, U. Z\u00f6lzer:\u00a0<a href=\"https:\/\/link.springer.com\/chapter\/10.1007%2F978-3-030-29888-3_20\" rel='nofollow'>Object Contour and Edge Detection with RefineContourNet<\/a> \u2013 Computer Analysis of Images and Patterns, 18th International Conference, CAIP 2019, Salerno, Italy, September 3\u20135, 2019, Proceedings, Part I<\/p>\n<p>P. Bhattacharya, G. Simkus, C. de Obald\u00eda, A. Kelm, U. Z\u00f6lzer: Convolutional Neural Networks for Digital Signal Processing, LSA2017 &#8211; L\u00fcbeck Summer Academy on Medical Technology, July 2017, L\u00fcbeck, Germany.<\/p>\n<p>&nbsp;<\/p>\n","protected":false},"excerpt":{"rendered":"<p>&nbsp; Room: 117 Phone: (040) 6541-3738 Fax: (040) 6541-2834 E-Mail: Andre.Kelm@hsu-hh.de Visitor Address Helmut-Schmidt-University Building H3 Holstenhofweg 85 22043 Hamburg Postal Address Helmut-Schmidt-University Faculty of Electrical Engineering Signal Processing and [&hellip;]<\/p>\n","protected":false},"author":142,"featured_media":0,"parent":550,"menu_order":0,"comment_status":"closed","ping_status":"closed","template":"","meta":{"footnotes":""},"categories":[],"tags":[],"class_list":["post-1298","page","type-page","status-publish","hentry"],"_links":{"self":[{"href":"https:\/\/www.hsu-hh.de\/ant\/wp-json\/wp\/v2\/pages\/1298","targetHints":{"allow":["GET"]}}],"collection":[{"href":"https:\/\/www.hsu-hh.de\/ant\/wp-json\/wp\/v2\/pages"}],"about":[{"href":"https:\/\/www.hsu-hh.de\/ant\/wp-json\/wp\/v2\/types\/page"}],"author":[{"embeddable":true,"href":"https:\/\/www.hsu-hh.de\/ant\/wp-json\/wp\/v2\/users\/142"}],"replies":[{"embeddable":true,"href":"https:\/\/www.hsu-hh.de\/ant\/wp-json\/wp\/v2\/comments?post=1298"}],"version-history":[{"count":32,"href":"https:\/\/www.hsu-hh.de\/ant\/wp-json\/wp\/v2\/pages\/1298\/revisions"}],"predecessor-version":[{"id":1809,"href":"https:\/\/www.hsu-hh.de\/ant\/wp-json\/wp\/v2\/pages\/1298\/revisions\/1809"}],"up":[{"embeddable":true,"href":"https:\/\/www.hsu-hh.de\/ant\/wp-json\/wp\/v2\/pages\/550"}],"wp:attachment":[{"href":"https:\/\/www.hsu-hh.de\/ant\/wp-json\/wp\/v2\/media?parent=1298"}],"wp:term":[{"taxonomy":"category","embeddable":true,"href":"https:\/\/www.hsu-hh.de\/ant\/wp-json\/wp\/v2\/categories?post=1298"},{"taxonomy":"post_tag","embeddable":true,"href":"https:\/\/www.hsu-hh.de\/ant\/wp-json\/wp\/v2\/tags?post=1298"}],"curies":[{"name":"wp","href":"https:\/\/api.w.org\/{rel}","templated":true}]}}