{"id":252,"date":"2023-02-15T14:31:24","date_gmt":"2023-02-15T13:31:24","guid":{"rendered":"https:\/\/www.hsu-hh.de\/am\/?page_id=252"},"modified":"2025-05-27T09:35:14","modified_gmt":"2025-05-27T07:35:14","slug":"kochan","status":"publish","type":"page","link":"https:\/\/www.hsu-hh.de\/am\/kochan","title":{"rendered":"Applied Mathematics Group"},"content":{"rendered":"\n<h2 class=\"wp-block-heading\"><em><strong><abbr title=\"Doktor\">Dr.<\/abbr>&#8211;<abbr title=\"Ingenieur\">Ing.<\/abbr> Ulrike Kochan-Eilers<\/strong><\/em> &#8211; Postdoctoral Researcher<\/h2>\n\n\n\n<p>Office: 1225 (Building H1)<br>Phone: +49 40 6541-2938<br>Email: kochaneu (@) hsu-hamburg.de<\/p>\n\n\n\n<div style=\"height:70px\" aria-hidden=\"true\" class=\"wp-block-spacer\"><\/div>\n\n\n\n<h3 class=\"wp-block-heading\">Research Interests<\/h3>\n\n\n\n<ul class=\"wp-block-list\">\n<li>Development of finite element methods for moving time dependent domains<\/li>\n\n\n\n<li>Stabilization methods in chemotaxis models<\/li>\n<\/ul>\n\n\n\n<div style=\"height:30px\" aria-hidden=\"true\" class=\"wp-block-spacer\"><\/div>\n\n\n\n<h3 class=\"wp-block-heading\">Curriculum Vitae<\/h3>\n\n\n\n<div class=\"wp-block-columns is-layout-flex wp-container-core-columns-is-layout-9d6595d7 wp-block-columns-is-layout-flex\">\n<div class=\"wp-block-column is-layout-flow wp-block-column-is-layout-flow\" style=\"flex-basis:100px\">\n<p><strong>Since 2021:<\/strong>       <strong>2015-2021:<\/strong>    <strong>2015:<\/strong><\/p>\n<\/div>\n\n\n\n<div class=\"wp-block-column is-layout-flow wp-block-column-is-layout-flow\" style=\"flex-basis:200px\">\n<p>Postdoctoral Researcher                Doctoral Candidate            Master of Science<\/p>\n<\/div>\n\n\n\n<div class=\"wp-block-column is-layout-flow wp-block-column-is-layout-flow\" style=\"flex-basis:268px\">\n<p>Institute of Applied Mathematics                              Institute of Thermodynamics                         Physics<\/p>\n<\/div>\n\n\n\n<div class=\"wp-block-column is-layout-flow wp-block-column-is-layout-flow\" style=\"flex-basis:310px\">\n<p><strong>Helmut Schmidt University Hamburg Helmut Schmidt University Hamburg  <\/strong>   <strong>University of Oldenburg<\/strong><\/p>\n<\/div>\n<\/div>\n\n\n\n<h3 class=\"wp-block-heading\">Teaching<\/h3>\n\n\n\n<div class=\"wp-block-columns is-layout-flex wp-container-core-columns-is-layout-9d6595d7 wp-block-columns-is-layout-flex\">\n<div class=\"wp-block-column is-layout-flow wp-block-column-is-layout-flow\" style=\"flex-basis:20%\">\n<p>Tutorial: Mathematik III                                                               Tutorial: Mathematik II                                  Tutorial: Mathematik I<\/p>\n<\/div>\n<\/div>\n\n\n\n<h3 class=\"wp-block-heading\">Recent Publications<\/h3>\n\n\n\n<p><strong>Thesis<\/strong><\/p>\n\n\n\n<p>Kochan-Eilers, U., 2021. \u201eMessung der Viskosit\u00e4t des Edelgases Neon mit einem Schwingdrahtviskosimeter und Korrelationen f\u00fcr die Viskosit\u00e4t von Gasen im Nulldichtelimit\u201c. PhD Thesis, Helmut Schmidt University Hamburg. (<a href=\"https:\/\/doi.org\/10.24405\/12476\" data-type=\"URL\" data-id=\"https:\/\/doi.org\/10.24405\/12476\" rel='nofollow'>https:\/\/doi.org\/10.24405\/12476<\/a>)<\/p>\n","protected":false},"excerpt":{"rendered":"<p>Dr.&#8211;Ing. Ulrike Kochan-Eilers &#8211; Postdoctoral Researcher Office: 1225 (Building H1)Phone: +49 40 6541-2938Email: kochaneu (@) hsu-hamburg.de Research Interests Curriculum Vitae Since 2021: 2015-2021: 2015: Postdoctoral Researcher Doctoral Candidate Master of [&hellip;]<\/p>\n","protected":false},"author":3594,"featured_media":0,"parent":0,"menu_order":0,"comment_status":"closed","ping_status":"closed","template":"","meta":{"footnotes":""},"categories":[8],"tags":[],"class_list":["post-252","page","type-page","status-publish","hentry","category-team"],"_links":{"self":[{"href":"https:\/\/www.hsu-hh.de\/am\/wp-json\/wp\/v2\/pages\/252","targetHints":{"allow":["GET"]}}],"collection":[{"href":"https:\/\/www.hsu-hh.de\/am\/wp-json\/wp\/v2\/pages"}],"about":[{"href":"https:\/\/www.hsu-hh.de\/am\/wp-json\/wp\/v2\/types\/page"}],"author":[{"embeddable":true,"href":"https:\/\/www.hsu-hh.de\/am\/wp-json\/wp\/v2\/users\/3594"}],"replies":[{"embeddable":true,"href":"https:\/\/www.hsu-hh.de\/am\/wp-json\/wp\/v2\/comments?post=252"}],"version-history":[{"count":14,"href":"https:\/\/www.hsu-hh.de\/am\/wp-json\/wp\/v2\/pages\/252\/revisions"}],"predecessor-version":[{"id":598,"href":"https:\/\/www.hsu-hh.de\/am\/wp-json\/wp\/v2\/pages\/252\/revisions\/598"}],"wp:attachment":[{"href":"https:\/\/www.hsu-hh.de\/am\/wp-json\/wp\/v2\/media?parent=252"}],"wp:term":[{"taxonomy":"category","embeddable":true,"href":"https:\/\/www.hsu-hh.de\/am\/wp-json\/wp\/v2\/categories?post=252"},{"taxonomy":"post_tag","embeddable":true,"href":"https:\/\/www.hsu-hh.de\/am\/wp-json\/wp\/v2\/tags?post=252"}],"curies":[{"name":"wp","href":"https:\/\/api.w.org\/{rel}","templated":true}]}}