{"id":9,"date":"2016-06-07T18:09:30","date_gmt":"2016-06-07T16:09:30","guid":{"rendered":"https:\/\/webbox.hsu-hh.de\/vorlage\/?page_id=9"},"modified":"2020-01-16T11:06:40","modified_gmt":"2020-01-16T10:06:40","slug":"impressum","status":"publish","type":"page","link":"https:\/\/www.hsu-hh.de\/afb\/impressum\/","title":{"rendered":"Impressum"},"content":{"rendered":"<h2><strong>Angaben f\u00fcr den Arbeitsbereich F\u00fchrungsbegleitung gem. \u00a7 5 Telemediengesetz<\/strong><\/h2>\n<p><strong>Verantwortlich \/ Herausgeber<\/strong><br \/>\nHelmut-Schmidt-Universit\u00e4t \/ Universit\u00e4t der Bundeswehr Hamburg<br \/>\nFakult\u00e4t f\u00fcr Geistes- und Sozialwissenschaften<br \/>\nArbeitsbereich F\u00fchrungsbegleitung<br \/>\n<abbr title=\"Privatdozent\">PD<\/abbr> <abbr title=\"Doktor\">Dr.<\/abbr> Martin Scherm<br \/>\nHolstenhofweg 85<br \/>\n22043 Hamburg<\/p>\n<p>Telefon: +49 40 6541-3404<br \/>\nE-Mail: mscherm@hsu-hh.de<br \/>\nInternet: <a href=\"https:\/\/www.hsu-hh.de\/afb\">https:\/\/www.hsu-hh.de\/afb<\/a><\/p>\n<p>&nbsp;<\/p>\n<p><strong>Inhaltlich Verantwortliche gem\u00e4\u00df \u00a7 7 Telemediengesetz<\/strong><br \/>\nsind auf den einzelnen Seiten gesondert benannt.<\/p>\n","protected":false},"excerpt":{"rendered":"<p>Angaben f\u00fcr den Arbeitsbereich F\u00fchrungsbegleitung gem. \u00a7 5 Telemediengesetz Verantwortlich \/ Herausgeber Helmut-Schmidt-Universit\u00e4t \/ Universit\u00e4t der Bundeswehr Hamburg Fakult\u00e4t f\u00fcr Geistes- und Sozialwissenschaften Arbeitsbereich F\u00fchrungsbegleitung PD Dr. Martin Scherm Holstenhofweg [&hellip;]<\/p>\n","protected":false},"author":26,"featured_media":0,"parent":0,"menu_order":0,"comment_status":"closed","ping_status":"closed","template":"","meta":{"footnotes":""},"categories":[],"tags":[],"class_list":["post-9","page","type-page","status-publish","hentry"],"_links":{"self":[{"href":"https:\/\/www.hsu-hh.de\/afb\/wp-json\/wp\/v2\/pages\/9","targetHints":{"allow":["GET"]}}],"collection":[{"href":"https:\/\/www.hsu-hh.de\/afb\/wp-json\/wp\/v2\/pages"}],"about":[{"href":"https:\/\/www.hsu-hh.de\/afb\/wp-json\/wp\/v2\/types\/page"}],"author":[{"embeddable":true,"href":"https:\/\/www.hsu-hh.de\/afb\/wp-json\/wp\/v2\/users\/26"}],"replies":[{"embeddable":true,"href":"https:\/\/www.hsu-hh.de\/afb\/wp-json\/wp\/v2\/comments?post=9"}],"version-history":[{"count":4,"href":"https:\/\/www.hsu-hh.de\/afb\/wp-json\/wp\/v2\/pages\/9\/revisions"}],"predecessor-version":[{"id":131,"href":"https:\/\/www.hsu-hh.de\/afb\/wp-json\/wp\/v2\/pages\/9\/revisions\/131"}],"wp:attachment":[{"href":"https:\/\/www.hsu-hh.de\/afb\/wp-json\/wp\/v2\/media?parent=9"}],"wp:term":[{"taxonomy":"category","embeddable":true,"href":"https:\/\/www.hsu-hh.de\/afb\/wp-json\/wp\/v2\/categories?post=9"},{"taxonomy":"post_tag","embeddable":true,"href":"https:\/\/www.hsu-hh.de\/afb\/wp-json\/wp\/v2\/tags?post=9"}],"curies":[{"name":"wp","href":"https:\/\/api.w.org\/{rel}","templated":true}]}}