{"id":73,"date":"2017-07-03T15:52:08","date_gmt":"2017-07-03T13:52:08","guid":{"rendered":"https:\/\/www.hsu-hh.de\/vorlage\/?page_id=73"},"modified":"2023-06-13T13:15:28","modified_gmt":"2023-06-13T11:15:28","slug":"startseite","status":"publish","type":"page","link":"https:\/\/www.hsu-hh.de\/afb\/","title":{"rendered":"Arbeitsbereich F\u00fchrungsbegleitung"},"content":{"rendered":"<h3><img loading=\"lazy\" decoding=\"async\" class=\"alignleft wp-image-203 \" src=\"https:\/\/www.hsu-hh.de\/afb\/wp-content\/uploads\/sites\/836\/2020\/01\/ZinF\u00fc.jpg\" alt=\"ZinF\u00fc\" width=\"161\" height=\"91\" data-credit=\"\" \/><\/h3>\n<p><img loading=\"lazy\" decoding=\"async\" class=\"alignright size-full wp-image-204\" src=\"https:\/\/www.hsu-hh.de\/afb\/wp-content\/uploads\/sites\/836\/2020\/01\/Bundeswehr.jpg\" alt=\"Bundeswehr\" width=\"171\" height=\"85\" data-credit=\"\" \/><\/p>\n<h3><\/h3>\n<h3>Arbeitsbereich F\u00fchrungsbegleitung &#8211; <abbr title=\"Privatdozent\">PD<\/abbr> <abbr title=\"Doktor\">Dr.<\/abbr> Martin Scherm<\/h3>\n<p>Der Arbeitsbereich F\u00fchrungsbegleitung der Helmut-Schmidt-Universit\u00e4t ist die wissenschaftliche Au\u00dfenstelle des Bereichs Coaching des <a href=\"https:\/\/www.bundeswehr.de\/de\/organisation\/weitere-bmvg-dienststellen\/zentrum-innere-fuehrung\" rel='nofollow'>Zentrums Innere F\u00fchrung der Bundeswehr<\/a>\u00a0(<a href=\"https:\/\/wiki.bundeswehr.org\/display\/IF60\/Coaching+-+Allgemeines\" rel='nofollow'>Intranetlink<\/a>). \u00a0Der Arbeitsbereich ist f\u00fcr die inhaltlich weisungsfreie Diagnostik, Evaluation und Ausbildung zahlreicher Personal- und Organisationsentwicklungsma\u00dfnahmen der Bundeswehr zust\u00e4ndig.<\/p>\n<p>Ein Kernelement bildet hier das Projekt Coaching f\u00fcr das <a href=\"https:\/\/www.hsu-hh.de\/afb\/startseite\/spc\/\">Spitzenpersonal der Bundeswehr (SPC)<\/a>, das im Rahmen der Attraktivit\u00e4tsagenda &#8222;Bundeswehr in F\u00fchrung&#8220; durch das BMVg durchgef\u00fchrt wird.<\/p>\n<p>Ein weiteres Kernelement ist die wissenschaftliche Begleitung und Fundierung der Angebote <a href=\"https:\/\/www.hsu-hh.de\/afb\/startseite\/fuehrungsbegleitung-als-militaerisches-coaching\/\">F\u00fchrungskr\u00e4ftecoaching\/ Moderation\/ Orientierung<\/a> des Breichs Coachings.<\/p>\n<p>Zu den Aufgaben des Arbeitsbereiches z\u00e4hlen unter anderem die wissenschaftliche Beratung des Zentrum Innere F\u00fchrung hinsichtlich Konzeption, Implementierung und Durchf\u00fchrung von Personalentwicklungsma\u00dfnahmen, insbesondere <a href=\"https:\/\/www.hsu-hh.de\/afb\/startseite\/360grad-feedback\/\">360\u00b0-Feedback<\/a> und Coaching. Zudem leistet der Arbeitsbereich die operative Durchf\u00fchrung der f\u00fcr die Projekte notwendigen Erhebungen, statistischen Auswertungen und R\u00fcckmeldungen. Aufbauend hierauf werden bedarfsangepasste Untersuchungen zur Wirksamkeit und Akzeptanz der Ma\u00dfnahmen durchgef\u00fchrt.<\/p>\n<p>Zudem bildet der Arbeitsbereich das im Coaching eingesetzte Personal aus und f\u00fchrt deren Supervision durch.<\/p>\n","protected":false},"excerpt":{"rendered":"<p>Arbeitsbereich F\u00fchrungsbegleitung &#8211; PD Dr. Martin Scherm Der Arbeitsbereich F\u00fchrungsbegleitung der Helmut-Schmidt-Universit\u00e4t ist die wissenschaftliche Au\u00dfenstelle des Bereichs Coaching des Zentrums Innere F\u00fchrung der Bundeswehr\u00a0(Intranetlink). \u00a0Der Arbeitsbereich ist f\u00fcr die [&hellip;]<\/p>\n","protected":false},"author":26,"featured_media":0,"parent":0,"menu_order":0,"comment_status":"closed","ping_status":"closed","template":"faculty.php","meta":{"footnotes":""},"categories":[35],"tags":[],"class_list":["post-73","page","type-page","status-publish","hentry","category-startseite"],"_links":{"self":[{"href":"https:\/\/www.hsu-hh.de\/afb\/wp-json\/wp\/v2\/pages\/73","targetHints":{"allow":["GET"]}}],"collection":[{"href":"https:\/\/www.hsu-hh.de\/afb\/wp-json\/wp\/v2\/pages"}],"about":[{"href":"https:\/\/www.hsu-hh.de\/afb\/wp-json\/wp\/v2\/types\/page"}],"author":[{"embeddable":true,"href":"https:\/\/www.hsu-hh.de\/afb\/wp-json\/wp\/v2\/users\/26"}],"replies":[{"embeddable":true,"href":"https:\/\/www.hsu-hh.de\/afb\/wp-json\/wp\/v2\/comments?post=73"}],"version-history":[{"count":13,"href":"https:\/\/www.hsu-hh.de\/afb\/wp-json\/wp\/v2\/pages\/73\/revisions"}],"predecessor-version":[{"id":269,"href":"https:\/\/www.hsu-hh.de\/afb\/wp-json\/wp\/v2\/pages\/73\/revisions\/269"}],"wp:attachment":[{"href":"https:\/\/www.hsu-hh.de\/afb\/wp-json\/wp\/v2\/media?parent=73"}],"wp:term":[{"taxonomy":"category","embeddable":true,"href":"https:\/\/www.hsu-hh.de\/afb\/wp-json\/wp\/v2\/categories?post=73"},{"taxonomy":"post_tag","embeddable":true,"href":"https:\/\/www.hsu-hh.de\/afb\/wp-json\/wp\/v2\/tags?post=73"}],"curies":[{"name":"wp","href":"https:\/\/api.w.org\/{rel}","templated":true}]}}