{"id":193,"date":"2020-01-30T11:39:15","date_gmt":"2020-01-30T10:39:15","guid":{"rendered":"https:\/\/www.hsu-hh.de\/afb\/?page_id=193"},"modified":"2020-01-30T12:16:45","modified_gmt":"2020-01-30T11:16:45","slug":"360grad-feedback","status":"publish","type":"page","link":"https:\/\/www.hsu-hh.de\/afb\/startseite\/360grad-feedback\/","title":{"rendered":"Leadership Navigator &#8211; Leadership Navigator &amp; Kompetenzr\u00fcckmeldung"},"content":{"rendered":"<h3>360\u00b0- Feedback &#8211; Leadership Navigator<\/h3>\n<p>Coachingangebote haben in den vergangenen Jahren starken Zuspruch aus Organisationen und Unternehmen erfahren. Entsprechend ist in der Praxis eine gro\u00dfe Vielfalt von Konzepten und methodischen Ans\u00e4tzen zu beobachten. Entgegen der regen Diskussion dar\u00fcber, wie oder wer gecoacht werden soll, wird im europ\u00e4ischen Sprachraum bislang vergleichsweise wenig thematisiert, was gecoacht wird <abbr title=\"beziehungsweise\">bzw.<\/abbr> wie der jeweilige Bedarf der Klienten festgestellt wird. Dies verwundert, wenn man bedenkt, dass jedes Coaching wohl nur so erfolgreich sein kann, wie es gelingt, im Vorfeld die tats\u00e4chlich neuralgischen Bedarfsfelder eines Klienten zu erkennen. Forschungsergebnisse haben gezeigt, dass einen Unterschied machen kann, ob man im Zusammenhang mit der Analyse der St\u00e4rken und Schw\u00e4chen eines Klienten allein diesen selbst fragt oder dar\u00fcber hinaus z.\u00a0B. auch dessen Vorgesetzte oder Mitarbeiter (zusammenfassend: Scherm &amp; Sarges, 2002). M\u00f6chte man den Beratungsbedarf m\u00f6glichst akkurat identifizieren, so ist eine multiperspektivische Abkl\u00e4rung unerl\u00e4sslich.<\/p>\n<p>Ein etabliertes Verfahren hierzu ist das sogenannte \u201e360\u00b0-Feedback\u201c. Hierbei sch\u00e4tzt der Klient die Auspr\u00e4gung seiner Kompetenzen z.\u00a0B. der \u201eEntscheidungsf\u00e4higkeit\u201c, des \u201eKonfliktmanagements\u201c oder der \u201eLernf\u00e4higkeit\u201c auf einer Antwortskala ein. Das daraus resultierende kompetenzbezogene Selbstbild wird den verschiedenen Fremdbildern gegen\u00fcber gestellt, die sich aus den Perspektiven der Vorgesetzten, Kollegen, Mitarbeitern und <abbr title=\"gegebenenfalls\">ggf.<\/abbr> auch Projektpartnern ergeben. Aus dem vorgenommenen Abgleich von Selbst- und Fremdbildern lassen sich die Coachingbedarfe und Entwicklungsfelder diagnostisch fundierter ableiten (Kompetenzr\u00fcckmeldung). Ferner lassen sich durch Messwiederholungen nach dem Coaching Entwicklungsfortschritte bestimmen (Lerneffekte).<\/p>\n<p><img loading=\"lazy\" decoding=\"async\" class=\"aligncenter wp-image-190 size-full\" src=\"https:\/\/www.hsu-hh.de\/afb\/wp-content\/uploads\/sites\/836\/2020\/01\/Folie1-1.jpg\" alt=\"360 Grad Feedback\" width=\"720\" height=\"540\" data-credit=\"AFB HSU\" srcset=\"https:\/\/www.hsu-hh.de\/afb\/wp-content\/uploads\/sites\/836\/2020\/01\/Folie1-1.jpg 720w, https:\/\/www.hsu-hh.de\/afb\/wp-content\/uploads\/sites\/836\/2020\/01\/Folie1-1-300x225.jpg 300w\" sizes=\"auto, (max-width: 720px) 100vw, 720px\" \/><\/p>\n<p>Im Idealfall werden m\u00f6gliche positive oder auch \u00fcberkritische eigene Wahrnehmungs- verzerrungen des Klienten durch die anderen Perspektiven aufgefangen \u2013 ohne dass diese als \u201eInstanzen der Wahrheit\u201c fungieren. Psychologisch relevant ist der Umstand, dass ein Klient, der gravierende Differenzen zwischen seinem Selbstbild und den Fremdbildern aufgezeigt bekommt, bestrebt ist diese zu verringern.<\/p>\n<p>&nbsp;<\/p>\n<p><!--more--><\/p>\n<h3><\/h3>\n<h3>Leadership Navigator &#8211; Kompetenzr\u00fcckmeldung<\/h3>\n<p>Die durch das diagnostische Instrument des 360\u00b0-Feedback gewonnenen Daten werden in der Kompetenzr\u00fcckmeldung visualisiert. Diese Auswertung steht den F\u00fchrungsbegleitern (Coaches) zur Arbeit mit den Klienten zur Verf\u00fcgung. Es sind hierbei verschiedenen Darstellungen m\u00f6glich. Entweder zusammenfassend, wie im ersten Bild ersichtlich, oder getrennt nach den Beurteilerperspektiven.<\/p>\n<p>Die M\u00f6glichkeiten der Umsetzung eines Feedbackreports sind abh\u00e4ngig von den datenschutzrechtlichen Gegebenheiten and angepasst an die W\u00fcnsche des Auftraggebers.<\/p>\n<p>&nbsp;<\/p>\n<p><img loading=\"lazy\" decoding=\"async\" class=\"aligncenter wp-image-170 size-full\" src=\"https:\/\/www.hsu-hh.de\/afb\/wp-content\/uploads\/sites\/836\/2020\/01\/Bsp.-Kompetenzr\u00fcckmeldung.jpg\" alt=\"Kompetenzr\u00fcckmeldung\" width=\"1557\" height=\"1159\" data-credit=\"AFB HSU\" srcset=\"https:\/\/www.hsu-hh.de\/afb\/wp-content\/uploads\/sites\/836\/2020\/01\/Bsp.-Kompetenzr\u00fcckmeldung.jpg 1557w, https:\/\/www.hsu-hh.de\/afb\/wp-content\/uploads\/sites\/836\/2020\/01\/Bsp.-Kompetenzr\u00fcckmeldung-300x223.jpg 300w, https:\/\/www.hsu-hh.de\/afb\/wp-content\/uploads\/sites\/836\/2020\/01\/Bsp.-Kompetenzr\u00fcckmeldung-1024x762.jpg 1024w, https:\/\/www.hsu-hh.de\/afb\/wp-content\/uploads\/sites\/836\/2020\/01\/Bsp.-Kompetenzr\u00fcckmeldung-768x572.jpg 768w, https:\/\/www.hsu-hh.de\/afb\/wp-content\/uploads\/sites\/836\/2020\/01\/Bsp.-Kompetenzr\u00fcckmeldung-1536x1143.jpg 1536w\" sizes=\"auto, (max-width: 1557px) 100vw, 1557px\" \/><\/p>\n","protected":false},"excerpt":{"rendered":"<p>360\u00b0- Feedback &#8211; Leadership Navigator Coachingangebote haben in den vergangenen Jahren starken Zuspruch aus Organisationen und Unternehmen erfahren. Entsprechend ist in der Praxis eine gro\u00dfe Vielfalt von Konzepten und methodischen [&hellip;]<\/p>\n","protected":false},"author":2466,"featured_media":0,"parent":73,"menu_order":0,"comment_status":"closed","ping_status":"closed","template":"","meta":{"footnotes":""},"categories":[],"tags":[],"class_list":["post-193","page","type-page","status-publish","hentry"],"_links":{"self":[{"href":"https:\/\/www.hsu-hh.de\/afb\/wp-json\/wp\/v2\/pages\/193","targetHints":{"allow":["GET"]}}],"collection":[{"href":"https:\/\/www.hsu-hh.de\/afb\/wp-json\/wp\/v2\/pages"}],"about":[{"href":"https:\/\/www.hsu-hh.de\/afb\/wp-json\/wp\/v2\/types\/page"}],"author":[{"embeddable":true,"href":"https:\/\/www.hsu-hh.de\/afb\/wp-json\/wp\/v2\/users\/2466"}],"replies":[{"embeddable":true,"href":"https:\/\/www.hsu-hh.de\/afb\/wp-json\/wp\/v2\/comments?post=193"}],"version-history":[{"count":4,"href":"https:\/\/www.hsu-hh.de\/afb\/wp-json\/wp\/v2\/pages\/193\/revisions"}],"predecessor-version":[{"id":211,"href":"https:\/\/www.hsu-hh.de\/afb\/wp-json\/wp\/v2\/pages\/193\/revisions\/211"}],"up":[{"embeddable":true,"href":"https:\/\/www.hsu-hh.de\/afb\/wp-json\/wp\/v2\/pages\/73"}],"wp:attachment":[{"href":"https:\/\/www.hsu-hh.de\/afb\/wp-json\/wp\/v2\/media?parent=193"}],"wp:term":[{"taxonomy":"category","embeddable":true,"href":"https:\/\/www.hsu-hh.de\/afb\/wp-json\/wp\/v2\/categories?post=193"},{"taxonomy":"post_tag","embeddable":true,"href":"https:\/\/www.hsu-hh.de\/afb\/wp-json\/wp\/v2\/tags?post=193"}],"curies":[{"name":"wp","href":"https:\/\/api.w.org\/{rel}","templated":true}]}}