{"id":179,"date":"2020-01-28T11:10:35","date_gmt":"2020-01-28T10:10:35","guid":{"rendered":"https:\/\/www.hsu-hh.de\/afb\/?page_id=179"},"modified":"2023-06-13T13:22:33","modified_gmt":"2023-06-13T11:22:33","slug":"zusammenarbeit-mit-dem-zentrum-innere-fuehrung-bw","status":"publish","type":"page","link":"https:\/\/www.hsu-hh.de\/afb\/startseite\/fuehrungsbegleitung-als-militaerisches-coaching\/zusammenarbeit-mit-dem-zentrum-innere-fuehrung-bw\/","title":{"rendered":"Zusammenarbeit mit dem Zentrum Innere F\u00fchrung Bw"},"content":{"rendered":"<h3>Zusammenarbeit mit dem Zentrum Innere F\u00fchrung Bw<\/h3>\n<p>Die wissenschaftliche Evaluation der von SPC und FMO sind an der Helmut-Schmidt-Universit\u00e4t \/ Universit\u00e4t der Bundeswehr Hamburg implementiert. Mit dem Zentrum f\u00fcr Innere F\u00fchrung, als verantwortliche Stelle f\u00fcr das milit\u00e4rische Coaching, findet eine intensive Abstimmung \u00fcber Ergebnisse und Entwicklungen aus der Evaluation statt.<\/p>\n<p>Die Coaches sind als Soldaten dem Zentrum Innere F\u00fchrung zugeh\u00f6rig. Die Besonderheiten des Soldatenberufes erfordern es, dass die Coaches Soldaten sind und bereits in milit\u00e4rischen F\u00fchrungspositionen standen.<\/p>\n<p>Grunds\u00e4tzlich ist das Zentrum Innere F\u00fchrung die zentrale Einrichtung der Bundeswehr zur Weiterentwicklung und Vermittlung der Konzeption der &#8222;Inneren F\u00fchrung&#8220;. Die <a href=\"https:\/\/www.bundeswehr.de\/de\/organisation\/weitere-bmvg-dienststellen\/zentrum-innere-fuehrung\" rel='nofollow'>Homepage des Zentrums Innere F\u00fchrung<\/a> bietet weiterf\u00fchrende Informationen, die das Zentrum selbst oder die Konzeption der Inneren F\u00fchrung betreffen.<\/p>\n","protected":false},"excerpt":{"rendered":"<p>Zusammenarbeit mit dem Zentrum Innere F\u00fchrung Bw Die wissenschaftliche Evaluation der von SPC und FMO sind an der Helmut-Schmidt-Universit\u00e4t \/ Universit\u00e4t der Bundeswehr Hamburg implementiert. Mit dem Zentrum f\u00fcr Innere [&hellip;]<\/p>\n","protected":false},"author":2466,"featured_media":0,"parent":137,"menu_order":0,"comment_status":"closed","ping_status":"closed","template":"","meta":{"footnotes":""},"categories":[4],"tags":[],"class_list":["post-179","page","type-page","status-publish","hentry","category-forschung"],"_links":{"self":[{"href":"https:\/\/www.hsu-hh.de\/afb\/wp-json\/wp\/v2\/pages\/179","targetHints":{"allow":["GET"]}}],"collection":[{"href":"https:\/\/www.hsu-hh.de\/afb\/wp-json\/wp\/v2\/pages"}],"about":[{"href":"https:\/\/www.hsu-hh.de\/afb\/wp-json\/wp\/v2\/types\/page"}],"author":[{"embeddable":true,"href":"https:\/\/www.hsu-hh.de\/afb\/wp-json\/wp\/v2\/users\/2466"}],"replies":[{"embeddable":true,"href":"https:\/\/www.hsu-hh.de\/afb\/wp-json\/wp\/v2\/comments?post=179"}],"version-history":[{"count":3,"href":"https:\/\/www.hsu-hh.de\/afb\/wp-json\/wp\/v2\/pages\/179\/revisions"}],"predecessor-version":[{"id":275,"href":"https:\/\/www.hsu-hh.de\/afb\/wp-json\/wp\/v2\/pages\/179\/revisions\/275"}],"up":[{"embeddable":true,"href":"https:\/\/www.hsu-hh.de\/afb\/wp-json\/wp\/v2\/pages\/137"}],"wp:attachment":[{"href":"https:\/\/www.hsu-hh.de\/afb\/wp-json\/wp\/v2\/media?parent=179"}],"wp:term":[{"taxonomy":"category","embeddable":true,"href":"https:\/\/www.hsu-hh.de\/afb\/wp-json\/wp\/v2\/categories?post=179"},{"taxonomy":"post_tag","embeddable":true,"href":"https:\/\/www.hsu-hh.de\/afb\/wp-json\/wp\/v2\/tags?post=179"}],"curies":[{"name":"wp","href":"https:\/\/api.w.org\/{rel}","templated":true}]}}