{"id":173,"date":"2020-01-28T10:52:09","date_gmt":"2020-01-28T09:52:09","guid":{"rendered":"https:\/\/www.hsu-hh.de\/afb\/?page_id=173"},"modified":"2023-06-13T13:17:43","modified_gmt":"2023-06-13T11:17:43","slug":"spc","status":"publish","type":"page","link":"https:\/\/www.hsu-hh.de\/afb\/startseite\/spc\/","title":{"rendered":"Coaching f\u00fcr das Spitzenpersonal der Bundeswehr (SPC)"},"content":{"rendered":"<h3>Das SPC<\/h3>\n<p>Das Spitzenkr\u00e4ftecoaching der Bundeswehr (SPC) ist Teil der Agenda \u201eBundeswehr in F\u00fchrung. Aktiv. Attraktiv. Anders\u201c. Hierbei sollen 2000 Top-Spitzenkr\u00e4fte der Bundeswehr mit dem Dienstgrad Oberst und aufw\u00e4rts an einem Coaching teilnehmen. Im Jahr 2015 ist geplant etwa 250 Angeh\u00f6rige der Bundeswehr zu coachen, in den darauffolgenden Jahren jeweils 500. Dieses Coaching soll alle vier Jahre wiederholt werden und die Teilnahme ist f\u00fcr das F\u00fchrungspersonal freiwillig. Kernst\u00fcck der Ma\u00dfnahme, sowie Ausgangspunkt des Coachings ist ein <a href=\"https:\/\/www.hsu-hh.de\/afb\/startseite\/360grad-feedback\/\">360\u00b0-Feedback<\/a>.<\/p>\n<p>Der Arbeitsbereich F\u00fchrungsbegleitung tr\u00e4gt durch wesentliche Teile zu dem Projekt SPC bei. Hier wurde bereits ein psychometrisches Tool f\u00fcr das <a href=\"https:\/\/www.hsu-hh.de\/afb\/startseite\/360grad-feedback\/\">360\u00b0-Feedback<\/a> nach g\u00e4ngigen wissenschaftlichen Kriterien entwickelt und implementiert. Die Erhebung der Feedbackdaten, sowie die Erstellung der Feedbackreports geh\u00f6rt ebenso zum Aufgabenspektrum des Arbeitsbereiches, wie die Ausbildung und Supervision der eingesetzten Coaches.<\/p>\n<p>Auch die Qualit\u00e4tssicherung f\u00e4llt in den Aufgabenbereich des Arbeitsbereich F\u00fchrungsbegleitung. Anhand der gewonnen Daten und R\u00fcckmeldungen wird das Programm stetig und aktiv weiterentwickelt um den Spitzenkr\u00e4ften der Bundeswehr eine hochwertige Ma\u00dfnahme zukommen zu lassen. Auch das Feedbacktool wird stetig evaluiert und das Coaching auf seine Wirksamkeit \u00fcberpr\u00fcft.<\/p>\n<p>Au\u00dferdem beraten die Mitarbeiter des Arbeitsbereiches die Coaches hinsichtlich des Vorgehens im Coaching und der Auswahl und Umsetzung eventueller Interventionen.<\/p>\n<p>&nbsp;<\/p>\n<p><img loading=\"lazy\" decoding=\"async\" class=\"alignright wp-image-227 size-full\" src=\"https:\/\/www.hsu-hh.de\/afb\/wp-content\/uploads\/sites\/836\/2020\/02\/Ablauf-SPC-aktuell.jpg\" alt=\"Ablauf SPC\" data-credit=\"AFB\" width=\"2000\" height=\"1125\" srcset=\"https:\/\/www.hsu-hh.de\/afb\/wp-content\/uploads\/sites\/836\/2020\/02\/Ablauf-SPC-aktuell.jpg 2000w, https:\/\/www.hsu-hh.de\/afb\/wp-content\/uploads\/sites\/836\/2020\/02\/Ablauf-SPC-aktuell-300x169.jpg 300w, https:\/\/www.hsu-hh.de\/afb\/wp-content\/uploads\/sites\/836\/2020\/02\/Ablauf-SPC-aktuell-1024x576.jpg 1024w, https:\/\/www.hsu-hh.de\/afb\/wp-content\/uploads\/sites\/836\/2020\/02\/Ablauf-SPC-aktuell-768x432.jpg 768w, https:\/\/www.hsu-hh.de\/afb\/wp-content\/uploads\/sites\/836\/2020\/02\/Ablauf-SPC-aktuell-1536x864.jpg 1536w\" sizes=\"auto, (max-width: 2000px) 100vw, 2000px\" \/><\/p>\n","protected":false},"excerpt":{"rendered":"<p>Das SPC Das Spitzenkr\u00e4ftecoaching der Bundeswehr (SPC) ist Teil der Agenda \u201eBundeswehr in F\u00fchrung. Aktiv. Attraktiv. Anders\u201c. Hierbei sollen 2000 Top-Spitzenkr\u00e4fte der Bundeswehr mit dem Dienstgrad Oberst und aufw\u00e4rts an [&hellip;]<\/p>\n","protected":false},"author":2449,"featured_media":0,"parent":73,"menu_order":0,"comment_status":"closed","ping_status":"closed","template":"","meta":{"footnotes":""},"categories":[41],"tags":[],"class_list":["post-173","page","type-page","status-publish","hentry","category-spc"],"_links":{"self":[{"href":"https:\/\/www.hsu-hh.de\/afb\/wp-json\/wp\/v2\/pages\/173","targetHints":{"allow":["GET"]}}],"collection":[{"href":"https:\/\/www.hsu-hh.de\/afb\/wp-json\/wp\/v2\/pages"}],"about":[{"href":"https:\/\/www.hsu-hh.de\/afb\/wp-json\/wp\/v2\/types\/page"}],"author":[{"embeddable":true,"href":"https:\/\/www.hsu-hh.de\/afb\/wp-json\/wp\/v2\/users\/2449"}],"replies":[{"embeddable":true,"href":"https:\/\/www.hsu-hh.de\/afb\/wp-json\/wp\/v2\/comments?post=173"}],"version-history":[{"count":6,"href":"https:\/\/www.hsu-hh.de\/afb\/wp-json\/wp\/v2\/pages\/173\/revisions"}],"predecessor-version":[{"id":270,"href":"https:\/\/www.hsu-hh.de\/afb\/wp-json\/wp\/v2\/pages\/173\/revisions\/270"}],"up":[{"embeddable":true,"href":"https:\/\/www.hsu-hh.de\/afb\/wp-json\/wp\/v2\/pages\/73"}],"wp:attachment":[{"href":"https:\/\/www.hsu-hh.de\/afb\/wp-json\/wp\/v2\/media?parent=173"}],"wp:term":[{"taxonomy":"category","embeddable":true,"href":"https:\/\/www.hsu-hh.de\/afb\/wp-json\/wp\/v2\/categories?post=173"},{"taxonomy":"post_tag","embeddable":true,"href":"https:\/\/www.hsu-hh.de\/afb\/wp-json\/wp\/v2\/tags?post=173"}],"curies":[{"name":"wp","href":"https:\/\/api.w.org\/{rel}","templated":true}]}}