{"id":159,"date":"2020-01-16T12:30:20","date_gmt":"2020-01-16T11:30:20","guid":{"rendered":"https:\/\/www.hsu-hh.de\/afb\/?page_id=159"},"modified":"2020-01-16T12:31:17","modified_gmt":"2020-01-16T11:31:17","slug":"publikationen","status":"publish","type":"page","link":"https:\/\/www.hsu-hh.de\/afb\/startseite\/mitarbeiter\/publikationen\/","title":{"rendered":"Publikationen"},"content":{"rendered":"<h3>Ausgew\u00e4hlte Publikationen <abbr title=\"Privatdozent\">PD<\/abbr> <abbr title=\"Doktor\">Dr.<\/abbr> Martin Scherm<\/h3>\n<p>de Jonge, J. &amp; <strong>Scherm, M.<\/strong> (2015). F\u00fchrung und Vertrauen \u2013 Konzepte und neuere Befunde. In J. Felfe (<abbr title=\"Herausgeber\">Hrsg.<\/abbr>), <em>Trends der psychologischen F\u00fchrungsforschung \u2013 Neue Konzepte, Methoden und Erkenntnisse<\/em> (S. 201-212). G\u00f6ttingen: Hogrefe.<\/p>\n<p><strong>Scherm, M.<\/strong> (2014). F\u00fchrungsbegleitung als milit\u00e4risches Coaching. In Psychologie f\u00fcr Einsatz und Notfall. <em>Internationale truppenpsychologische Erfahrungen mit Auslandseins\u00e4tzen, Ungl\u00fccksf\u00e4llen, Katastrophen<\/em> (S. 124-130). Bonn: Bernard &amp; Graefe.<\/p>\n<p><strong>Scherm, M.<\/strong> (2013): <em>Kompetenzfeedbacks. Selbst- und Fremdbeurteilung beruflichen Verhaltens.<\/em> G\u00f6ttingen: Hogrefe.<\/p>\n<p><strong>Scherm, M.<\/strong> (2013). 360-Grad-Beurteilungen. In W. Sarges (<abbr title=\"Herausgeber\">Hrsg.<\/abbr>), <em>Management-Diagnostik<\/em> (4., vollst. \u00fcberarb. u. erw. <abbr title=\"Auflage\">Aufl.<\/abbr>; S. 864-872). G\u00f6ttingen: Hogrefe.<\/p>\n<p><strong>Scherm, M.<\/strong> (2013). Fremdurteile. In W. Sarges (<abbr title=\"Herausgeber\">Hrsg.<\/abbr>), <em>Management-Diagnostik<\/em> (4., vollst. \u00fcberarb. u. erw. <abbr title=\"Auflage\">Aufl.<\/abbr>; S. 734-741). G\u00f6ttingen: Hogrefe.<\/p>\n<p>Felfe, J. &amp; <strong>Scherm, M.<\/strong> (2012). Die Attraktivit\u00e4t einer Karriere als Berufssoldat aus Sicht studierender Offiziere. In U. Hartmann, C.v. Rosen &amp; C. Walther (<abbr title=\"Herausgeber\">Hrsg.<\/abbr>), <em>Jahrbuch Innere F\u00fchrung<\/em> 2012 (S. 134-152). Berlin: Carola Hartmann Miles-Verlag.<\/p>\n<p><strong>Scherm, M.<\/strong> &amp; de Jonge, J. (2012). Coaching-Bedarfe: Kl\u00e4rung durch multiperspektivisches Kompetenzfeedback. <em>Coaching-Magazin<\/em> (Heft 2), 44-48.<\/p>\n<p><strong>Scherm, M<\/strong>. &amp; Scherer, S. (2011). F\u00fchrungsbegleitung in den Streitkr\u00e4ften \u2013 Konzept und Wirkung. In H.-C. Beck &amp; C. Singer (<abbr title=\"Herausgeber\">Hrsg.<\/abbr>), <em>Entscheiden \u2013 F\u00fchren \u2013 Verantworten. Soldatsein im 21. Jahrhundert<\/em> (S. 110-119). Berlin: Carola Hartmann Miles-Verlag.<\/p>\n<p><strong>Scherm, M.<\/strong> &amp; Scherer, S. (2011). Feedbacksysteme im Coachingprozess: Forschungsergebnisse und Praxis. In R. Wegener, A. Fritze &amp; M. Loebbert (<abbr title=\"Herausgeber\">Hrsg.<\/abbr>), <em>Coaching und Forschung im Dialog<\/em> (S. 135-147). Wiesbaden: VS Verlag.<\/p>\n<p><strong>Scherm, M.<\/strong>, Posner, C. &amp; Prinz, D. (2009). F\u00fchrungskompetenzen von Schulleitungen. Entwicklung eines prototypischen Kompetenzmodells. <em>Die Deutsche Schule<\/em>, 101, 341-352.<\/p>\n<p><strong>Scherm, M.<\/strong> (2007). 360-Grad-Beurteilung. In H. Schuler &amp; Kh. Sonntag (<abbr title=\"Herausgeber\">Hrsg.<\/abbr>), <em>Handbuch der Psychologie, Band Arbeits- und Organisationspsychologie<\/em> (S. 555-560). G\u00f6ttingen: Hogrefe.<\/p>\n<p>Kaufel, S., Scherer, S., <strong>Scherm, M.<\/strong> &amp; Sauer, W. (2006). F\u00fchrungsbegleitung in der Bundeswehr, Coaching f\u00fcr milit\u00e4rische F\u00fchrungskr\u00e4fte. In W. Backhausen &amp; J.-P. Thommen, <em>Coaching: Durch systemisches Denken zu innovativer Personalentwicklung\u00a0<\/em>(3. Auflage, Seite 419-438). Wiesbaden: Gabler.<\/p>\n<p><strong>Scherm, M.<\/strong>, Kaufel, S., Sauer, W. &amp; Scherer, S. (2005). F\u00fchrungsbegleitung in milit\u00e4rischen Organisationen: Ein innovatives Coaching-Konzept und seine Evaluation. <em>Uniforschung, Forschungsmagazin der Helmut-Schmidt-Universit\u00e4t &#8211; Universit\u00e4t der Bundeswehr Hamburg<\/em>, 15, Seite 56-58.<\/p>\n<p><strong>Scherm, M.<\/strong> &amp; Kaufel, S. (2005). 360-Grad-Feedback: Konzepte und Ergebnisse multiperspektivischer Kompetenzentwicklung. In I. J\u00f6ns &amp; W. Bungard (<abbr title=\"Herausgeber\">Hrsg.<\/abbr>), <em>Feedbackinstrumente und -prozesse in Organisationen<\/em> (Seite 113-127). Wiesbaden: Gabler.<\/p>\n<p><strong>Scherm, M.<\/strong> (<abbr title=\"Herausgeber\">Hrsg.<\/abbr>). (2005). 360-Grad-Beurteilungen. <em>Diagnose und Entwicklung von F\u00fchrungskompetenzen<\/em>. G\u00f6ttingen: Hogrefe.<\/p>\n<p><strong>Scherm, M.<\/strong> (2005). 360-Grad-Beurteilungen: Leistung einsch\u00e4tzen und Kompetenzen entwickeln. In M. Scherm (<abbr title=\"Herausgeber\">Hrsg.<\/abbr>), <em>360-Grad-Beurteilungen. Diagnose und Entwicklung von F\u00fchrungskompetenzen<\/em> (Seite 3-19). G\u00f6ttingen: Hogrefe.<\/p>\n<p>Mainz, D., Rosenkranz-Gluchowski, K., Scheffer, D., <strong>Scherm, M.<\/strong> &amp; Weinert, A.B. (2005). Validierung eines 360-Grad-Feedbacks durch ein Beobachtungs-Assessment-Center &#8211; Handlungsorientierung als erfolgskritischer Faktor f\u00fcr F\u00fchrungsnachwuchskr\u00e4fte. In M. Scherm (<abbr title=\"Herausgeber\">Hrsg.<\/abbr>), <em>360-Grad-Beurteilungen. Diagnose und Entwicklung von F\u00fchrungskompetenzen<\/em> (Seite 173-183). G\u00f6ttingen: Hogrefe.<\/p>\n<p><strong>Scherm, M.<\/strong> (2004). !Response 360\u00b0-Feedback. In W. Sarges &amp; H. Wottawa (<abbr title=\"Herausgeber\">Hrsg.<\/abbr>), <em>Handbuch wirtschaftspsychologischer Testverfahren<\/em> (2. Auflage, Seite 683-689 ). Lengerich: Pabst.<\/p>\n<p>Sauer, W., Scherer, S., <strong>Scherm, M.<\/strong>, Pfeifer, M. &amp; Kaufel, S. (2004). F\u00fchrungsbegleitung in milit\u00e4rischen Organisationen: Konzept, Praxis und erste Effekte. <em>Personalf\u00fchrung<\/em>, 37 (Heft 11), Seite 44-51.<\/p>\n<p>Geister, Seite &amp; <strong>Scherm, M.<\/strong> (2004). Online-Feedback-Systeme. In G. Hertel &amp; U. Konradt (<abbr title=\"Herausgeber\">Hrsg.<\/abbr>), <em>Electronic Human Ressource Management &#8211; Personalarbeit unter Einsatz des Inter- und Intranet.<\/em> G\u00f6ttingen: Hogrefe.<\/p>\n<p>Grutschpalk, J. (2004). Erste Ergebnisse der Auswertung der schemaanalytischen Frageb\u00f6gen. <em>Der Nervenarzt (DGPPN-Kongress 2004 &#8211; Abstractband)<\/em>, 75 (Suppl. 2), 295.<\/p>\n<p><strong>Scherm, M.<\/strong> (2004). 360\u00b0-Beurteilung. In H. Schuler (<abbr title=\"Herausgeber\">Hrsg.<\/abbr>), <em>Beurteilung und F\u00f6rderung beruflicher Leistung<\/em> (2., vollst. \u00fcberarb. u. erw. Auflage; Seite 61-81). G\u00f6ttingen: Hogrefe.<\/p>\n<p><strong>Scherm, M.<\/strong> (2003). Evaluation der F\u00fchrungsbegleitung. <em>Bund+Beruf<\/em>, 17(4), 12.<\/p>\n<p><strong>Scherm, M.<\/strong> (2003). !Response 360\u00b0-Feedback. In L.v.Rosenstiel &amp; J. Erpenbeck (<abbr title=\"Herausgeber\">Hrsg.<\/abbr>), <em>Handbuch Kompetenzmessung<\/em> (Seite 309-322). Stuttgart: Sch\u00e4ffer-Poeschel.<\/p>\n<p><strong>Scherm, M.<\/strong> (2002). F\u00fchrungsfeedback f\u00fcr Schulleiter &#8211; Chancen und Probleme. <em>schul-management<\/em>, 33 (4), Seite 14-16.<\/p>\n<p><strong>Scherm, M.<\/strong> &amp; Sarges, W. (2002). <em>360\u00b0-Feedback<\/em>. G\u00f6ttingen: Hogrefe.<\/p>\n<p><strong>Scherm, M.<\/strong> (2001). Diagnose sozialer Situationen. Zum Zusammenhang zwischen den Interaktionsdimensionen des SYMLOG-Raumes und zentralen Pers\u00f6nlichkeitsvariablen. In E. Witte (<abbr title=\"Herausgeber\">Hrsg.<\/abbr>), <em>Leistungsverbesserungen in aufgabenorientierten Kleingruppen<\/em> (Seite 95-111). Lengerich: Pabst.<\/p>\n<p><strong>Scherm, M.<\/strong>, Autenrieth, C., Domsch, M.E. &amp; Bledowski, P. (1999): Berufliche Wertorientierungen des potenziellen akademischen F\u00fchrungsnachwuchses als Grundlage f\u00fcr personalwirtschaftliche Entscheide. Ein Vergleich zwischen polnischen und deutschen Examenskandidaten.<em> Zeitschrift f\u00fcr Personalforschung<\/em>, 13, Seite 269-286.<\/p>\n<p><strong>Scherm, M.<\/strong>, Autenrieth, C., Domsch, M.E. &amp; Bledowski, P. (1999). Work values of business administration examinees &#8211; A cross-cultural comparison of Poles and Germans. In <em>Proceedings of the Eastern Academy of Management &#8222;Managing in a Global Economy VIII<\/em>&#8222;, Seite 217-233.<\/p>\n<p><strong>Scherm, M.<\/strong> (1999). 360-Grad-Feedback: Das Multiratersystem &#8222;Benchmarks&#8220; von Lombardo und McCauley (1996). <em>Zeitschrift f\u00fcr Arbeits- und Organisationspsychologie<\/em>, 43 (N.F. 17), Seite 102-106.<\/p>\n","protected":false},"excerpt":{"rendered":"<p>Ausgew\u00e4hlte Publikationen PD Dr. Martin Scherm de Jonge, J. &amp; Scherm, M. (2015). F\u00fchrung und Vertrauen \u2013 Konzepte und neuere Befunde. In J. Felfe (Hrsg.), Trends der psychologischen F\u00fchrungsforschung \u2013 [&hellip;]<\/p>\n","protected":false},"author":2466,"featured_media":0,"parent":106,"menu_order":0,"comment_status":"closed","ping_status":"closed","template":"","meta":{"footnotes":""},"categories":[],"tags":[],"class_list":["post-159","page","type-page","status-publish","hentry"],"_links":{"self":[{"href":"https:\/\/www.hsu-hh.de\/afb\/wp-json\/wp\/v2\/pages\/159","targetHints":{"allow":["GET"]}}],"collection":[{"href":"https:\/\/www.hsu-hh.de\/afb\/wp-json\/wp\/v2\/pages"}],"about":[{"href":"https:\/\/www.hsu-hh.de\/afb\/wp-json\/wp\/v2\/types\/page"}],"author":[{"embeddable":true,"href":"https:\/\/www.hsu-hh.de\/afb\/wp-json\/wp\/v2\/users\/2466"}],"replies":[{"embeddable":true,"href":"https:\/\/www.hsu-hh.de\/afb\/wp-json\/wp\/v2\/comments?post=159"}],"version-history":[{"count":1,"href":"https:\/\/www.hsu-hh.de\/afb\/wp-json\/wp\/v2\/pages\/159\/revisions"}],"predecessor-version":[{"id":160,"href":"https:\/\/www.hsu-hh.de\/afb\/wp-json\/wp\/v2\/pages\/159\/revisions\/160"}],"up":[{"embeddable":true,"href":"https:\/\/www.hsu-hh.de\/afb\/wp-json\/wp\/v2\/pages\/106"}],"wp:attachment":[{"href":"https:\/\/www.hsu-hh.de\/afb\/wp-json\/wp\/v2\/media?parent=159"}],"wp:term":[{"taxonomy":"category","embeddable":true,"href":"https:\/\/www.hsu-hh.de\/afb\/wp-json\/wp\/v2\/categories?post=159"},{"taxonomy":"post_tag","embeddable":true,"href":"https:\/\/www.hsu-hh.de\/afb\/wp-json\/wp\/v2\/tags?post=159"}],"curies":[{"name":"wp","href":"https:\/\/api.w.org\/{rel}","templated":true}]}}