{"id":137,"date":"2020-01-16T11:22:12","date_gmt":"2020-01-16T10:22:12","guid":{"rendered":"https:\/\/www.hsu-hh.de\/afb\/?page_id=137"},"modified":"2023-06-13T13:19:57","modified_gmt":"2023-06-13T11:19:57","slug":"fuehrungsbegleitung-als-militaerisches-coaching","status":"publish","type":"page","link":"https:\/\/www.hsu-hh.de\/afb\/startseite\/fuehrungsbegleitung-als-militaerisches-coaching\/","title":{"rendered":"F\u00fchrungskr\u00e4ftecoaching \/ Moderation \/ Orientierung"},"content":{"rendered":"<p>Die Transformation der Streitkr\u00e4fte tr\u00e4gt an das milit\u00e4rische F\u00fchrungspersonal deutlich gestiegene Anforderungen hinsichtlich des Auftragsmanagements und der Anpassung an sich ver\u00e4ndernde Strukturen und Situationen heran. Um die jeweiligen Anforderungen erfolgreich bew\u00e4ltigen zu k\u00f6nnen, bedarf es einer gleicherma\u00dfen effektiven, an den Prinzipien der Inneren F\u00fchrung orientierten Menschenf\u00fchrung.<\/p>\n<p>Wie in zivilen Umgebungen auch, besteht auf der Seite des F\u00fchrungspersonals ein zunehmender Bedarf, die eigenen Verhaltenskompetenzen einsch\u00e4tzen und kontinuierlich verbessern zu k\u00f6nnen. Das vom <a href=\"https:\/\/www.bundeswehr.de\/de\/organisation\/weitere-bmvg-dienststellen\/zentrum-innere-fuehrung\" rel='nofollow'>Zentrum Innere F\u00fchrung<\/a>\u00a0(<a href=\"https:\/\/www.bundeswehr.de\/de\/organisation\/weitere-bmvg-dienststellen\/zentrum-innere-fuehrung\/abteilungen-und-bereiche\/bereich-coaching\" rel='nofollow'>Intranetlink<\/a>) entwickelte Konzept der F\u00fchrungskr\u00e4ftecoaching \/ Moderation \/ Orientierung (FMO) tr\u00e4gt dem im besonderen Rechnung.<\/p>\n<p>Die kontinuierliche Evaluation der FMO ist als L\u00e4ngsschnittstudie angelegt. Unter Anwendung des 360\u00b0-Feedback werden zu zwei Me\u00dfzeitpunkten Kompetenzwerte erhoben. Dabei liegt die erste Messung vor dem Coaching um gewisserma\u00dfen die Ausgangssituation zu bestimmen. Die Me\u00dfwiederholungen nach dem Coaching dienen der Feststellung der kurz- und langfristigen Caochingerfolge.<\/p>\n<p>Die durch das diagnostische Instrument des <a href=\"https:\/\/www.hsu-hh.de\/afb\/startseite\/360grad-feedback\/\">360\u00b0-Feedback<\/a> gewonnenen Daten werden in der Kompetenzr\u00fcckmeldung visualisiert. Diese Auswertung steht den F\u00fchrungsbegleitern (Coaches) zur Arbeit mit den Klienten zur Verf\u00fcgung.<\/p>\n","protected":false},"excerpt":{"rendered":"<p>Die Transformation der Streitkr\u00e4fte tr\u00e4gt an das milit\u00e4rische F\u00fchrungspersonal deutlich gestiegene Anforderungen hinsichtlich des Auftragsmanagements und der Anpassung an sich ver\u00e4ndernde Strukturen und Situationen heran. Um die jeweiligen Anforderungen erfolgreich [&hellip;]<\/p>\n","protected":false},"author":2466,"featured_media":0,"parent":73,"menu_order":0,"comment_status":"closed","ping_status":"closed","template":"","meta":{"footnotes":""},"categories":[4],"tags":[],"class_list":["post-137","page","type-page","status-publish","hentry","category-forschung"],"_links":{"self":[{"href":"https:\/\/www.hsu-hh.de\/afb\/wp-json\/wp\/v2\/pages\/137","targetHints":{"allow":["GET"]}}],"collection":[{"href":"https:\/\/www.hsu-hh.de\/afb\/wp-json\/wp\/v2\/pages"}],"about":[{"href":"https:\/\/www.hsu-hh.de\/afb\/wp-json\/wp\/v2\/types\/page"}],"author":[{"embeddable":true,"href":"https:\/\/www.hsu-hh.de\/afb\/wp-json\/wp\/v2\/users\/2466"}],"replies":[{"embeddable":true,"href":"https:\/\/www.hsu-hh.de\/afb\/wp-json\/wp\/v2\/comments?post=137"}],"version-history":[{"count":6,"href":"https:\/\/www.hsu-hh.de\/afb\/wp-json\/wp\/v2\/pages\/137\/revisions"}],"predecessor-version":[{"id":273,"href":"https:\/\/www.hsu-hh.de\/afb\/wp-json\/wp\/v2\/pages\/137\/revisions\/273"}],"up":[{"embeddable":true,"href":"https:\/\/www.hsu-hh.de\/afb\/wp-json\/wp\/v2\/pages\/73"}],"wp:attachment":[{"href":"https:\/\/www.hsu-hh.de\/afb\/wp-json\/wp\/v2\/media?parent=137"}],"wp:term":[{"taxonomy":"category","embeddable":true,"href":"https:\/\/www.hsu-hh.de\/afb\/wp-json\/wp\/v2\/categories?post=137"},{"taxonomy":"post_tag","embeddable":true,"href":"https:\/\/www.hsu-hh.de\/afb\/wp-json\/wp\/v2\/tags?post=137"}],"curies":[{"name":"wp","href":"https:\/\/api.w.org\/{rel}","templated":true}]}}