{"id":112,"date":"2018-01-17T14:06:36","date_gmt":"2018-01-17T13:06:36","guid":{"rendered":"https:\/\/www.hsu-hh.de\/vorlage\/?page_id=112"},"modified":"2020-01-28T11:24:04","modified_gmt":"2020-01-28T10:24:04","slug":"forschung","status":"publish","type":"page","link":"https:\/\/www.hsu-hh.de\/afb\/forschung\/","title":{"rendered":"Forschung"},"content":{"rendered":"<h3>Im Rahmen der angewandten F\u00fchrungsforschung sind wir auf dem Weg, den f\u00fcr die erfolgreiche Menschenf\u00fchrung unerl\u00e4sslichen Themenkomplex \u201eF\u00fchren und Vertrauen\u201c wissenschaftlich zu erschlie\u00dfen.<\/h3>\n<p>Unserem Forschungsinteresse folgend haben wir wir den Fragebogen <a href=\"https:\/\/www.hsu-hh.de\/afb\/forschung\/leadership-trust-inventar\/\">\u201eLeadership Trust Inventory\u201c (LTI)<\/a> entwickelt, dessen Einsatz im milit\u00e4rischen wie im zivilen Bereich die strikte Beachtung des Datenschutzes erfordert.<\/p>\n<p>Begleitend zu den Forschungen haben wir 2011 ein internationales Symposium zum Thema &#8222;F\u00fchren und Vertrauen &#8211; Vertrauen und F\u00fchrung&#8220; durchgef\u00fchrt. Das Symposium wird als Verantaltungsreihe in einem Rhythmus von zwei Jahren stattfinden.<\/p>\n","protected":false},"excerpt":{"rendered":"<p>Im Rahmen der angewandten F\u00fchrungsforschung sind wir auf dem Weg, den f\u00fcr die erfolgreiche Menschenf\u00fchrung unerl\u00e4sslichen Themenkomplex \u201eF\u00fchren und Vertrauen\u201c wissenschaftlich zu erschlie\u00dfen. Unserem Forschungsinteresse folgend haben wir wir den [&hellip;]<\/p>\n","protected":false},"author":26,"featured_media":0,"parent":0,"menu_order":0,"comment_status":"closed","ping_status":"closed","template":"","meta":{"footnotes":""},"categories":[4],"tags":[],"class_list":["post-112","page","type-page","status-publish","hentry","category-forschung"],"_links":{"self":[{"href":"https:\/\/www.hsu-hh.de\/afb\/wp-json\/wp\/v2\/pages\/112","targetHints":{"allow":["GET"]}}],"collection":[{"href":"https:\/\/www.hsu-hh.de\/afb\/wp-json\/wp\/v2\/pages"}],"about":[{"href":"https:\/\/www.hsu-hh.de\/afb\/wp-json\/wp\/v2\/types\/page"}],"author":[{"embeddable":true,"href":"https:\/\/www.hsu-hh.de\/afb\/wp-json\/wp\/v2\/users\/26"}],"replies":[{"embeddable":true,"href":"https:\/\/www.hsu-hh.de\/afb\/wp-json\/wp\/v2\/comments?post=112"}],"version-history":[{"count":3,"href":"https:\/\/www.hsu-hh.de\/afb\/wp-json\/wp\/v2\/pages\/112\/revisions"}],"predecessor-version":[{"id":189,"href":"https:\/\/www.hsu-hh.de\/afb\/wp-json\/wp\/v2\/pages\/112\/revisions\/189"}],"wp:attachment":[{"href":"https:\/\/www.hsu-hh.de\/afb\/wp-json\/wp\/v2\/media?parent=112"}],"wp:term":[{"taxonomy":"category","embeddable":true,"href":"https:\/\/www.hsu-hh.de\/afb\/wp-json\/wp\/v2\/categories?post=112"},{"taxonomy":"post_tag","embeddable":true,"href":"https:\/\/www.hsu-hh.de\/afb\/wp-json\/wp\/v2\/tags?post=112"}],"curies":[{"name":"wp","href":"https:\/\/api.w.org\/{rel}","templated":true}]}}