{"id":106,"date":"2018-01-17T14:05:25","date_gmt":"2018-01-17T13:05:25","guid":{"rendered":"https:\/\/www.hsu-hh.de\/vorlage\/?page_id=106"},"modified":"2024-12-12T09:48:42","modified_gmt":"2024-12-12T08:48:42","slug":"mitarbeiter","status":"publish","type":"page","link":"https:\/\/www.hsu-hh.de\/afb\/startseite\/mitarbeiter\/","title":{"rendered":"Team"},"content":{"rendered":"\n<figure class=\"wp-block-image size-large\"><img loading=\"lazy\" decoding=\"async\" width=\"1024\" height=\"683\" src=\"https:\/\/www.hsu-hh.de\/afb\/wp-content\/uploads\/sites\/836\/2024\/11\/IMG_9590_Gruppe_01-1024x683.jpg\" data-credit=\"Christian Gelhausen\" alt=\"\" class=\"wp-image-290\" srcset=\"https:\/\/www.hsu-hh.de\/afb\/wp-content\/uploads\/sites\/836\/2024\/11\/IMG_9590_Gruppe_01-1024x683.jpg 1024w, https:\/\/www.hsu-hh.de\/afb\/wp-content\/uploads\/sites\/836\/2024\/11\/IMG_9590_Gruppe_01-300x200.jpg 300w, https:\/\/www.hsu-hh.de\/afb\/wp-content\/uploads\/sites\/836\/2024\/11\/IMG_9590_Gruppe_01-768x512.jpg 768w, https:\/\/www.hsu-hh.de\/afb\/wp-content\/uploads\/sites\/836\/2024\/11\/IMG_9590_Gruppe_01-1536x1024.jpg 1536w, https:\/\/www.hsu-hh.de\/afb\/wp-content\/uploads\/sites\/836\/2024\/11\/IMG_9590_Gruppe_01-2048x1365.jpg 2048w, https:\/\/www.hsu-hh.de\/afb\/wp-content\/uploads\/sites\/836\/2024\/11\/IMG_9590_Gruppe_01-1100x733.jpg 1100w\" sizes=\"auto, (max-width: 1024px) 100vw, 1024px\" \/><\/figure>\n\n\n<div class=\"clearfix\">\u00a0<\/div>\n<div class=\"ansprechparter-container\">\n<div class=\"row ansprechpartner-item ansprechparter-header\">\n<div class=\"col-xs-8 col-lg-12\" style=\"margin-bottom: 30px\">\n<h3 class=\"ansprechparter-headline\">Leitung:<\/h3>\n<div class=\"mobile-small\"><abbr title=\"Privatdozent\">PD<\/abbr> <abbr title=\"Doktor\">Dr.<\/abbr> Martin Scherm<\/div>\n<\/div>\n<p><img loading=\"lazy\" decoding=\"async\" class=\"img-circle img-responsive center-block  wp-image-288 size-medium alignright\" src=\"https:\/\/www.hsu-hh.de\/afb\/wp-content\/uploads\/sites\/836\/2024\/11\/IMG_9552_Scherm_Martin-300x200.jpg\" alt=\"\" width=\"300\" height=\"200\" data-credit=\"De Jonge\" srcset=\"https:\/\/www.hsu-hh.de\/afb\/wp-content\/uploads\/sites\/836\/2024\/11\/IMG_9552_Scherm_Martin-300x200.jpg 300w, https:\/\/www.hsu-hh.de\/afb\/wp-content\/uploads\/sites\/836\/2024\/11\/IMG_9552_Scherm_Martin-1024x683.jpg 1024w, https:\/\/www.hsu-hh.de\/afb\/wp-content\/uploads\/sites\/836\/2024\/11\/IMG_9552_Scherm_Martin-768x512.jpg 768w, https:\/\/www.hsu-hh.de\/afb\/wp-content\/uploads\/sites\/836\/2024\/11\/IMG_9552_Scherm_Martin-1536x1024.jpg 1536w, https:\/\/www.hsu-hh.de\/afb\/wp-content\/uploads\/sites\/836\/2024\/11\/IMG_9552_Scherm_Martin-2048x1365.jpg 2048w, https:\/\/www.hsu-hh.de\/afb\/wp-content\/uploads\/sites\/836\/2024\/11\/IMG_9552_Scherm_Martin-1100x733.jpg 1100w\" sizes=\"auto, (max-width: 300px) 100vw, 300px\" \/><\/p>\n<div class=\"col-md-12 col-lg-3 col-xs-12 ansprechpartner-item kontakt floatright\" style=\"margin-bottom: 30px\">\n<div class=\"row\">\n<div class=\"col-xs-12 col-sm-6 col-lg-12\">\n<div class=\"row\">\n<div class=\"col-xs-12 col-lg-4 row-text bold\">Raum:<\/div>\n<div class=\"col-xs-12 col-lg-8 row-text\">0\/E 150<\/div>\n<\/div>\n<\/div>\n<div class=\"col-xs-12 col-sm-6 col-lg-12\">\n<div class=\"row\">\n<div class=\"col-xs-12 col-lg-4 row-text bold\">Telefon:<\/div>\n<div class=\"col-xs-12 col-lg-8 row-text\">+49 40 6541-3483<\/div>\n<\/div>\n<\/div>\n<div class=\"col-xs-12 col-sm-6 col-lg-12\">\n<div class=\"row\">\n<div class=\"col-xs-12 col-lg-4 row-text bold\">\u00a0<\/div>\n<\/div>\n<\/div>\n<div class=\"col-xs-12 col-sm-6 col-lg-12\">\n<div class=\"row\">\n<div class=\"col-xs-12 col-md-12 row-text bold\">E-Mail:<\/div>\n<div class=\"col-xs-12 col-md-12 row-text\"><a href=\"mailto:mscherm@hsu-hh.de\" rel='nofollow'>mscherm@hsu-hh.de<\/a><\/div>\n<div>\u00a0<\/div>\n<\/div>\n<\/div>\n<\/div>\n<\/div>\n<div class=\"col-md-6 col-lg-3 col-xs-12 ansprechpartner-item anschrift floatright\">\n<div class=\"row-headline\">Besucheranschrift<\/div>\n<div>\u00a0<\/div>\n<div class=\"row-text\">Friedrich-Ebert-Damm 245 (Eingang via Charlie-Mills-Stra\u00dfe)<br \/>22159 Hamburg<\/div>\n<\/div>\n<div class=\"col-md-6 col-lg-3 col-xs-12 ansprechpartner-item anschrift floatright\">\n<div class=\"row-headline\">Postanschrift<\/div>\n<div class=\"row-text\">\n<p>Helmut-Schmidt-Universit\u00e4t<br \/>Fakult\u00e4t f\u00fcr Geistes- und Sozialwissenschaften<br \/>Arbeitsbereich F\u00fchrungsbegleitung<\/p>\n<p>22008 Hamburg<\/p>\n<\/div>\n<p><a href=\"https:\/\/www.hsu-hh.de\/afb\/startseite\/mitarbeiter\/publikationen\/\">Ausgew\u00e4hlte Publikationen<\/a><\/p>\n<\/div>\n<\/div>\n<\/div>\n<div class=\"clearfix\">\u00a0<\/div>\n<h2>\u00a0<\/h2>\n<h3>Mitarbeiter (<abbr title=\"Wissenschaftlicher Mitarbeiter\">WMA<\/abbr>)<\/h3>\n<div class=\"clearfix\">\u00a0<\/div>\n<div class=\"ansprechparter-container\">\n<div class=\"row ansprechpartner-item ansprechparter-header\">\n<div class=\"col-xs-8 col-lg-12\" style=\"margin-bottom: 30px\">\n<h3 class=\"ansprechparter-headline\">M.A. Stephanie Renneberg<\/h3>\n<\/div>\n<div class=\"col-md-4 col-lg-3 col-xs-4 ansprechpartner-item floatright img-circle center-block\" style=\"margin-bottom: 30px\">\n<div class=\"img-responsive-wrapper\"><img loading=\"lazy\" decoding=\"async\" class=\"img-circle img-responsive center-block  wp-image-287 size-medium\" src=\"https:\/\/www.hsu-hh.de\/afb\/wp-content\/uploads\/sites\/836\/2024\/11\/IMG_9525_Renneberg_Stephanie-300x200.jpg\" alt=\"\" width=\"300\" height=\"200\" data-credit=\"Renneberg\" srcset=\"https:\/\/www.hsu-hh.de\/afb\/wp-content\/uploads\/sites\/836\/2024\/11\/IMG_9525_Renneberg_Stephanie-300x200.jpg 300w, https:\/\/www.hsu-hh.de\/afb\/wp-content\/uploads\/sites\/836\/2024\/11\/IMG_9525_Renneberg_Stephanie-1024x683.jpg 1024w, https:\/\/www.hsu-hh.de\/afb\/wp-content\/uploads\/sites\/836\/2024\/11\/IMG_9525_Renneberg_Stephanie-768x512.jpg 768w, https:\/\/www.hsu-hh.de\/afb\/wp-content\/uploads\/sites\/836\/2024\/11\/IMG_9525_Renneberg_Stephanie-1536x1024.jpg 1536w, https:\/\/www.hsu-hh.de\/afb\/wp-content\/uploads\/sites\/836\/2024\/11\/IMG_9525_Renneberg_Stephanie-2048x1365.jpg 2048w, https:\/\/www.hsu-hh.de\/afb\/wp-content\/uploads\/sites\/836\/2024\/11\/IMG_9525_Renneberg_Stephanie-1100x733.jpg 1100w\" sizes=\"auto, (max-width: 300px) 100vw, 300px\" \/><\/div>\n<\/div>\n<div class=\"col-md-12 col-lg-3 col-xs-12 ansprechpartner-item kontakt floatright\" style=\"margin-bottom: 30px\">\n<div class=\"row\">\n<div class=\"col-xs-12 col-sm-6 col-lg-12\">\n<div class=\"row\">\n<div class=\"col-xs-12 col-lg-4 row-text bold\">Raum:<\/div>\n<div class=\"col-xs-12 col-lg-8 row-text\">0\/E148<\/div>\n<\/div>\n<\/div>\n<div class=\"col-xs-12 col-sm-6 col-lg-12\">\n<div class=\"row\">\n<div class=\"col-xs-12 col-lg-4 row-text bold\">Telefon:<\/div>\n<div class=\"col-xs-12 col-lg-8 row-text\">(040) 6541-3481<\/div>\n<\/div>\n<\/div>\n<div class=\"col-xs-12 col-sm-6 col-lg-12\">\n<div class=\"row\">\n<div class=\"col-xs-12 col-lg-8 row-text\">\u00a0<\/div>\n<\/div>\n<\/div>\n<div class=\"col-xs-12 col-sm-6 col-lg-12\">\n<div class=\"row\">\n<div class=\"col-xs-12 col-md-12 row-text bold\">E-Mail:<\/div>\n<div class=\"col-xs-12 col-md-12 row-text\"><a href=\"mailto:muster@hsu-hh.de\" rel='nofollow'>srenneberg@hsu-hh.de<\/a><\/div>\n<\/div>\n<\/div>\n<\/div>\n<\/div>\n<div class=\"col-md-6 col-lg-3 col-xs-12 ansprechpartner-item anschrift floatright\">\n<div class=\"row-headline\">Besucheranschrift<\/div>\n<div class=\"row-text\">Friedrich-Ebert-Damm 245 (Eingang via Charlie-Mills-Stra\u00dfe)<br \/>22159 Hamburg<\/div>\n<\/div>\n<div class=\"col-md-6 col-lg-3 col-xs-12 ansprechpartner-item anschrift floatright\">\n<div class=\"row-headline\">Postanschrift<\/div>\n<div class=\"row-text\">\n<p>Helmut-Schmidt-Universit\u00e4t<br \/>Fakult\u00e4t f\u00fcr Geistes- und Sozialwissenschaften<br \/>Arbeitsbereich F\u00fchrungsbegleitung<\/p>\n<p>22008 Hamburg<\/p>\n<\/div>\n<\/div>\n<\/div>\n<\/div>\n<div class=\"clearfix\">\u00a0<\/div>\n<p>\u00a0<\/p>\n<div class=\"ansprechparter-container\">\n<div class=\"row ansprechpartner-item ansprechparter-header\">\n<div class=\"col-xs-8 col-lg-12\" style=\"margin-bottom: 30px\">\n<div class=\"clearfix\">\u00a0<\/div>\n<div class=\"ansprechparter-container\">\n<div class=\"row ansprechpartner-item ansprechparter-header\">\n<div class=\"col-xs-8 col-lg-12\" style=\"margin-bottom: 30px\">\n<h3 class=\"ansprechparter-headline\"><abbr title=\"Master of Science\">M.Sc.<\/abbr> Ronja Bartzke<\/h3>\n<\/div>\n<div class=\"col-md-4 col-lg-3 col-xs-4 ansprechpartner-item floatright img-circle center-block\" style=\"margin-bottom: 30px\">\n<div class=\"img-responsive-wrapper\">\n<p><img loading=\"lazy\" decoding=\"async\" class=\"img-circle img-responsive center-block aligncenter wp-image-286 size-medium\" src=\"https:\/\/www.hsu-hh.de\/afb\/wp-content\/uploads\/sites\/836\/2024\/11\/IMG_9477_Bartzke_Ronja_02-300x200.jpg\" alt=\"\" width=\"300\" height=\"200\" data-credit=\"Ronja Bartzke\" srcset=\"https:\/\/www.hsu-hh.de\/afb\/wp-content\/uploads\/sites\/836\/2024\/11\/IMG_9477_Bartzke_Ronja_02-300x200.jpg 300w, https:\/\/www.hsu-hh.de\/afb\/wp-content\/uploads\/sites\/836\/2024\/11\/IMG_9477_Bartzke_Ronja_02-1024x683.jpg 1024w, https:\/\/www.hsu-hh.de\/afb\/wp-content\/uploads\/sites\/836\/2024\/11\/IMG_9477_Bartzke_Ronja_02-768x512.jpg 768w, https:\/\/www.hsu-hh.de\/afb\/wp-content\/uploads\/sites\/836\/2024\/11\/IMG_9477_Bartzke_Ronja_02-1536x1024.jpg 1536w, https:\/\/www.hsu-hh.de\/afb\/wp-content\/uploads\/sites\/836\/2024\/11\/IMG_9477_Bartzke_Ronja_02-2048x1365.jpg 2048w, https:\/\/www.hsu-hh.de\/afb\/wp-content\/uploads\/sites\/836\/2024\/11\/IMG_9477_Bartzke_Ronja_02-1100x733.jpg 1100w\" sizes=\"auto, (max-width: 300px) 100vw, 300px\" \/><\/p>\n<\/div>\n<\/div>\n<div>\u00a0<\/div>\n<div>\u00a0<\/div>\n<div class=\"col-md-12 col-lg-3 col-xs-12 ansprechpartner-item kontakt floatright\" style=\"margin-bottom: 30px\"><strong>Raum:<\/strong><br \/>0\/E 146<br \/><strong>Telefon:<\/strong><br \/>+49 40 6541-3482<br \/><strong>E-Mail:<\/strong><br \/><a href=\"mailto:bartzker@hsu-hh.de\" rel='nofollow'>bartzker@hsu-hh.de<\/a><\/div>\n<div class=\"col-md-6 col-lg-3 col-xs-12 ansprechpartner-item anschrift floatright\">\n<div class=\"row-headline\">Besucheranschrift<\/div>\n<div>\u00a0<\/div>\n<p>Friedrich-Ebert-Damm 245 (Eingang via Charlie-Mills-Stra\u00dfe)<br \/>22159 Hamburg<\/p>\n<\/div>\n<div class=\"col-md-6 col-lg-3 col-xs-12 ansprechpartner-item anschrift floatright\">\n<div class=\"row-headline\">Postanschrift<\/div>\n<div>\u00a0<\/div>\n<p>Helmut-Schmidt-Universit\u00e4t<br \/>Fakult\u00e4t f\u00fcr Geistes- und Sozialwissenschaften<br \/>Arbeitsbereich F\u00fchrungsbegleitung<\/p>\n<p>22008 Hamburg<\/p>\n<\/div>\n<\/div>\n<\/div>\n<\/div>\n<\/div>\n<\/div>\n<div class=\"clearfix\">\n<div class=\"clearfix\">\u00a0<\/div>\n<div class=\"ansprechparter-container\">\n<div class=\"row ansprechpartner-item ansprechparter-header\">\n<div class=\"col-xs-8 col-lg-12\" style=\"margin-bottom: 30px\">\n<h3 class=\"ansprechparter-headline\">B.Sc. Timo Wilstermann<\/h3>\n<\/div>\n<div class=\"col-md-4 col-lg-3 col-xs-4 ansprechpartner-item floatright img-circle center-block\" style=\"margin-bottom: 30px\">\n<div class=\"img-responsive-wrapper\"><img decoding=\"async\" class=\"img-circle img-responsive center-block\" src=\"\/wp-content\/themes\/hsu\/img\/dummy\/dummy_ansprechpartner.png\" alt=\"\" \/><\/div>\n<\/div>\n<div class=\"col-md-12 col-lg-3 col-xs-12 ansprechpartner-item kontakt floatright\" style=\"margin-bottom: 30px\">\n<div class=\"row\">\n<div class=\"col-xs-12 col-sm-6 col-lg-12\">\n<div class=\"row\">\n<div class=\"col-xs-12 col-lg-4 row-text bold\">Raum:<\/div>\n<div class=\"col-xs-12 col-lg-8 row-text\">0\/E154<\/div>\n<\/div>\n<\/div>\n<div class=\"col-xs-12 col-sm-6 col-lg-12\">\n<div class=\"row\">\n<div class=\"col-xs-12 col-lg-4 row-text bold\">Telefon:<\/div>\n<div class=\"col-xs-12 col-lg-8 row-text\">(040) 6541-3439<\/div>\n<\/div>\n<\/div>\n<div class=\"col-xs-12 col-sm-6 col-lg-12\">\n<div class=\"row\">\n<div class=\"col-xs-12 col-md-12 row-text bold\">E-Mail:<\/div>\n<div class=\"col-xs-12 col-md-12 row-text\"><a href=\"mailto:muster@hsu-hh.de\" rel='nofollow'>wilstert@hsu-hh.de<\/a><\/div>\n<\/div>\n<\/div>\n<\/div>\n<\/div>\n<div class=\"col-md-6 col-lg-3 col-xs-12 ansprechpartner-item anschrift floatright\">\n<div class=\"row-headline\">Besucheranschrift<\/div>\n<div>\u00a0<\/div>\n<div class=\"row-text\">Friedrich-Ebert-Damm 245 (Eingang via Charlie-Mills-Stra\u00dfe)<br \/>22159 Hamburg<\/div>\n<\/div>\n<div class=\"col-md-6 col-lg-3 col-xs-12 ansprechpartner-item anschrift floatright\">\n<div class=\"row-headline\">Postanschrift<\/div>\n<div class=\"row-text\">\n<p>Helmut-Schmidt-Universit\u00e4t<br \/>Fakult\u00e4t f\u00fcr Geistes- und Sozialwissenschaften<br \/>Arbeitsbereich F\u00fchrungsbegleitung<\/p>\n<p>22008 Hamburg<\/p>\n<\/div>\n<\/div>\n<\/div>\n<\/div>\n<div class=\"clearfix\">\u00a0<\/div>\n<p>\u00a0<\/p>\n<\/div>\n<h3>\u00a0<\/h3>","protected":false},"excerpt":{"rendered":"<p>\u00a0 Leitung: PD Dr. Martin Scherm Raum: 0\/E 150 Telefon: +49 40 6541-3483 \u00a0 E-Mail: mscherm@hsu-hh.de \u00a0 Besucheranschrift \u00a0 Friedrich-Ebert-Damm 245 (Eingang via Charlie-Mills-Stra\u00dfe)22159 Hamburg Postanschrift Helmut-Schmidt-Universit\u00e4tFakult\u00e4t f\u00fcr Geistes- und [&hellip;]<\/p>\n","protected":false},"author":26,"featured_media":0,"parent":73,"menu_order":0,"comment_status":"closed","ping_status":"closed","template":"","meta":{"footnotes":""},"categories":[8],"tags":[],"class_list":["post-106","page","type-page","status-publish","hentry","category-team"],"_links":{"self":[{"href":"https:\/\/www.hsu-hh.de\/afb\/wp-json\/wp\/v2\/pages\/106","targetHints":{"allow":["GET"]}}],"collection":[{"href":"https:\/\/www.hsu-hh.de\/afb\/wp-json\/wp\/v2\/pages"}],"about":[{"href":"https:\/\/www.hsu-hh.de\/afb\/wp-json\/wp\/v2\/types\/page"}],"author":[{"embeddable":true,"href":"https:\/\/www.hsu-hh.de\/afb\/wp-json\/wp\/v2\/users\/26"}],"replies":[{"embeddable":true,"href":"https:\/\/www.hsu-hh.de\/afb\/wp-json\/wp\/v2\/comments?post=106"}],"version-history":[{"count":45,"href":"https:\/\/www.hsu-hh.de\/afb\/wp-json\/wp\/v2\/pages\/106\/revisions"}],"predecessor-version":[{"id":309,"href":"https:\/\/www.hsu-hh.de\/afb\/wp-json\/wp\/v2\/pages\/106\/revisions\/309"}],"up":[{"embeddable":true,"href":"https:\/\/www.hsu-hh.de\/afb\/wp-json\/wp\/v2\/pages\/73"}],"wp:attachment":[{"href":"https:\/\/www.hsu-hh.de\/afb\/wp-json\/wp\/v2\/media?parent=106"}],"wp:term":[{"taxonomy":"category","embeddable":true,"href":"https:\/\/www.hsu-hh.de\/afb\/wp-json\/wp\/v2\/categories?post=106"},{"taxonomy":"post_tag","embeddable":true,"href":"https:\/\/www.hsu-hh.de\/afb\/wp-json\/wp\/v2\/tags?post=106"}],"curies":[{"name":"wp","href":"https:\/\/api.w.org\/{rel}","templated":true}]}}