{"id":9,"date":"2016-06-07T18:09:30","date_gmt":"2016-06-07T16:09:30","guid":{"rendered":"https:\/\/webbox.hsu-hh.de\/vorlage\/?page_id=9"},"modified":"2023-11-30T08:42:24","modified_gmt":"2023-11-30T07:42:24","slug":"impressum","status":"publish","type":"page","link":"https:\/\/www.hsu-hh.de\/abwl\/impressum","title":{"rendered":"Impressum"},"content":{"rendered":"<h2>Angaben gem. \u00a7\u00a7 5 <abbr title=\"beziehungsweise\">bzw.<\/abbr> 7 Telemediengesetz<\/h2>\n<p><strong>Herausgeber<br \/>\n<\/strong>Helmut-Schmidt-Universit\u00e4t \/ Universit\u00e4t der Bundeswehr Hamburg<br \/>\n<strong><abbr title=\"Universit\u00e4tsprofessor\">Univ.-Prof.<\/abbr> <abbr title=\"Doktor\">Dr.<\/abbr> <abbr title=\"rerum\">rer.<\/abbr> <abbr title=\"politicarum\">pol.<\/abbr> Stefan M\u00fcller<\/strong><br \/>\nLehrstuhl f\u00fcr Betriebswirtschaftslehre, <abbr title=\"insbesondere\">insb.<\/abbr> Rechnungslegung und<br \/>\nWirtschaftspr\u00fcfungswesen<br \/>\nHolstenhofweg 85<br \/>\n22043 Hamburg<\/p>\n<p><strong>Telefon: <\/strong>+49 (0)40 &#8211; 65 41 29 68<br \/>\n<strong>Telefax: <\/strong>+49 (0)40 &#8211; 65 41 3732<\/p>\n<p><strong>E-Mail: <\/strong><a href=\"mailto:smueller@hsu-hh.de\" rel='nofollow'>smueller@hsu-hh.de<\/a><\/p>\n<p><strong>Haftungsausschluss<\/strong><\/p>\n<p>Trotz sorgf\u00e4ltiger inhaltlicher Kontrolle \u00fcbernehmen wir keine Haftung f\u00fcr die Richtigkeit, Vollst\u00e4ndigkeit und Aktualit\u00e4t unserer Webseiten sowie f\u00fcr die Inhalte externer Links. F\u00fcr den Inhalt der verlinkten Seiten sind ausschlie\u00dflich deren Betreiber verantwortlich.<\/p>\n<p><strong>Urheberrechtsvermerk<\/strong><\/p>\n<p>Das Layout, s\u00e4mtliche Grafiken und Fotos sowie die Textbeitr\u00e4ge sind urheberrechtlich gesch\u00fctzt. Es gelten die gesetzlichen Bestimmungen. \u00c4nderungen d\u00fcrfen nicht vorgenommen werden. Bei Anfragen wenden Sie sich an den auf den jeweiligen Seiten erkenntlichen Autor.<\/p>\n<p><strong>\u00a0<\/strong><\/p>\n<p><strong>EU-Datenschutz-Grundverordnung (DSGVO) seit 25.05.18 in Kraft:<\/strong><\/p>\n<p>N\u00e4here Informationen \u00fcber die Verarbeitung der personenbezogenen Daten durch die <abbr title=\"Helmut Schmidt Universit\u00e4t\">HSU<\/abbr>\/UniBw H und die nach den datenschutzrechtlichen Regelungen zustehenden Anspr\u00fcche und Rechte entnehmen Sie bitte der Datenschutzerkl\u00e4rung f\u00fcr die Internetpr\u00e4senz der <abbr title=\"Helmut Schmidt Universit\u00e4t\">HSU<\/abbr>\/UniBw H unter: <a href=\"https:\/\/www.hsu-hh.de\/datenschutzerklaerung\">https:\/\/www.hsu-hh.de\/datenschutzerklaerung<\/a><\/p>\n","protected":false},"excerpt":{"rendered":"<p>Angaben gem. \u00a7\u00a7 5 bzw. 7 Telemediengesetz Herausgeber Helmut-Schmidt-Universit\u00e4t \/ Universit\u00e4t der Bundeswehr Hamburg Univ.-Prof. Dr. rer. pol. Stefan M\u00fcller Lehrstuhl f\u00fcr Betriebswirtschaftslehre, insb. Rechnungslegung und Wirtschaftspr\u00fcfungswesen Holstenhofweg 85 22043 [&hellip;]<\/p>\n","protected":false},"author":1,"featured_media":0,"parent":0,"menu_order":30,"comment_status":"closed","ping_status":"closed","template":"","meta":{"footnotes":""},"categories":[4],"tags":[],"class_list":["post-9","page","type-page","status-publish","hentry","category-keine-kategorie"],"_links":{"self":[{"href":"https:\/\/www.hsu-hh.de\/abwl\/wp-json\/wp\/v2\/pages\/9","targetHints":{"allow":["GET"]}}],"collection":[{"href":"https:\/\/www.hsu-hh.de\/abwl\/wp-json\/wp\/v2\/pages"}],"about":[{"href":"https:\/\/www.hsu-hh.de\/abwl\/wp-json\/wp\/v2\/types\/page"}],"author":[{"embeddable":true,"href":"https:\/\/www.hsu-hh.de\/abwl\/wp-json\/wp\/v2\/users\/1"}],"replies":[{"embeddable":true,"href":"https:\/\/www.hsu-hh.de\/abwl\/wp-json\/wp\/v2\/comments?post=9"}],"version-history":[{"count":7,"href":"https:\/\/www.hsu-hh.de\/abwl\/wp-json\/wp\/v2\/pages\/9\/revisions"}],"predecessor-version":[{"id":1607,"href":"https:\/\/www.hsu-hh.de\/abwl\/wp-json\/wp\/v2\/pages\/9\/revisions\/1607"}],"wp:attachment":[{"href":"https:\/\/www.hsu-hh.de\/abwl\/wp-json\/wp\/v2\/media?parent=9"}],"wp:term":[{"taxonomy":"category","embeddable":true,"href":"https:\/\/www.hsu-hh.de\/abwl\/wp-json\/wp\/v2\/categories?post=9"},{"taxonomy":"post_tag","embeddable":true,"href":"https:\/\/www.hsu-hh.de\/abwl\/wp-json\/wp\/v2\/tags?post=9"}],"curies":[{"name":"wp","href":"https:\/\/api.w.org\/{rel}","templated":true}]}}