{"id":276,"date":"2017-09-02T15:23:08","date_gmt":"2017-09-02T13:23:08","guid":{"rendered":"https:\/\/www.hsu-hh.de\/abwl\/?page_id=276"},"modified":"2025-10-23T15:48:11","modified_gmt":"2025-10-23T13:48:11","slug":"lehre","status":"publish","type":"page","link":"https:\/\/www.hsu-hh.de\/abwl\/lehre","title":{"rendered":"Lehre"},"content":{"rendered":"\n<p>Informationen und Unterlagen zu den Lehrveranstaltungen finden Sie im <a href=\"https:\/\/campus.hsu-hh.de\/qisserver\/rds?state=user&amp;type=0\" rel='nofollow'>Campus-Portal&nbsp;<\/a>und im <a href=\"https:\/\/ilias.hsu-hh.de\/ilias.php?ref_id=161278&amp;cmd=render&amp;cmdClass=ilrepositorygui&amp;cmdNode=ys&amp;baseClass=ilrepositorygui\" rel='nofollow'>ILIAS.<\/a><\/p>\n\n\n\n<h2 class=\"wp-block-heading\">Bachelor-Studium<\/h2>\n\n\n\n<ul class=\"wp-block-list\">\n<li><strong>Rechnungswesen<\/strong>\n<ul class=\"wp-block-list\">\n<li><strong>Teilmodul Buchhaltung und Abschluss<\/strong><\/li>\n\n\n\n<li><strong>Teilmodul Kosten- und Leistungsrechnung<\/strong><br>Modul WS-12-B-01 Pr\u00fcfungs-Nr. 11010 <br>2. Fachtrimester <abbr title=\"Betriebswirtschaftslehre\">BWL<\/abbr> &amp; <abbr title=\"Volkswirtschaftslehre\">VWL<\/abbr> <br>Wintertrimester (<abbr title=\"Wintertrimester\">WT<\/abbr>) Veranstaltungs-Nr. 23207<\/li>\n<\/ul>\n<\/li>\n\n\n\n<li><strong>Rechnungslegung und Steuern<\/strong>\n<ul class=\"wp-block-list\">\n<li><strong>Teilmodul Rechnungslegung nach HGB, EStG und IFRS<\/strong> <br>Modul WS-13-B-02 Pr\u00fcfungs-Nr. 13010<br>3. Fachtrimester <abbr title=\"Betriebswirtschaftslehre\">BWL<\/abbr>, <abbr title=\"Volkswirtschaftslehre\">VWL<\/abbr> <br>Fr\u00fchjahrstrimester (<abbr title=\"Fr\u00fchjahrstrimester\">FT<\/abbr>) Veranstaltungs-Nr. 23306<\/li>\n<\/ul>\n<\/li>\n\n\n\n<li><strong>Seminar Rechnungslegung<\/strong> <br>Modul WS-16-B-19 Pr\u00fcfungs-Nr. 49010 <br>6. Fachtrimester <abbr title=\"Betriebswirtschaftslehre\">BWL<\/abbr>  <br>Fr\u00fchjahrstrimester (<abbr title=\"Fr\u00fchjahrstrimester\">FT<\/abbr>) Veranstaltungs-Nr. 23664<\/li>\n\n\n\n<li><strong>Bachelor-Thesis-Kolloquium<\/strong> <br>Modul WS-16-B-20 Pr\u00fcfungsnummer 8910 <br>7. Fachtrimester <abbr title=\"Betriebswirtschaftslehre\">BWL<\/abbr>, <abbr title=\"Wirtschaftsingenieurwesen\">WI<\/abbr> (Themenvergabe, Bearbeitung) <br>Herbsttrimester Veranstaltungs-Nr. 23707<\/li>\n<\/ul>\n\n\n\n<div style=\"height:50px\" aria-hidden=\"true\" class=\"wp-block-spacer\"><\/div>\n\n\n\n<h2 class=\"wp-block-heading\">Master-Studium<\/h2>\n\n\n\n<ul class=\"wp-block-list\">\n<li><strong>Unternehmungstheorien und Managementinstrumente <\/strong>\n<ul class=\"wp-block-list\">\n<li><strong>Teilmodul Managementinstrumente<\/strong><br> Modul WS-21-B-31 Pr\u00fcfungs-Nr. 1110<br>8. Fachtrimester (1. Master-Trimester <abbr title=\"Betriebswirtschaftslehre\">BWL<\/abbr>) <br>Wintertrimester (<abbr title=\"Wintertrimester\">WT<\/abbr>) Veranstaltungs-Nr. 23100<\/li>\n<\/ul>\n<\/li>\n\n\n\n<li><strong>IFRS-Rechnungslegung und Wirtschaftspr\u00fcfungswesen<\/strong>\n<ul class=\"wp-block-list\">\n<li><strong>Teilmodul Rechnungslegung nach den IFRS <\/strong> <br>Modul WS-21-B-33 Pr\u00fcfungs-Nr. 3110<br>Wintertrimester (<abbr title=\"Wintertrimester\">WT<\/abbr>) Veranstaltungs-Nr. 23802<br>8. Fachtrimester 1. Master-Trimester <abbr title=\"Betriebswirtschaftslehre\">BWL<\/abbr> in den Studienschwerpunkten \n<ul class=\"wp-block-list\">\n<li>Accounting an Business Taxation (<abbr title=\"Accounting and Business Taxation\">ABT<\/abbr>) <\/li>\n\n\n\n<li>Risikomanagement (<abbr title=\"Risikomanagement\">RM<\/abbr>) <\/li>\n\n\n\n<li>Internationales Management (<abbr title=\"Internationales Management\">IM<\/abbr>) <\/li>\n\n\n\n<li>sowie 1. Master Trimester <abbr title=\"Volkswirtschaftslehre\">VWL<\/abbr><br><\/li>\n<\/ul>\n<\/li>\n\n\n\n<li><strong>Teilmodul<\/strong> <strong>Wirtschaftspr\u00fcfungswesen<\/strong><br>Modul WS-21-B-33 Pr\u00fcfungs-Nr. 3110<br>Wintertrimester (<abbr title=\"Wintertrimester\">WT<\/abbr>) Veranstaltungs-Nr. 23803<br>8. Fachtrimester 1. Master-Trimester <abbr title=\"Betriebswirtschaftslehre\">BWL<\/abbr> in den Studienschwerpunkten\n<ul class=\"wp-block-list\">\n<li>Accounting an Business Taxation (<abbr title=\"Accounting and Business Taxation\">ABT<\/abbr>)<\/li>\n\n\n\n<li>Risikomanagement (<abbr title=\"Risikomanagement\">RM<\/abbr>)<\/li>\n\n\n\n<li>Internationales Management (<abbr title=\"Internationales Management\">IM<\/abbr>)<\/li>\n\n\n\n<li>sowie 1. Master Trimester <abbr title=\"Volkswirtschaftslehre\">VWL<\/abbr> <\/li>\n<\/ul>\n<\/li>\n<\/ul>\n<\/li>\n\n\n\n<li><strong>Analyse, Gestaltung und Pr\u00fcfung von Jahresabschl\u00fcssen<\/strong>\n<ul class=\"wp-block-list\">\n<li><strong>Analyse von Jahresabschl\u00fcssen <\/strong> <br>Modul WS-22-B-40 Pr\u00fcfungs-Nr. 10010<br>9. Fachtrimester (2. Master-Trimester <abbr title=\"Betriebswirtschaftslehre\">BWL<\/abbr> im Studienschwerpunkt <abbr title=\"Accounting and Business Taxation\">ABT<\/abbr>) <br>Fr\u00fchjahrstrimester (<abbr title=\"Fr\u00fchjahrstrimester\">FT<\/abbr>) Veranstaltungs-Nr. 23908<\/li>\n\n\n\n<li><strong>Praxis des Pr\u00fcfungswesens und Abschlussanalyse <\/strong><br>9. Fachtrimester (2. Master-Trimester <abbr title=\"Betriebswirtschaftslehre\">BWL<\/abbr> im Studienschwerpunkt <abbr title=\"Accounting and Business Taxation\">ABT<\/abbr>)<br>Fr\u00fchjahrstrimester (<abbr title=\"Fr\u00fchjahrstrimester\">FT<\/abbr>)<\/li>\n<\/ul>\n<\/li>\n\n\n\n<li><strong>Seminar <abbr title=\"Accounting and Business Taxation\">ABT<\/abbr>, <abbr title=\"Internationales Management\">IM<\/abbr>, <abbr title=\"Risikomanagement\">RM<\/abbr><\/strong> <br>Seminar Accounting and Business Taxation Modul WS-23-B-39 Pr\u00fcfungs-Nr. 9010<br>Seminar Internationalen Management Modul WS-23-B-63 Pr\u00fcfungs-Nr. 26210<br>Seminar Risikomanagement Modul WS-23-B-85 Pr\u00fcfungs-Nr. 26110<br>9. und 10. Fachtrimester (2.\/3. Master-Trimester <abbr title=\"Betriebswirtschaftslehre\">BWL<\/abbr>)<br>Aktuelle Aspekte der Rechnungslegung und Pr\u00fcfung, Einf\u00fchrung zur Seminararbeit \u2013 (nur Themenvergabe im Juni) <br>Fr\u00fchjahrstrimester (<abbr title=\"Fr\u00fchjahrstrimester\">FT<\/abbr>) und Herbsttrimester (<abbr title=\"Herbsttrimester\">HT<\/abbr>) Veranstaltungs-Nr. 231000<br>Fr\u00fchjahrstrimester (<abbr title=\"Fr\u00fchjahrstrimester\">FT<\/abbr>) und Herbsttrimester (<abbr title=\"Herbsttrimester\">HT<\/abbr>) Veranstaltungs-Nr. 23905<\/li>\n\n\n\n<li><strong>Seminar Unternehmungstheorie und Managementinstrumente<\/strong><br>Modul WS-24-B-30 Pr\u00fcfungs-Nr.<br>Wiederholer-Seminar Pflicht &#8211; sofern im 3. Mastertrimester kein Seminar absolviert wurde<br><\/li>\n\n\n\n<li><strong>Master-Thesis und Master-Kolloquium<\/strong>\n<ul class=\"wp-block-list\">\n<li><strong>Master-Thesis<br><\/strong>Modul WS-25-B-95 f\u00fcr <abbr title=\"Accounting and Business Taxation\">ABT<\/abbr><br>Modul WS-25-B-97 f\u00fcr <abbr title=\"Internationales Management\">IM<\/abbr><br>Modul WS-25-B-99 f\u00fcr <abbr title=\"Risikomanagement\">RM<\/abbr> <br>11. und 12. Fachtrimester (4.\/5. Master-Trimester <abbr title=\"Betriebswirtschaftslehre\">BWL<\/abbr>, Themenvergabe) <br>Pr\u00fcfungs-Nr. 8910 <br>Wintertrimester (<abbr title=\"Wintertrimester\">WT<\/abbr>) und Fr\u00fchjahrstrimester (<abbr title=\"Fr\u00fchjahrstrimester\">FT<\/abbr>) Veranstaltungs-Nr. 231202<\/li>\n\n\n\n<li><strong>Master-Kolloquium<\/strong><br>11. und 12. Fachtrimester (4.\/5. Master-Trimester <abbr title=\"Betriebswirtschaftslehre\">BWL<\/abbr>, Themenvergabe) Pr\u00e4sentation<br>Pr\u00fcfungs-Nr. 8920 <br>Wintertrimester (<abbr title=\"Wintertrimester\">WT<\/abbr>) und Fr\u00fchjahrstrimester (<abbr title=\"Fr\u00fchjahrstrimester\">FT<\/abbr>) Veranstaltungs-Nr. 231100<\/li>\n<\/ul>\n<\/li>\n\n\n\n<li><strong>Finanz- und Rechnungswesen <\/strong><br><strong>(Teilmodul von Haushaltsrecht und Preisrecht \/ Haushaltsf\u00fchrung, Finanz- und Rechnungswesen)<\/strong> <br>\u2013 2. Master-Trimester Vergabe- und Vertragsrecht<\/li>\n<\/ul>\n\n\n\n<ul class=\"wp-block-list\">\n<li><strong>Interdisziplin\u00e4re Studienanteile<\/strong> (ISA)\n<ul class=\"wp-block-list\">\n<li>Siehe <a href=\"https:\/\/www.hsu-hh.de\/isa\/\" target=\"_blank\" rel=\"noopener\">ISA-Zentrum<\/a>.<\/li>\n<\/ul>\n<\/li>\n<\/ul>\n\n\n\n<p><\/p>\n","protected":false},"excerpt":{"rendered":"<p>Informationen und Unterlagen zu den Lehrveranstaltungen finden Sie im Campus-Portal&nbsp;und im ILIAS. Bachelor-Studium Master-Studium<\/p>\n","protected":false},"author":44,"featured_media":603,"parent":0,"menu_order":4,"comment_status":"closed","ping_status":"closed","template":"","meta":{"footnotes":""},"categories":[29],"tags":[],"class_list":["post-276","page","type-page","status-publish","has-post-thumbnail","hentry","category-slider"],"_links":{"self":[{"href":"https:\/\/www.hsu-hh.de\/abwl\/wp-json\/wp\/v2\/pages\/276","targetHints":{"allow":["GET"]}}],"collection":[{"href":"https:\/\/www.hsu-hh.de\/abwl\/wp-json\/wp\/v2\/pages"}],"about":[{"href":"https:\/\/www.hsu-hh.de\/abwl\/wp-json\/wp\/v2\/types\/page"}],"author":[{"embeddable":true,"href":"https:\/\/www.hsu-hh.de\/abwl\/wp-json\/wp\/v2\/users\/44"}],"replies":[{"embeddable":true,"href":"https:\/\/www.hsu-hh.de\/abwl\/wp-json\/wp\/v2\/comments?post=276"}],"version-history":[{"count":79,"href":"https:\/\/www.hsu-hh.de\/abwl\/wp-json\/wp\/v2\/pages\/276\/revisions"}],"predecessor-version":[{"id":1833,"href":"https:\/\/www.hsu-hh.de\/abwl\/wp-json\/wp\/v2\/pages\/276\/revisions\/1833"}],"wp:featuredmedia":[{"embeddable":true,"href":"https:\/\/www.hsu-hh.de\/abwl\/wp-json\/wp\/v2\/media\/603"}],"wp:attachment":[{"href":"https:\/\/www.hsu-hh.de\/abwl\/wp-json\/wp\/v2\/media?parent=276"}],"wp:term":[{"taxonomy":"category","embeddable":true,"href":"https:\/\/www.hsu-hh.de\/abwl\/wp-json\/wp\/v2\/categories?post=276"},{"taxonomy":"post_tag","embeddable":true,"href":"https:\/\/www.hsu-hh.de\/abwl\/wp-json\/wp\/v2\/tags?post=276"}],"curies":[{"name":"wp","href":"https:\/\/api.w.org\/{rel}","templated":true}]}}