{"id":1807,"date":"2025-10-20T10:47:46","date_gmt":"2025-10-20T08:47:46","guid":{"rendered":"https:\/\/www.hsu-hh.de\/abwl\/?page_id=1807"},"modified":"2025-10-20T10:47:53","modified_gmt":"2025-10-20T08:47:53","slug":"benedict-baus","status":"publish","type":"page","link":"https:\/\/www.hsu-hh.de\/abwl\/benedict-baus","title":{"rendered":"Benedict Baus"},"content":{"rendered":"\n<div class=\"wp-block-columns is-layout-flex wp-container-core-columns-is-layout-9d6595d7 wp-block-columns-is-layout-flex\">\n<div class=\"wp-block-column is-layout-flow wp-block-column-is-layout-flow\">\n<p><strong>Anschrift:<\/strong><br>Helmut-Schmidt-Universit\u00e4t<br>Universit\u00e4t der Bundeswehr<br>Fakult\u00e4t f\u00fcr Wirtschafts- und<br>Sozialwissenschaften<br>Holstenhofweg 85<br>22043 Hamburg<br>Postfach 70 08 22<br>22008 Hamburg<\/p>\n<\/div>\n\n\n\n<div class=\"wp-block-column is-layout-flow wp-block-column-is-layout-flow\">\n<p><strong>Raum:<\/strong> H1, 2384<br><strong>Telefon: <\/strong>+49 40 &#8211; 65 41 3728<br><strong>E-Mail:<\/strong> <a href=\"mailto:bausb@hsu-hh.de\" rel='nofollow'>bausb@hsu-hh.de<\/a><\/p>\n<\/div>\n\n\n\n<div class=\"wp-block-column is-vertically-aligned-center is-layout-flow wp-block-column-is-layout-flow\"><\/div>\n<\/div>\n","protected":false},"excerpt":{"rendered":"<p>Anschrift:Helmut-Schmidt-Universit\u00e4tUniversit\u00e4t der BundeswehrFakult\u00e4t f\u00fcr Wirtschafts- undSozialwissenschaftenHolstenhofweg 8522043 HamburgPostfach 70 08 2222008 Hamburg Raum: H1, 2384Telefon: +49 40 &#8211; 65 41 3728E-Mail: bausb@hsu-hh.de<\/p>\n","protected":false},"author":2503,"featured_media":0,"parent":0,"menu_order":0,"comment_status":"closed","ping_status":"closed","template":"","meta":{"footnotes":""},"categories":[4],"tags":[],"class_list":["post-1807","page","type-page","status-publish","hentry","category-keine-kategorie"],"_links":{"self":[{"href":"https:\/\/www.hsu-hh.de\/abwl\/wp-json\/wp\/v2\/pages\/1807","targetHints":{"allow":["GET"]}}],"collection":[{"href":"https:\/\/www.hsu-hh.de\/abwl\/wp-json\/wp\/v2\/pages"}],"about":[{"href":"https:\/\/www.hsu-hh.de\/abwl\/wp-json\/wp\/v2\/types\/page"}],"author":[{"embeddable":true,"href":"https:\/\/www.hsu-hh.de\/abwl\/wp-json\/wp\/v2\/users\/2503"}],"replies":[{"embeddable":true,"href":"https:\/\/www.hsu-hh.de\/abwl\/wp-json\/wp\/v2\/comments?post=1807"}],"version-history":[{"count":1,"href":"https:\/\/www.hsu-hh.de\/abwl\/wp-json\/wp\/v2\/pages\/1807\/revisions"}],"predecessor-version":[{"id":1808,"href":"https:\/\/www.hsu-hh.de\/abwl\/wp-json\/wp\/v2\/pages\/1807\/revisions\/1808"}],"wp:attachment":[{"href":"https:\/\/www.hsu-hh.de\/abwl\/wp-json\/wp\/v2\/media?parent=1807"}],"wp:term":[{"taxonomy":"category","embeddable":true,"href":"https:\/\/www.hsu-hh.de\/abwl\/wp-json\/wp\/v2\/categories?post=1807"},{"taxonomy":"post_tag","embeddable":true,"href":"https:\/\/www.hsu-hh.de\/abwl\/wp-json\/wp\/v2\/tags?post=1807"}],"curies":[{"name":"wp","href":"https:\/\/api.w.org\/{rel}","templated":true}]}}