{"id":1801,"date":"2025-10-20T10:40:44","date_gmt":"2025-10-20T08:40:44","guid":{"rendered":"https:\/\/www.hsu-hh.de\/abwl\/?page_id=1801"},"modified":"2025-11-04T14:28:45","modified_gmt":"2025-11-04T13:28:45","slug":"dr-sean-needham","status":"publish","type":"page","link":"https:\/\/www.hsu-hh.de\/abwl\/dr-sean-needham","title":{"rendered":"Dr. Sean Needham"},"content":{"rendered":"\n<div class=\"wp-block-columns is-layout-flex wp-container-core-columns-is-layout-9d6595d7 wp-block-columns-is-layout-flex\">\n<div class=\"wp-block-column is-layout-flow wp-block-column-is-layout-flow\">\n<p><strong>Anschrift:<\/strong><br>Helmut-Schmidt-Universit\u00e4t<br>Universit\u00e4t der Bundeswehr<br>Fakult\u00e4t f\u00fcr Wirtschafts- und<br>Sozialwissenschaften<br>Holstenhofweg 85<br>22043 Hamburg<br>Postfach 70 08 22<br>22008 Hamburg<\/p>\n<\/div>\n\n\n\n<div class=\"wp-block-column is-layout-flow wp-block-column-is-layout-flow\">\n<p><strong>Raum:<\/strong> H1, 2384<br><strong>Telefon: <\/strong>+49 40 &#8211; 65 41 3458<br><strong>E-Mail:<\/strong> <a href=\"mailto:needhams@hsu-hh.de\" rel='nofollow'>needhams@hsu-hh.de<\/a><\/p>\n\n\n\n<p><a href=\"https:\/\/www.hsu-hh.de\/abwl\/wp-content\/uploads\/sites\/596\/2025\/11\/Publikationen-Sean-Needham-Stand-2023-02-23.pdf\" data-type=\"link\" data-id=\"https:\/\/www.hsu-hh.de\/abwl\/wp-content\/uploads\/sites\/596\/2025\/11\/Publikationen-Sean-Needham-Stand-2023-02-23.pdf\">Publikationen Sean Needham<\/a><\/p>\n<\/div>\n\n\n\n<div class=\"wp-block-column is-vertically-aligned-center is-layout-flow wp-block-column-is-layout-flow\"><div class=\"wp-block-image is-style-default\">\n<figure class=\"aligncenter size-large is-resized\"><img loading=\"lazy\" decoding=\"async\" width=\"693\" height=\"1024\" src=\"https:\/\/www.hsu-hh.de\/abwl\/wp-content\/uploads\/sites\/596\/2025\/10\/Potraitfoto-2-Sean-Needham-693x1024.jpg\" data-credit=\"Dr. Sean Needham\" alt=\"\" class=\"wp-image-1804\" style=\"aspect-ratio:3\/4;object-fit:cover;width:250px\" srcset=\"https:\/\/www.hsu-hh.de\/abwl\/wp-content\/uploads\/sites\/596\/2025\/10\/Potraitfoto-2-Sean-Needham-693x1024.jpg 693w, https:\/\/www.hsu-hh.de\/abwl\/wp-content\/uploads\/sites\/596\/2025\/10\/Potraitfoto-2-Sean-Needham-203x300.jpg 203w, https:\/\/www.hsu-hh.de\/abwl\/wp-content\/uploads\/sites\/596\/2025\/10\/Potraitfoto-2-Sean-Needham-768x1136.jpg 768w, https:\/\/www.hsu-hh.de\/abwl\/wp-content\/uploads\/sites\/596\/2025\/10\/Potraitfoto-2-Sean-Needham-1039x1536.jpg 1039w, https:\/\/www.hsu-hh.de\/abwl\/wp-content\/uploads\/sites\/596\/2025\/10\/Potraitfoto-2-Sean-Needham-1385x2048.jpg 1385w, https:\/\/www.hsu-hh.de\/abwl\/wp-content\/uploads\/sites\/596\/2025\/10\/Potraitfoto-2-Sean-Needham-1100x1626.jpg 1100w, https:\/\/www.hsu-hh.de\/abwl\/wp-content\/uploads\/sites\/596\/2025\/10\/Potraitfoto-2-Sean-Needham-scaled.jpg 1731w\" sizes=\"auto, (max-width: 693px) 100vw, 693px\" \/><\/figure>\n<\/div><\/div>\n<\/div>\n","protected":false},"excerpt":{"rendered":"<p>Anschrift:Helmut-Schmidt-Universit\u00e4tUniversit\u00e4t der BundeswehrFakult\u00e4t f\u00fcr Wirtschafts- undSozialwissenschaftenHolstenhofweg 8522043 HamburgPostfach 70 08 2222008 Hamburg Raum: H1, 2384Telefon: +49 40 &#8211; 65 41 3458E-Mail: needhams@hsu-hh.de Publikationen Sean Needham<\/p>\n","protected":false},"author":2503,"featured_media":0,"parent":0,"menu_order":0,"comment_status":"closed","ping_status":"closed","template":"","meta":{"footnotes":""},"categories":[4],"tags":[],"class_list":["post-1801","page","type-page","status-publish","hentry","category-keine-kategorie"],"_links":{"self":[{"href":"https:\/\/www.hsu-hh.de\/abwl\/wp-json\/wp\/v2\/pages\/1801","targetHints":{"allow":["GET"]}}],"collection":[{"href":"https:\/\/www.hsu-hh.de\/abwl\/wp-json\/wp\/v2\/pages"}],"about":[{"href":"https:\/\/www.hsu-hh.de\/abwl\/wp-json\/wp\/v2\/types\/page"}],"author":[{"embeddable":true,"href":"https:\/\/www.hsu-hh.de\/abwl\/wp-json\/wp\/v2\/users\/2503"}],"replies":[{"embeddable":true,"href":"https:\/\/www.hsu-hh.de\/abwl\/wp-json\/wp\/v2\/comments?post=1801"}],"version-history":[{"count":3,"href":"https:\/\/www.hsu-hh.de\/abwl\/wp-json\/wp\/v2\/pages\/1801\/revisions"}],"predecessor-version":[{"id":1880,"href":"https:\/\/www.hsu-hh.de\/abwl\/wp-json\/wp\/v2\/pages\/1801\/revisions\/1880"}],"wp:attachment":[{"href":"https:\/\/www.hsu-hh.de\/abwl\/wp-json\/wp\/v2\/media?parent=1801"}],"wp:term":[{"taxonomy":"category","embeddable":true,"href":"https:\/\/www.hsu-hh.de\/abwl\/wp-json\/wp\/v2\/categories?post=1801"},{"taxonomy":"post_tag","embeddable":true,"href":"https:\/\/www.hsu-hh.de\/abwl\/wp-json\/wp\/v2\/tags?post=1801"}],"curies":[{"name":"wp","href":"https:\/\/api.w.org\/{rel}","templated":true}]}}