{"id":146,"date":"2017-09-03T14:49:48","date_gmt":"2017-09-03T12:49:48","guid":{"rendered":"https:\/\/www.hsu-hh.de\/abwl\/?page_id=146"},"modified":"2023-09-11T16:20:32","modified_gmt":"2023-09-11T14:20:32","slug":"forschung","status":"publish","type":"page","link":"https:\/\/www.hsu-hh.de\/abwl\/forschung","title":{"rendered":"Forschung"},"content":{"rendered":"<h3>&#8222;Ziele und Gegenstand des betrieblichen Rechnungswesens&#8220;<\/h3>\n<p>Unternehmen als sozio\u00f6konomische Gebilde bed\u00fcrfen zu ihrer Steuerung einer Abbildung. Ungeachtet rechtsform-, gr\u00f6\u00dfen-, branchen- oder standortbedingter Besonderheiten hat das <strong><em>betriebliche Rechnungswesen<\/em><\/strong> die Aufgabe, eine quantitative Abbildung des Unternehmens zu leisten, um so die dem menschlichen Wahrnehmungsverm\u00f6gen nicht unmittelbar zug\u00e4ngliche \u00f6konomische Seite betrieblicher Vorg\u00e4nge und Zust\u00e4nde fassbar zu machen. Dazu sind die Unternehmenssachverhalte nach bestimmten Modellregeln abzubilden, so dass f\u00fcr interne und\/oder externe Adressaten Informationen \u00fcber die wirtschaftliche Situation des Unternehmens und Unternehmensverbundes geliefert werden, die diese als Entscheidungsbasis verwenden k\u00f6nnen. W\u00e4hrend das <em><strong>externe Rechnungswesen<\/strong><\/em>, dessen Ausgestaltung wesentlich durch das Handels- und Steuerrecht sowie zunehmend durch die International Financial Reporting Standards (IFRS) beeinflusst wird, in erster Linie f\u00fcr nach au\u00dfen gerichtete Rechenschaftslegung, Aussch\u00fcttungsbemessung und\/oder Information sowie <abbr title=\"beziehungsweise\">bzw.<\/abbr> oder als Grundlage der Steuerbemessung dient, hat das <em><strong>interne Rechnungswesen<\/strong><\/em> vor allem die Aufgabe, Informationen f\u00fcr die Unternehmensf\u00fchrung bereitzustellen, um unternehmerische Entscheidungsbildung und -durchsetzung zu unterst\u00fctzen, Planung, Steuerung und Kontrolle auf den unterschiedlichen Ebenen des Unternehmens zu gew\u00e4hrleisten sowie Sicherung des Bestandes und Entwicklung der Potentiale des Unternehmens zu erm\u00f6glichen. Vor allem angesichts der zunehmenden Internationalisierung von Kapitalm\u00e4rkten und unternehmerischen T\u00e4tigkeiten kommt au\u00dferdem der Integration des internen und externen Rechnungswesens zu einem entscheidungsorientierten Subsystem der Unternehmensf\u00fchrung als <strong><em>konvergentes Management-Rechnungswesen<\/em><\/strong> stark wachsende Bedeutung zu.<\/p>\n<p>Ein dispositiv nutzbares Rechnungswesen erf\u00fcllt also neben der reinen Erfassungs- und Dokumentationsfunktion vor allem Planungs-, Steuerungs-, Kontroll- und Koordinationsaufgaben. Im Idealfall stellt es ein schnell und universell auswertbares Informationssystem dar, in welchem die Informationen aus den einzelnen Teilbereichen eines Unternehmens zusammengefasst, verdichtet und in unterschiedlicher Richtung ausgewertet werden k\u00f6nnen. Es ist Ausgangspunkt und zentraler Bestandteil eines umfassenden Controllingsystems, mit dessen Hilfe die F\u00fchrungsteilsysteme koordiniert und die Funktionssicherung des Planungs- und Kontrollsystems sowie des betrieblichen Informationssystems gew\u00e4hrleistet werden. Der EDV kommt dabei die Aufgabe zu, Erfassung und Auswertung der Daten zu unterst\u00fctzen, Methoden- und Modellbanken vorzuhalten und die Teilkomplexe zu einem System zu verbinden, damit zentrale Sachverhalte, wie <abbr title=\"zum Beispiel\">z.B.<\/abbr> Rentabilit\u00e4t, Liquidit\u00e4t, Erfolgsquellen, Risken oder Finanzstrukturen, unter Beachtung sachlicher, zeitlicher und organisatorischer Interdependenzen geplant, kontrolliert und analysiert werden k\u00f6nnen. Auf dieser Grundlage kann im Rahmen der <em><strong>Abschlusspolitik<\/strong><\/em> unter Beachtung der bestehenden Abbildungsrestriktionen auch die extern orientierte Darstellung des Unternehmens im Jahresabschluss, Lagebericht und sonstigen Berichten zielorientiert ausgestaltet werden, um auf das Verhalten der externen Adressaten Einfluss zu nehmen. Personen, die Entscheidungen im Zusammenhang mit dem Unternehmen zu treffen haben, m\u00fcssen sich dieser jahresabschlusspolitischen Ma\u00dfnahmen sowie der Abbildungsrestriktionen bewusst sein und deren Wirkung im Rahmen einer zweckgerichteten <em><strong>Abschlussanalyse<\/strong><\/em> absch\u00e4tzen k\u00f6nnen, um eine von ihnen als unverf\u00e4lscht angesehenen Darstellung der wirtschaftlichen Lage zu erhalten.<\/p>\n<p><strong>Forschungsorientierte Aktivit\u00e4ten und Kooperationen der Professur f\u00fcr Allgemeine Betriebswirtschaftslehre<\/strong><\/p>\n<p>In diesem Kontext besteht der forschungsorientierte Ansatz der Professur f\u00fcr Allgemeine Betriebswirtschaftslehre in einer Kombination von fundierter Theorie und praktischer Umsetzung. Konkret liegen die aktuellen Forschungsschwerpunkte in den Themen:<\/p>\n<p>\u2022 Kommentierung und Einf\u00fchrungsbegleitung der international anerkannten Rechnungslegungskonzeptionen IAS\/IFRS und US-GAAP,<\/p>\n<p>\u2022 Auswirkungen der \u00c4nderungen des Steuer- und Gesellschaftsrechts auf interne und externe Abbildungen des Unternehmens,<\/p>\n<p>\u2022 Herausforderungen durch die Ver\u00e4nderung von Rahmenbedingungen auf die Finanzierung,<\/p>\n<p>\u2022 EDV-gest\u00fctzte Systeme zur Erfolgs-, Finanz- und Risikolenkung von Konzernen,<\/p>\n<p>\u2022 Implikationen der internationalen Rechnungslegungssysteme auf die Unternehmensf\u00fchrung sowie<\/p>\n<p>\u2022 international orientierte Abschlusspolitik und Abschlussanalyse<\/p>\n<p>sowohl bei kleinen und mittelst\u00e4ndischen als auch bei global agierenden Unternehmen sowie bei privatwirtschaftlichen Unternehmen als auch bei Non-Profit-Institutionen. Als verbindendes Element der Forschungen sind die Interdependenzen der Abbildungs-, Steuerungs- und Kontrollinstrumente anzusehen, die unter Einbezug informations\u00f6konomischer, behavioristischer und kapitalmarkttheoretischer Ans\u00e4tze zu einer konvergenten Gesamtl\u00f6sung des Management-Rechnungswesen auszubauen sind.<\/p>\n<p><strong>Praxisorientierte Aktivit\u00e4ten und Kooperationen der Professur f\u00fcr Allgemeine Betriebswirtschaftslehre<\/strong><\/p>\n<p>Im Verst\u00e4ndnis von Betriebswirtschaftslehre als angewandter Wissenschaft ist die Arbeit an der Professur f\u00fcr Allgemeine Betriebswirtschaftslehre des Instituts f\u00fcr betriebswirtschaftliche Steuerlehre nicht nur theoretisch ausgerichtet, sondern bezieht den Br\u00fcckenschlag zur Wirtschaftspraxis ausdr\u00fccklich in das Aktivit\u00e4tenprogramm mit ein. Konkret findet das seinen Niederschlag vor allem in folgender Form:<\/p>\n<p>\u2022 In der universit\u00e4ren Lehre werden auch Veranstaltungen mit ausgepr\u00e4gtem praktischen Umsetzungsbezug durchgef\u00fchrt, wie <abbr title=\"zum Beispiel\">z.B.<\/abbr> Seminare zur Unternehmensanalyse oder zu EDV-gest\u00fctztem Controlling. Des Weiteren wird das Lehrprogramm im Fach Rechnungswesen durch Vortr\u00e4ge von Praktikern zur Verdeutlichung der betrieblichen Sicht abgerundet.<\/p>\n<p>\u2022 In Diplom- und Seminararbeiten werden z.T. Themen bearbeitet, die auf betrieblichen Problemstellungen beruhen und f\u00fcr Theorie und Praxis gleicherma\u00dfen fruchtbar sind.<\/p>\n<p>\u2022 \u00dcberdies unterst\u00fctzt die Professur f\u00fcr Allgemeine Betriebswirtschaftslehre \u00fcber au\u00dferuniversit\u00e4re Intensivseminar- und Vortragsaktivit\u00e4ten den Wissenstransfer in die betriebliche Praxis. Themen sind hierbei etwa:<\/p>\n<p>-Kosten- und Leistungsrechnung,<\/p>\n<p>-Finanzierung mittelst\u00e4ndischer Unternehmen,<\/p>\n<p>-Kennzahlen f\u00fcr die Gesch\u00e4ftsf\u00fchrung,<\/p>\n<p>-Controlling mit Kennzahlen,<\/p>\n<p>-Bewegungsbezogene Finanzanalyse,<\/p>\n<p>-Risikomanagement in mittelst\u00e4ndischen Unternehmen,<\/p>\n<p>-Wertorientierte Analyse,<\/p>\n<p>-Steuerung und Reporting von immaterielle Verm\u00f6genswerten,<\/p>\n<p>-Konzernbilanzierung,<\/p>\n<p>-Bilanzpolitik und Bilanzanalyse,<\/p>\n<p>-Rechnungslegung nach IFRS und US-GAAP,<\/p>\n<p>-Grundlagen und Analyse von Jahresabschl\u00fcssen nach internationaler Rechnungslegung,<\/p>\n<p>-Betriebswirtschaftliche Grundlagen der betrieblichen Altersversorgung,<\/p>\n<p>-Bilanzierung betrieblicher Altersversorgung und Auswirkungen auf das Rating.<\/p>\n<p>\u2022 Au\u00dferdem existieren Kooperationen mit verschiedenen Wirtschaftspr\u00fcfergesellschaften. Im Rahmen dieser Kooperation werden verschiedene Seminare und Workshops als Theorie-Praxis-Gedankenaustausch gemeinsam durchgef\u00fchrt. Gegenstand sind aktuelle Problemkomplexe, wie <abbr title=\"zum Beispiel\">z.B.<\/abbr> wertorientierte Unternehmensanalyse, Analyse von Jahresabschl\u00fcssen nach IAS\/IFRS und US-GAAP oder offene Fragen der internatonalen Rechnungslegung.<\/p>\n<p>\u2022 Schlie\u00dflich finden praxisorientierte Aktivit\u00e4ten der Professur f\u00fcr Allgemeiner Betriebswirtschaftslehre auch ihren Niederschlag in vielf\u00e4ltiger gutachterlicher T\u00e4tigkeit.<\/p>\n<hr \/>\n<div id=\"category_content_DrEiBRgH\" class=\"hsu_category archive-page\"><\/div>\n","protected":false},"excerpt":{"rendered":"<p>&#8222;Ziele und Gegenstand des betrieblichen Rechnungswesens&#8220; Unternehmen als sozio\u00f6konomische Gebilde bed\u00fcrfen zu ihrer Steuerung einer Abbildung. Ungeachtet rechtsform-, gr\u00f6\u00dfen-, branchen- oder standortbedingter Besonderheiten hat das betriebliche Rechnungswesen die Aufgabe, eine [&hellip;]<\/p>\n","protected":false},"author":44,"featured_media":583,"parent":0,"menu_order":3,"comment_status":"closed","ping_status":"closed","template":"","meta":{"footnotes":""},"categories":[29],"tags":[],"class_list":["post-146","page","type-page","status-publish","has-post-thumbnail","hentry","category-slider"],"_links":{"self":[{"href":"https:\/\/www.hsu-hh.de\/abwl\/wp-json\/wp\/v2\/pages\/146","targetHints":{"allow":["GET"]}}],"collection":[{"href":"https:\/\/www.hsu-hh.de\/abwl\/wp-json\/wp\/v2\/pages"}],"about":[{"href":"https:\/\/www.hsu-hh.de\/abwl\/wp-json\/wp\/v2\/types\/page"}],"author":[{"embeddable":true,"href":"https:\/\/www.hsu-hh.de\/abwl\/wp-json\/wp\/v2\/users\/44"}],"replies":[{"embeddable":true,"href":"https:\/\/www.hsu-hh.de\/abwl\/wp-json\/wp\/v2\/comments?post=146"}],"version-history":[{"count":19,"href":"https:\/\/www.hsu-hh.de\/abwl\/wp-json\/wp\/v2\/pages\/146\/revisions"}],"predecessor-version":[{"id":1581,"href":"https:\/\/www.hsu-hh.de\/abwl\/wp-json\/wp\/v2\/pages\/146\/revisions\/1581"}],"wp:featuredmedia":[{"embeddable":true,"href":"https:\/\/www.hsu-hh.de\/abwl\/wp-json\/wp\/v2\/media\/583"}],"wp:attachment":[{"href":"https:\/\/www.hsu-hh.de\/abwl\/wp-json\/wp\/v2\/media?parent=146"}],"wp:term":[{"taxonomy":"category","embeddable":true,"href":"https:\/\/www.hsu-hh.de\/abwl\/wp-json\/wp\/v2\/categories?post=146"},{"taxonomy":"post_tag","embeddable":true,"href":"https:\/\/www.hsu-hh.de\/abwl\/wp-json\/wp\/v2\/tags?post=146"}],"curies":[{"name":"wp","href":"https:\/\/api.w.org\/{rel}","templated":true}]}}