{"id":1417,"date":"2023-02-28T13:08:06","date_gmt":"2023-02-28T12:08:06","guid":{"rendered":"https:\/\/www.hsu-hh.de\/abwl\/?page_id=1417"},"modified":"2025-11-03T15:30:52","modified_gmt":"2025-11-03T14:30:52","slug":"gabriele-ellerbeck","status":"publish","type":"page","link":"https:\/\/www.hsu-hh.de\/abwl\/gabriele-ellerbeck","title":{"rendered":"Gabriele Ellerbeck"},"content":{"rendered":"\n<p><\/p>\n\n\n\n<div class=\"wp-block-columns is-layout-flex wp-container-core-columns-is-layout-9d6595d7 wp-block-columns-is-layout-flex\">\n<div class=\"wp-block-column is-layout-flow wp-block-column-is-layout-flow\">\n<p><strong>Anschrift:<\/strong><\/p>\n\n\n\n<p>Helmut-Schmidt-Universit\u00e4t<br>Universit\u00e4t der Bundeswehr<br>Fakult\u00e4t f\u00fcr Wirtschafts- und<br>Sozialwissenschaften<br>Holstenhofweg 85<br>22043 Hamburg<\/p>\n\n\n\n<p>Postfach 70 08 22<br>22008 Hamburg<\/p>\n<\/div>\n\n\n\n<div class=\"wp-block-column is-layout-flow wp-block-column-is-layout-flow\">\n<p><strong>Raum:<\/strong> H1, 2383<\/p>\n\n\n\n<p><strong>Telefon: <\/strong>+49 40 &#8211; 65 41 2509<br><strong>Fax: <\/strong>+49 40 &#8211; 65 41 3732<br><strong>E-Mail: <\/strong><a href=\"mailto:ellerbeg@hsu-hh.de\" target=\"_blank\" rel=\"noreferrer noopener\">ellerbeg@hsu-hh.de<\/a><\/p>\n\n\n\n<p><\/p>\n\n\n\n<p><\/p>\n<\/div>\n\n\n\n<div class=\"wp-block-column is-layout-flow wp-block-column-is-layout-flow\">\n<figure class=\"wp-block-image size-large is-resized is-style-rounded\"><img loading=\"lazy\" decoding=\"async\" width=\"1024\" height=\"683\" src=\"https:\/\/www.hsu-hh.de\/abwl\/wp-content\/uploads\/sites\/596\/2024\/06\/20240528_HSU_Bw_Prof_Mueller_Stefan_Professu_Team_CG_023-1024x683.jpg\" data-credit=\"Gelhausen\" alt=\"Gabriele Ellerbeck\" class=\"wp-image-1683\" style=\"width:331px;height:auto\" srcset=\"https:\/\/www.hsu-hh.de\/abwl\/wp-content\/uploads\/sites\/596\/2024\/06\/20240528_HSU_Bw_Prof_Mueller_Stefan_Professu_Team_CG_023-1024x683.jpg 1024w, https:\/\/www.hsu-hh.de\/abwl\/wp-content\/uploads\/sites\/596\/2024\/06\/20240528_HSU_Bw_Prof_Mueller_Stefan_Professu_Team_CG_023-300x200.jpg 300w, https:\/\/www.hsu-hh.de\/abwl\/wp-content\/uploads\/sites\/596\/2024\/06\/20240528_HSU_Bw_Prof_Mueller_Stefan_Professu_Team_CG_023-768x512.jpg 768w, https:\/\/www.hsu-hh.de\/abwl\/wp-content\/uploads\/sites\/596\/2024\/06\/20240528_HSU_Bw_Prof_Mueller_Stefan_Professu_Team_CG_023-1536x1024.jpg 1536w, https:\/\/www.hsu-hh.de\/abwl\/wp-content\/uploads\/sites\/596\/2024\/06\/20240528_HSU_Bw_Prof_Mueller_Stefan_Professu_Team_CG_023-2048x1365.jpg 2048w, https:\/\/www.hsu-hh.de\/abwl\/wp-content\/uploads\/sites\/596\/2024\/06\/20240528_HSU_Bw_Prof_Mueller_Stefan_Professu_Team_CG_023-1100x733.jpg 1100w\" sizes=\"auto, (max-width: 1024px) 100vw, 1024px\" \/><\/figure>\n<\/div>\n<\/div>\n","protected":false},"excerpt":{"rendered":"<p>Anschrift: Helmut-Schmidt-Universit\u00e4tUniversit\u00e4t der BundeswehrFakult\u00e4t f\u00fcr Wirtschafts- undSozialwissenschaftenHolstenhofweg 8522043 Hamburg Postfach 70 08 2222008 Hamburg Raum: H1, 2383 Telefon: +49 40 &#8211; 65 41 2509Fax: +49 40 &#8211; 65 41 3732E-Mail: [&hellip;]<\/p>\n","protected":false},"author":42,"featured_media":0,"parent":0,"menu_order":0,"comment_status":"closed","ping_status":"closed","template":"","meta":{"footnotes":""},"categories":[4],"tags":[],"class_list":["post-1417","page","type-page","status-publish","hentry","category-keine-kategorie"],"_links":{"self":[{"href":"https:\/\/www.hsu-hh.de\/abwl\/wp-json\/wp\/v2\/pages\/1417","targetHints":{"allow":["GET"]}}],"collection":[{"href":"https:\/\/www.hsu-hh.de\/abwl\/wp-json\/wp\/v2\/pages"}],"about":[{"href":"https:\/\/www.hsu-hh.de\/abwl\/wp-json\/wp\/v2\/types\/page"}],"author":[{"embeddable":true,"href":"https:\/\/www.hsu-hh.de\/abwl\/wp-json\/wp\/v2\/users\/42"}],"replies":[{"embeddable":true,"href":"https:\/\/www.hsu-hh.de\/abwl\/wp-json\/wp\/v2\/comments?post=1417"}],"version-history":[{"count":6,"href":"https:\/\/www.hsu-hh.de\/abwl\/wp-json\/wp\/v2\/pages\/1417\/revisions"}],"predecessor-version":[{"id":1868,"href":"https:\/\/www.hsu-hh.de\/abwl\/wp-json\/wp\/v2\/pages\/1417\/revisions\/1868"}],"wp:attachment":[{"href":"https:\/\/www.hsu-hh.de\/abwl\/wp-json\/wp\/v2\/media?parent=1417"}],"wp:term":[{"taxonomy":"category","embeddable":true,"href":"https:\/\/www.hsu-hh.de\/abwl\/wp-json\/wp\/v2\/categories?post=1417"},{"taxonomy":"post_tag","embeddable":true,"href":"https:\/\/www.hsu-hh.de\/abwl\/wp-json\/wp\/v2\/tags?post=1417"}],"curies":[{"name":"wp","href":"https:\/\/api.w.org\/{rel}","templated":true}]}}