{"id":1404,"date":"2023-02-28T13:07:18","date_gmt":"2023-02-28T12:07:18","guid":{"rendered":"https:\/\/www.hsu-hh.de\/abwl\/?page_id=1404"},"modified":"2024-06-18T13:52:03","modified_gmt":"2024-06-18T11:52:03","slug":"patrick-saile-m-sc","status":"publish","type":"page","link":"https:\/\/www.hsu-hh.de\/abwl\/patrick-saile-m-sc","title":{"rendered":"Patrick Saile, M.Sc."},"content":{"rendered":"\n<div class=\"wp-block-columns is-layout-flex wp-container-core-columns-is-layout-9d6595d7 wp-block-columns-is-layout-flex\">\n<div class=\"wp-block-column is-layout-flow wp-block-column-is-layout-flow\">\n<p><strong>Anschrift:<\/strong><\/p>\n\n\n\n<p>Helmut-Schmidt-Universit\u00e4t<br>Universit\u00e4t der Bundeswehr<br>Fakult\u00e4t f\u00fcr Wirtschafts- und <br>Sozialwissenschaften<br>Holstenhofweg 85<br>22043 Hamburg<\/p>\n\n\n\n<p>Postfach 70 08 22<br>22008 Hamburg<\/p>\n<\/div>\n\n\n\n<div class=\"wp-block-column is-layout-flow wp-block-column-is-layout-flow\">\n<p><strong>Raum: <\/strong>H1, 2384<\/p>\n\n\n\n<p class=\"has-text-align-left\"><strong>Telefon:<\/strong> +49 40 &#8211; 65 41 3458<br><strong>Fax:<\/strong> +49 40 &#8211; 65 41 3732<br><strong>E-Mail: <\/strong>  <br><a rel=\"noreferrer noopener\" href=\"mailto:patrick.saile@hsu-hh.de\" target=\"_blank\">patrick.saile@hsu-hh.de<\/a><\/p>\n\n\n\n<p><strong>Sekretariat: <\/strong>Katrin Hofmann<br><strong>Telefon:<\/strong> +49 40 &#8211; 65 41 3345<br><strong>E-Mail:<\/strong>   <a href=\"mailto:hofmannk@hsu-hh.de\" rel='nofollow'>hofmannk@hsu-hh.de<\/a><\/p>\n<\/div>\n\n\n\n<div class=\"wp-block-column is-layout-flow wp-block-column-is-layout-flow\">\n<figure class=\"wp-block-image size-large is-resized is-style-rounded\"><img loading=\"lazy\" decoding=\"async\" width=\"1024\" height=\"683\" src=\"https:\/\/www.hsu-hh.de\/abwl\/wp-content\/uploads\/sites\/596\/2024\/06\/20240528_HSU_Bw_Prof_Mueller_Stefan_Professu_Team_CG_017-1024x683.jpg\" data-credit=\"Gelhausen\" alt=\"Patrick Saile\" class=\"wp-image-1689\" style=\"width:320px;height:auto\" srcset=\"https:\/\/www.hsu-hh.de\/abwl\/wp-content\/uploads\/sites\/596\/2024\/06\/20240528_HSU_Bw_Prof_Mueller_Stefan_Professu_Team_CG_017-1024x683.jpg 1024w, https:\/\/www.hsu-hh.de\/abwl\/wp-content\/uploads\/sites\/596\/2024\/06\/20240528_HSU_Bw_Prof_Mueller_Stefan_Professu_Team_CG_017-300x200.jpg 300w, https:\/\/www.hsu-hh.de\/abwl\/wp-content\/uploads\/sites\/596\/2024\/06\/20240528_HSU_Bw_Prof_Mueller_Stefan_Professu_Team_CG_017-768x512.jpg 768w, https:\/\/www.hsu-hh.de\/abwl\/wp-content\/uploads\/sites\/596\/2024\/06\/20240528_HSU_Bw_Prof_Mueller_Stefan_Professu_Team_CG_017-1536x1024.jpg 1536w, https:\/\/www.hsu-hh.de\/abwl\/wp-content\/uploads\/sites\/596\/2024\/06\/20240528_HSU_Bw_Prof_Mueller_Stefan_Professu_Team_CG_017-2048x1365.jpg 2048w, https:\/\/www.hsu-hh.de\/abwl\/wp-content\/uploads\/sites\/596\/2024\/06\/20240528_HSU_Bw_Prof_Mueller_Stefan_Professu_Team_CG_017-1100x733.jpg 1100w\" sizes=\"auto, (max-width: 1024px) 100vw, 1024px\" \/><\/figure>\n<\/div>\n<\/div>\n","protected":false},"excerpt":{"rendered":"<p>Anschrift: Helmut-Schmidt-Universit\u00e4tUniversit\u00e4t der BundeswehrFakult\u00e4t f\u00fcr Wirtschafts- und SozialwissenschaftenHolstenhofweg 8522043 Hamburg Postfach 70 08 2222008 Hamburg Raum: H1, 2384 Telefon: +49 40 &#8211; 65 41 3458Fax: +49 40 &#8211; 65 41 [&hellip;]<\/p>\n","protected":false},"author":42,"featured_media":0,"parent":0,"menu_order":0,"comment_status":"closed","ping_status":"closed","template":"","meta":{"footnotes":""},"categories":[4],"tags":[],"class_list":["post-1404","page","type-page","status-publish","hentry","category-keine-kategorie"],"_links":{"self":[{"href":"https:\/\/www.hsu-hh.de\/abwl\/wp-json\/wp\/v2\/pages\/1404","targetHints":{"allow":["GET"]}}],"collection":[{"href":"https:\/\/www.hsu-hh.de\/abwl\/wp-json\/wp\/v2\/pages"}],"about":[{"href":"https:\/\/www.hsu-hh.de\/abwl\/wp-json\/wp\/v2\/types\/page"}],"author":[{"embeddable":true,"href":"https:\/\/www.hsu-hh.de\/abwl\/wp-json\/wp\/v2\/users\/42"}],"replies":[{"embeddable":true,"href":"https:\/\/www.hsu-hh.de\/abwl\/wp-json\/wp\/v2\/comments?post=1404"}],"version-history":[{"count":7,"href":"https:\/\/www.hsu-hh.de\/abwl\/wp-json\/wp\/v2\/pages\/1404\/revisions"}],"predecessor-version":[{"id":1691,"href":"https:\/\/www.hsu-hh.de\/abwl\/wp-json\/wp\/v2\/pages\/1404\/revisions\/1691"}],"wp:attachment":[{"href":"https:\/\/www.hsu-hh.de\/abwl\/wp-json\/wp\/v2\/media?parent=1404"}],"wp:term":[{"taxonomy":"category","embeddable":true,"href":"https:\/\/www.hsu-hh.de\/abwl\/wp-json\/wp\/v2\/categories?post=1404"},{"taxonomy":"post_tag","embeddable":true,"href":"https:\/\/www.hsu-hh.de\/abwl\/wp-json\/wp\/v2\/tags?post=1404"}],"curies":[{"name":"wp","href":"https:\/\/api.w.org\/{rel}","templated":true}]}}