{"id":1393,"date":"2023-02-28T10:59:53","date_gmt":"2023-02-28T09:59:53","guid":{"rendered":"https:\/\/www.hsu-hh.de\/abwl\/?page_id=1393"},"modified":"2023-03-20T10:38:18","modified_gmt":"2023-03-20T09:38:18","slug":"sean-needham-m-sc","status":"publish","type":"page","link":"https:\/\/www.hsu-hh.de\/abwl\/sean-needham-m-sc","title":{"rendered":"Sean Needham, M.Sc."},"content":{"rendered":"\n<div class=\"wp-block-columns is-layout-flex wp-container-core-columns-is-layout-9d6595d7 wp-block-columns-is-layout-flex\">\n<div class=\"wp-block-column is-layout-flow wp-block-column-is-layout-flow\">\n<p><strong>Anschrift:<\/strong><\/p>\n\n\n\n<p>Helmut-Schmidt-Universit\u00e4t<br>Universit\u00e4t der Bundeswehr<br>Fakult\u00e4t f\u00fcr Wirtschafts- und <br>Sozialwissenschaften<br>Holstenhofweg 85<br>22043 Hamburg<\/p>\n\n\n\n<p>Postfach 70 08 22<br>22008 Hamburg<\/p>\n<\/div>\n\n\n\n<div class=\"wp-block-column is-layout-flow wp-block-column-is-layout-flow\">\n<p><strong>Raum: <\/strong>H1, 2383<\/p>\n\n\n\n<p><strong>Telefon:<\/strong> +49 40 &#8211; 65 41 36 60<br><strong>Fax:      <\/strong> +49 40 &#8211; 65 41 37 32<br><strong>E-Mail:<\/strong>   <br><a rel=\"noreferrer noopener\" href=\"mailto:needhams@hsu-hh.de\" target=\"_blank\">needhams@hsu-hh.de<\/a><\/p>\n\n\n\n<p><strong>Sekretariat:<\/strong> Katrin Hofmann<br><strong>Telefon: <\/strong>+49 40 &#8211; 65 41 33 45<br><strong>E-Mail:<\/strong>   <a rel=\"noreferrer noopener\" href=\"mailto:hofmannk@hsu-hh.de\" target=\"_blank\">hofmannk@hsu-hh.de<\/a><\/p>\n<\/div>\n\n\n\n<div class=\"wp-block-column is-layout-flow wp-block-column-is-layout-flow\"><div class=\"wp-block-image is-style-rounded\">\n<figure class=\"aligncenter size-medium\"><img loading=\"lazy\" decoding=\"async\" width=\"227\" height=\"300\" src=\"https:\/\/www.hsu-hh.de\/abwl\/wp-content\/uploads\/sites\/596\/2017\/12\/Foto-Sean-Needham-227x300.jpg\" data-credit=\"Schr\u00f6der\" alt=\"Sean Needham\" class=\"wp-image-758\" srcset=\"https:\/\/www.hsu-hh.de\/abwl\/wp-content\/uploads\/sites\/596\/2017\/12\/Foto-Sean-Needham-227x300.jpg 227w, https:\/\/www.hsu-hh.de\/abwl\/wp-content\/uploads\/sites\/596\/2017\/12\/Foto-Sean-Needham-768x1016.jpg 768w, https:\/\/www.hsu-hh.de\/abwl\/wp-content\/uploads\/sites\/596\/2017\/12\/Foto-Sean-Needham-774x1024.jpg 774w, https:\/\/www.hsu-hh.de\/abwl\/wp-content\/uploads\/sites\/596\/2017\/12\/Foto-Sean-Needham.jpg 1433w\" sizes=\"auto, (max-width: 227px) 100vw, 227px\" \/><\/figure>\n<\/div><\/div>\n<\/div>\n\n\n<p><\/p>\n<p><a href=\"https:\/\/www.hsu-hh.de\/abwl\/wp-content\/uploads\/sites\/596\/2023\/02\/Publikationen-Sean-Needham_Stand-23022023.pdf\">Publikationen Sean Needham<\/a><\/p>\n\n\n<p><\/p>\n","protected":false},"excerpt":{"rendered":"<p>Anschrift: Helmut-Schmidt-Universit\u00e4tUniversit\u00e4t der BundeswehrFakult\u00e4t f\u00fcr Wirtschafts- und SozialwissenschaftenHolstenhofweg 8522043 Hamburg Postfach 70 08 2222008 Hamburg Raum: H1, 2383 Telefon: +49 40 &#8211; 65 41 36 60Fax: +49 40 &#8211; 65 [&hellip;]<\/p>\n","protected":false},"author":42,"featured_media":0,"parent":0,"menu_order":0,"comment_status":"closed","ping_status":"closed","template":"","meta":{"footnotes":""},"categories":[4],"tags":[],"class_list":["post-1393","page","type-page","status-publish","hentry","category-keine-kategorie"],"_links":{"self":[{"href":"https:\/\/www.hsu-hh.de\/abwl\/wp-json\/wp\/v2\/pages\/1393","targetHints":{"allow":["GET"]}}],"collection":[{"href":"https:\/\/www.hsu-hh.de\/abwl\/wp-json\/wp\/v2\/pages"}],"about":[{"href":"https:\/\/www.hsu-hh.de\/abwl\/wp-json\/wp\/v2\/types\/page"}],"author":[{"embeddable":true,"href":"https:\/\/www.hsu-hh.de\/abwl\/wp-json\/wp\/v2\/users\/42"}],"replies":[{"embeddable":true,"href":"https:\/\/www.hsu-hh.de\/abwl\/wp-json\/wp\/v2\/comments?post=1393"}],"version-history":[{"count":11,"href":"https:\/\/www.hsu-hh.de\/abwl\/wp-json\/wp\/v2\/pages\/1393\/revisions"}],"predecessor-version":[{"id":1447,"href":"https:\/\/www.hsu-hh.de\/abwl\/wp-json\/wp\/v2\/pages\/1393\/revisions\/1447"}],"wp:attachment":[{"href":"https:\/\/www.hsu-hh.de\/abwl\/wp-json\/wp\/v2\/media?parent=1393"}],"wp:term":[{"taxonomy":"category","embeddable":true,"href":"https:\/\/www.hsu-hh.de\/abwl\/wp-json\/wp\/v2\/categories?post=1393"},{"taxonomy":"post_tag","embeddable":true,"href":"https:\/\/www.hsu-hh.de\/abwl\/wp-json\/wp\/v2\/tags?post=1393"}],"curies":[{"name":"wp","href":"https:\/\/api.w.org\/{rel}","templated":true}]}}