{"id":1368,"date":"2023-02-28T10:57:51","date_gmt":"2023-02-28T09:57:51","guid":{"rendered":"https:\/\/www.hsu-hh.de\/abwl\/?page_id=1368"},"modified":"2026-04-14T16:38:41","modified_gmt":"2026-04-14T14:38:41","slug":"univ-prof-dr-stefan-mueller","status":"publish","type":"page","link":"https:\/\/www.hsu-hh.de\/abwl\/univ-prof-dr-stefan-mueller","title":{"rendered":"Univ.-Prof. Dr. Stefan M\u00fcller"},"content":{"rendered":"\n<div class=\"wp-block-columns is-layout-flex wp-container-core-columns-is-layout-9d6595d7 wp-block-columns-is-layout-flex\">\n<div class=\"wp-block-column is-layout-flow wp-block-column-is-layout-flow\">\n<p><strong>Anschrift:<\/strong><br>Helmut-Schmidt-Universit\u00e4t<br>Universit\u00e4t der Bundeswehr<br>Fakult\u00e4t f\u00fcr Wirtschafts- und<br>Sozialwissenschaften<br>Holstenhofweg 85<br>22043 Hamburg<\/p>\n\n\n\n<p>Postfach 70 08 22<br>22008 Hamburg<\/p>\n<\/div>\n\n\n\n<div class=\"wp-block-column is-layout-flow wp-block-column-is-layout-flow\">\n<p><strong>Raum:<\/strong> H1, 2385<\/p>\n\n\n\n<p><strong>Telefon: <\/strong>+49 40 &#8211; 65 41 2968<br><strong>Fax:<\/strong>        +49 40 &#8211; 65 41 3732<br><strong>E-Mail: <\/strong><a href=\"mailto:smueller@hsu-hh.de\" target=\"_blank\" rel=\"noreferrer noopener\">smueller@hsu-hh.de<\/a><\/p>\n\n\n\n<p><\/p>\n\n\n\n<p><\/p>\n<\/div>\n\n\n\n<div class=\"wp-block-column is-layout-flow wp-block-column-is-layout-flow\">\n<figure class=\"wp-block-image size-large is-resized is-style-rounded\"><img loading=\"lazy\" decoding=\"async\" width=\"1024\" height=\"683\" src=\"https:\/\/www.hsu-hh.de\/abwl\/wp-content\/uploads\/sites\/596\/2024\/06\/20240528_HSU_Bw_Prof_Mueller_Stefan_Professu_Team_CG_003-1024x683.jpg\" data-credit=\"Gelhausen\" alt=\"Stefan M\u00fcller\" class=\"wp-image-1695\" style=\"width:309px;height:auto\" srcset=\"https:\/\/www.hsu-hh.de\/abwl\/wp-content\/uploads\/sites\/596\/2024\/06\/20240528_HSU_Bw_Prof_Mueller_Stefan_Professu_Team_CG_003-1024x683.jpg 1024w, https:\/\/www.hsu-hh.de\/abwl\/wp-content\/uploads\/sites\/596\/2024\/06\/20240528_HSU_Bw_Prof_Mueller_Stefan_Professu_Team_CG_003-300x200.jpg 300w, https:\/\/www.hsu-hh.de\/abwl\/wp-content\/uploads\/sites\/596\/2024\/06\/20240528_HSU_Bw_Prof_Mueller_Stefan_Professu_Team_CG_003-768x512.jpg 768w, https:\/\/www.hsu-hh.de\/abwl\/wp-content\/uploads\/sites\/596\/2024\/06\/20240528_HSU_Bw_Prof_Mueller_Stefan_Professu_Team_CG_003-1536x1024.jpg 1536w, https:\/\/www.hsu-hh.de\/abwl\/wp-content\/uploads\/sites\/596\/2024\/06\/20240528_HSU_Bw_Prof_Mueller_Stefan_Professu_Team_CG_003-2048x1365.jpg 2048w, https:\/\/www.hsu-hh.de\/abwl\/wp-content\/uploads\/sites\/596\/2024\/06\/20240528_HSU_Bw_Prof_Mueller_Stefan_Professu_Team_CG_003-1100x733.jpg 1100w\" sizes=\"auto, (max-width: 1024px) 100vw, 1024px\" \/><\/figure>\n<\/div>\n<\/div>\n\n\n\n<p>Sprechstundentermine: Die Sprechstunden von Herrn <abbr title=\"Professor\">Prof.<\/abbr> <abbr title=\"Doktor\">Dr.<\/abbr> M\u00fcller finden aktuell nach Vereinbarung statt. Bitte melden Sie sich im Vorfeld per Mail&nbsp;an.<\/p>\n\n\n\n<p><\/p>\n\n\n\n<p><strong>Forschungsschwerpunkte<\/strong><\/p>\n\n\n\n<ul class=\"wp-block-list\">\n<li>Management Accounting und Konvergenz von internem und externem Rechnungswesen<\/li>\n\n\n\n<li>Konzerncontrolling<\/li>\n\n\n\n<li>Internationalisierung der Rechnungslegung sowie<\/li>\n\n\n\n<li>Jahresabschlussanalyse<\/li>\n<\/ul>\n\n\n\n<p><\/p>\n\n\n<p>Publikationen Stefan M\u00fcller<a href=\"https:\/\/www.hsu-hh.de\/abwl\/wp-content\/uploads\/sites\/596\/2026\/04\/Publikationen-gesamt_Stand-2026_04_12.pdf\" data-wplink-edit=\"true\">https:\/\/www.hsu-hh.de\/abwl\/wp-content\/uploads\/sites\/596\/2026\/04\/Publikationen-gesamt_Stand-2026_04_12.pdf<\/a><\/p>\n\n\n<p><\/p>\n","protected":false},"excerpt":{"rendered":"<p>Anschrift:Helmut-Schmidt-Universit\u00e4tUniversit\u00e4t der BundeswehrFakult\u00e4t f\u00fcr Wirtschafts- undSozialwissenschaftenHolstenhofweg 8522043 Hamburg Postfach 70 08 2222008 Hamburg Raum: H1, 2385 Telefon: +49 40 &#8211; 65 41 2968Fax: +49 40 &#8211; 65 41 3732E-Mail: smueller@hsu-hh.de [&hellip;]<\/p>\n","protected":false},"author":42,"featured_media":0,"parent":0,"menu_order":0,"comment_status":"closed","ping_status":"closed","template":"","meta":{"footnotes":""},"categories":[4],"tags":[],"class_list":["post-1368","page","type-page","status-publish","hentry","category-keine-kategorie"],"_links":{"self":[{"href":"https:\/\/www.hsu-hh.de\/abwl\/wp-json\/wp\/v2\/pages\/1368","targetHints":{"allow":["GET"]}}],"collection":[{"href":"https:\/\/www.hsu-hh.de\/abwl\/wp-json\/wp\/v2\/pages"}],"about":[{"href":"https:\/\/www.hsu-hh.de\/abwl\/wp-json\/wp\/v2\/types\/page"}],"author":[{"embeddable":true,"href":"https:\/\/www.hsu-hh.de\/abwl\/wp-json\/wp\/v2\/users\/42"}],"replies":[{"embeddable":true,"href":"https:\/\/www.hsu-hh.de\/abwl\/wp-json\/wp\/v2\/comments?post=1368"}],"version-history":[{"count":35,"href":"https:\/\/www.hsu-hh.de\/abwl\/wp-json\/wp\/v2\/pages\/1368\/revisions"}],"predecessor-version":[{"id":1918,"href":"https:\/\/www.hsu-hh.de\/abwl\/wp-json\/wp\/v2\/pages\/1368\/revisions\/1918"}],"wp:attachment":[{"href":"https:\/\/www.hsu-hh.de\/abwl\/wp-json\/wp\/v2\/media?parent=1368"}],"wp:term":[{"taxonomy":"category","embeddable":true,"href":"https:\/\/www.hsu-hh.de\/abwl\/wp-json\/wp\/v2\/categories?post=1368"},{"taxonomy":"post_tag","embeddable":true,"href":"https:\/\/www.hsu-hh.de\/abwl\/wp-json\/wp\/v2\/tags?post=1368"}],"curies":[{"name":"wp","href":"https:\/\/api.w.org\/{rel}","templated":true}]}}