{"id":135,"date":"2017-09-01T12:09:19","date_gmt":"2017-09-01T10:09:19","guid":{"rendered":"https:\/\/www.hsu-hh.de\/abwl\/?page_id=135"},"modified":"2023-09-11T16:28:05","modified_gmt":"2023-09-11T14:28:05","slug":"links","status":"publish","type":"page","link":"https:\/\/www.hsu-hh.de\/abwl\/links","title":{"rendered":"Links"},"content":{"rendered":"<h3>\n&#8222;Rechnungslegung&#8220;<\/h3>\n<p>AICPA &#8211; American Institute of Chartered Public Accountants<br \/>\n<a href=\"http:\/\/www.aicpa.org\/Pages\/default.aspx\" rel='nofollow'>http:\/\/www.aicpa.org\/Pages\/default.aspx<\/a><\/p>\n<p>DRSC &#8211; Deutsches Rechnungslegungs Standards Comittee<br \/>\n<a href=\"https:\/\/www.drsc.de\/\" rel='nofollow'>https:\/\/www.drsc.de\/<\/a><\/p>\n<p>Europ\u00e4ische Union<br \/>\nNachrichten und Informationen der EU zum Thema Rechnungslegung<br \/>\n<a href=\"https:\/\/europa.eu\/european-union\/index_de\" rel='nofollow'>https:\/\/europa.eu\/european-union\/index_de<\/a><\/p>\n<p>FASB &#8211; Financial Accounting Standards Board<br \/>\n<a href=\"http:\/\/www.fasb.org\/home\" rel='nofollow'>http:\/\/www.fasb.org\/home<\/a><\/p>\n<p>IASB &#8211; International Accounting Standards Board<br \/>\n<a href=\"http:\/\/www.ifrs.org\/\" rel='nofollow'>http:\/\/www.ifrs.org\/<\/a><\/p>\n<p>IDW &#8211; Institut der Wirtschaftspr\u00fcfer<br \/>\n<a href=\"https:\/\/www.idw.de\/idw\" rel='nofollow'>https:\/\/www.idw.de\/idw<\/a><\/p>\n<p>SEC (U.S. Securities and Exchange Comission)<br \/>\n<a href=\"https:\/\/www.sec.gov\/\" rel='nofollow'>https:\/\/www.sec.gov\/<\/a><\/p>\n<p>Alle deutsche Gesetze<br \/>\n<a href=\"http:\/\/www.gesetze-im-internet.de\/\" rel='nofollow'>http:\/\/www.gesetze-im-internet.de\/<\/a><\/p>\n<h3>\n&#8222;Literaturrecherche&#8220;<\/h3>\n<p>DZB &#8211; Deutsche Zeitschriftendatenbank<br \/>\n<a href=\"http:\/\/zdb-opac.de\/\" rel='nofollow'>http:\/\/zdb-opac.de\/<\/a><\/p>\n<p>GBV &#8211; Gemeinsamer Verbundkatalog<br \/>\nVerbund der norddeutschen Bibliotheken<br \/>\n<a href=\"https:\/\/www.gbv.de\/front-page\" rel='nofollow'>https:\/\/www.gbv.de\/front-page<\/a><\/p>\n<p>Hochschulbibliothekszentrum des Landes Nordrhein-Westfalen<br \/>\n<a href=\"https:\/\/www.hbz-nrw.de\/\" rel='nofollow'>https:\/\/www.hbz-nrw.de\/<\/a><\/p>\n<p>weltweite und staatenspezifische Literatursuche<br \/>\n<a href=\"https:\/\/www.hbz-nrw.de\/\" rel='nofollow'>https:\/\/www.hbz-nrw.de\/<\/a><\/p>\n<p>Infoball<br \/>\nPortal f\u00fcr Fachinformationen<br \/>\n<a href=\"https:\/\/www.buchmarkt.de\/archiv\/infoball-und-lsl-de-vereinbaren-zusammenarbeit\/\" rel='nofollow'>https:\/\/www.buchmarkt.de\/archiv\/infoball-und-lsl-de-vereinbaren-zusammenarbeit\/<\/a><\/p>\n<p>Jason<br \/>\nSuche nach Zeitschriftentiteln<br \/>\n<a href=\"https:\/\/www.ub.uni-bielefeld.de\" rel='nofollow'>https:\/\/www.ub.uni-bielefeld.de<\/a><\/p>\n<p>Karlsruher virtueller Katalog<br \/>\nSuche in vielen Universit\u00e4tsbibliotheken in Deutschland<br \/>\n<a href=\"https:\/\/kvk.bibliothek.kit.edu\/?digitalOnly=0&amp;embedFulltitle=0&amp;newTab=0\" rel='nofollow'>https:\/\/kvk.bibliothek.kit.edu\/?digitalOnly=0&amp;embedFulltitle=0&amp;newTab=0<\/a><\/p>\n<p>Kuselit<br \/>\nZeitschriftenrecherche<br \/>\n<a href=\"http:\/\/www.kuselit.de\/cms\/index.php\" rel='nofollow'>http:\/\/www.kuselit.de\/cms\/index.php<\/a><\/p>\n<p>Paperball<br \/>\nSuchmaschine f\u00fcr Zeitungen<br \/>\n<a href=\"https:\/\/paperball.news\/\" rel='nofollow'>https:\/\/paperball.news\/<\/a><\/p>\n<p>Subito<br \/>\nLieferdienst der deutschen Bibliotheken<br \/>\n<a href=\"https:\/\/www.subito-doc.de\/\" rel='nofollow'>https:\/\/www.subito-doc.de\/<\/a><\/p>\n<p>University of California<br \/>\nweltweite Literatursuche<br \/>\n<a href=\"http:\/\/www.lib.berkeley.edu\/\" rel='nofollow'>http:\/\/www.lib.berkeley.edu\/<\/a><\/p>\n<p>WISO I-III<br \/>\nSuchmaschine f\u00fcr Zeitschriften, Artikel und B\u00fccher (nur \u00fcber das Campusnetz verf\u00fcgbar)<br \/>\n<a href=\"https:\/\/www.wiso-net.de\" rel='nofollow'>https:\/\/www.wiso-net.de<\/a><\/p>\n<h3>\n&#8222;Betriebswirtschaftslehre&#8220;<\/h3>\n<p><strong>Bundesverband der Volks- und Betriebswirte<\/strong><br \/>\n<a href=\"https:\/\/www.bdvb.de\/de\/\" rel='nofollow'>https:\/\/www.bdvb.de\/de\/<\/a><\/p>\n<p><strong>ControllingWiki<\/strong><br \/>\nDas ControllingWiki des ICV bietet Controllern und Controlling\u2013Interessierten eine offene und lebendige Controlling-Wissensplattform mit ICV-gepr\u00fcften Inhalten<br \/>\n<a href=\"https:\/\/www.controlling-wiki.com\/de\/index.php\/Kategorie:Fachbeirat\" rel='nofollow'>https:\/\/www.controlling-wiki.com\/de\/index.php\/Kategorie:Fachbeirat<\/a><\/p>\n<p><strong>Das Wirtschaftsstudium<\/strong><br \/>\nZeitschrift f\u00fcr Studenten der Wirtschaftswissenschaften<br \/>\n<a href=\"http:\/\/www.wisu.de\/\" rel='nofollow'>http:\/\/www.wisu.de\/<\/a><\/p>\n<p><strong>Der Betrieb<\/strong><br \/>\nFachzeitschrift f\u00fcr Betriebswirtschaft, Steuerrecht, Wirtschaftsrecht und Arbeitsrecht<br \/>\n<a href=\"https:\/\/www.der-betrieb.de\/\" rel='nofollow'>https:\/\/www.der-betrieb.de\/<\/a><\/p>\n<p><strong>NWB Verlag Neue Wirtschaftsbriefe<\/strong><br \/>\naktuelle Informationen zu verschiedenen betriebswirtschaftlichen Themen<br \/>\n<a href=\"https:\/\/www.nwb.de\/\" rel='nofollow'>https:\/\/www.nwb.de\/<\/a><\/p>\n<p><strong>Schmalenbach-Gesellschaft f\u00fcr Betriebswirtschaft e.V.<\/strong><br \/>\nF\u00f6rderung des Dialogs zwischen betriebswirtschaftlicher Forschung, Lehre und Praxis<br \/>\n<a href=\"https:\/\/www.schmalenbach.org\/\" rel='nofollow'>https:\/\/www.schmalenbach.org\/<\/a><\/p>\n<p><strong>Links zu wirtschaftswissenschaftlichen Fakult\u00e4ten in Deutschland, \u00d6sterreich und der Schweiz<\/strong><br \/>\n<a href=\"http:\/\/www.bwl-vwl.de\/index1.htm\" rel='nofollow'>http:\/\/www.bwl-vwl.de\/index1.htm<\/a><\/p>\n<h3>\n&#8222;Steuern&#8220;<\/h3>\n<p><strong>BfF &#8211; Bundesamt f\u00fcr Finanzen<\/strong><br \/>\n<a href=\"http:\/\/www.bzst.de\/DE\/Home\/home_node.html\" rel='nofollow'>http:\/\/www.bzst.de\/DE\/Home\/home_node.html<\/a><\/p>\n<p><strong>Bundesministerium der Finanzen<\/strong><br \/>\n<a href=\"http:\/\/www.bundesfinanzministerium.de\/Web\/DE\/Home\/home.html\" rel='nofollow'>http:\/\/www.bundesfinanzministerium.de\/Web\/DE\/Home\/home.html<\/a><\/p>\n<p><strong>Deutscher Bundestag<\/strong><br \/>\nDatenbank f\u00fcr Bundestags-Drucksachen und Bundestags-Plenarprotokolle im Volltext<br \/>\n<a href=\"http:\/\/dip.bundestag.de\/\" rel='nofollow'>http:\/\/dip.bundestag.de<\/a><\/p>\n<p><strong>DStR &#8211; Deutsches Steuerrecht (Verlag C.H. Beck)<\/strong><br \/>\n<a href=\"http:\/\/rsw.beck.de\/cms\/main?site=dstr\" rel='nofollow'>http:\/\/rsw.beck.de\/cms\/main?site=dstr<\/a><br \/>\nauch Volltext unter\u00a0<a href=\"https:\/\/www.digibib.net\/Digibib\" rel='nofollow'>https:\/\/www.digibib.net\/Digibib\u00a0<\/a> (nur \u00fcber das Campusnetz)<\/p>\n<p><strong>DIHK &#8211; Deutscher Industrie- und Handelskammertag<\/strong><br \/>\n<strong>IHK &#8211; Industrie- und Handelskammer<\/strong><br \/>\n<a href=\"https:\/\/www.ihk.de\/\" rel='nofollow'>https:\/\/www.ihk.de\/<\/a><\/p>\n<p><strong>OECD &#8211; Organisation for economic co-operation and development<\/strong><br \/>\n<a href=\"http:\/\/www.oecd.org\/\" rel='nofollow'>http:\/\/www.oecd.org\/<\/a><\/p>\n<p><strong>Taxsites &#8211; Internationale Links zum Thema Steuern und Rechnungslegung<\/strong><br \/>\n<a href=\"http:\/\/www.taxsites.com\/\" rel='nofollow'>http:\/\/www.taxsites.com\/<\/a><\/p>\n<hr \/>\n<div id=\"category_content_9SFNoJo6\" class=\"hsu_category archive-page\"><\/div>\n","protected":false},"excerpt":{"rendered":"<p>&#8222;Rechnungslegung&#8220; AICPA &#8211; American Institute of Chartered Public Accountants http:\/\/www.aicpa.org\/Pages\/default.aspx DRSC &#8211; Deutsches Rechnungslegungs Standards Comittee https:\/\/www.drsc.de\/ Europ\u00e4ische Union Nachrichten und Informationen der EU zum Thema Rechnungslegung https:\/\/europa.eu\/european-union\/index_de FASB &#8211; [&hellip;]<\/p>\n","protected":false},"author":44,"featured_media":584,"parent":0,"menu_order":5,"comment_status":"closed","ping_status":"closed","template":"","meta":{"footnotes":""},"categories":[29],"tags":[],"class_list":["post-135","page","type-page","status-publish","has-post-thumbnail","hentry","category-slider"],"_links":{"self":[{"href":"https:\/\/www.hsu-hh.de\/abwl\/wp-json\/wp\/v2\/pages\/135","targetHints":{"allow":["GET"]}}],"collection":[{"href":"https:\/\/www.hsu-hh.de\/abwl\/wp-json\/wp\/v2\/pages"}],"about":[{"href":"https:\/\/www.hsu-hh.de\/abwl\/wp-json\/wp\/v2\/types\/page"}],"author":[{"embeddable":true,"href":"https:\/\/www.hsu-hh.de\/abwl\/wp-json\/wp\/v2\/users\/44"}],"replies":[{"embeddable":true,"href":"https:\/\/www.hsu-hh.de\/abwl\/wp-json\/wp\/v2\/comments?post=135"}],"version-history":[{"count":14,"href":"https:\/\/www.hsu-hh.de\/abwl\/wp-json\/wp\/v2\/pages\/135\/revisions"}],"predecessor-version":[{"id":1585,"href":"https:\/\/www.hsu-hh.de\/abwl\/wp-json\/wp\/v2\/pages\/135\/revisions\/1585"}],"wp:featuredmedia":[{"embeddable":true,"href":"https:\/\/www.hsu-hh.de\/abwl\/wp-json\/wp\/v2\/media\/584"}],"wp:attachment":[{"href":"https:\/\/www.hsu-hh.de\/abwl\/wp-json\/wp\/v2\/media?parent=135"}],"wp:term":[{"taxonomy":"category","embeddable":true,"href":"https:\/\/www.hsu-hh.de\/abwl\/wp-json\/wp\/v2\/categories?post=135"},{"taxonomy":"post_tag","embeddable":true,"href":"https:\/\/www.hsu-hh.de\/abwl\/wp-json\/wp\/v2\/tags?post=135"}],"curies":[{"name":"wp","href":"https:\/\/api.w.org\/{rel}","templated":true}]}}